{"id":8120,"date":"2024-11-04T09:54:24","date_gmt":"2024-11-04T08:54:24","guid":{"rendered":"https:\/\/wolt.demonstrer.es\/cz\/?post_type=product&#038;p=8120"},"modified":"2025-10-23T12:54:48","modified_gmt":"2025-10-23T10:54:48","slug":"papirovy-kelimek-280-ml","status":"publish","type":"product","link":"https:\/\/wolt.demonstrer.es\/cz\/term\u00e9k\/papirovy-kelimek-280-ml\/","title":{"rendered":"Pap\u00edrov\u00fd kel\u00edmek 280 ml"},"content":{"rendered":"","protected":false},"excerpt":{"rendered":"<p>1000 ks | 80 \u00d8<\/p>\n<p>Cena za kus 1,22 K\u010d bez DPH<\/p>\n","protected":false},"featured_media":8343,"template":"","meta":{"_acf_changed":false,"_uag_custom_page_level_css":"","_editorskit_title_hidden":false,"_editorskit_reading_time":0,"_editorskit_is_block_options_detached":false,"_editorskit_block_options_position":"{}","site-sidebar-layout":"default","site-content-layout":"","ast-site-content-layout":"default","site-content-style":"default","site-sidebar-style":"default","ast-global-header-display":"","ast-banner-title-visibility":"","ast-main-header-display":"","ast-hfb-above-header-display":"","ast-hfb-below-header-display":"","ast-hfb-mobile-header-display":"","site-post-title":"","ast-breadcrumbs-content":"","ast-featured-img":"","footer-sml-layout":"","theme-transparent-header-meta":"default","adv-header-id-meta":"","stick-header-meta":"","header-above-stick-meta":"","header-main-stick-meta":"","header-below-stick-meta":"","astra-migrate-meta-layouts":"set","ast-page-background-enabled":"default","ast-page-background-meta":{"desktop":{"background-color":"var(--ast-global-color-4)","background-image":"","background-repeat":"repeat","background-position":"center center","background-size":"auto","background-attachment":"scroll","background-type":"","background-media":"","overlay-type":"","overlay-color":"","overlay-opacity":"","overlay-gradient":""},"tablet":{"background-color":"","background-image":"","background-repeat":"repeat","background-position":"center center","background-size":"auto","background-attachment":"scroll","background-type":"","background-media":"","overlay-type":"","overlay-color":"","overlay-opacity":"","overlay-gradient":""},"mobile":{"background-color":"","background-image":"","background-repeat":"repeat","background-position":"center center","background-size":"auto","background-attachment":"scroll","background-type":"","background-media":"","overlay-type":"","overlay-color":"","overlay-opacity":"","overlay-gradient":""}},"ast-content-background-meta":{"desktop":{"background-color":"var(--ast-global-color-5)","background-image":"","background-repeat":"repeat","background-position":"center center","background-size":"auto","background-attachment":"scroll","background-type":"","background-media":"","overlay-type":"","overlay-color":"","overlay-opacity":"","overlay-gradient":""},"tablet":{"background-color":"var(--ast-global-color-5)","background-image":"","background-repeat":"repeat","background-position":"center center","background-size":"auto","background-attachment":"scroll","background-type":"","background-media":"","overlay-type":"","overlay-color":"","overlay-opacity":"","overlay-gradient":""},"mobile":{"background-color":"var(--ast-global-color-5)","background-image":"","background-repeat":"repeat","background-position":"center center","background-size":"auto","background-attachment":"scroll","background-type":"","background-media":"","overlay-type":"","overlay-color":"","overlay-opacity":"","overlay-gradient":""}}},"product_brand":[],"product_cat":[921,925],"product_tag":[],"class_list":{"0":"post-8120","1":"product","2":"type-product","3":"status-publish","4":"has-post-thumbnail","6":"product_cat-cups","7":"product_cat-package","8":"pa_amount-194","9":"pa_color-hneda","10":"pa_diameter-80-o","11":"pa_material-papir","12":"pa_volume-280-ml","13":"desktop-align-left","14":"tablet-align-left","15":"mobile-align-left","16":"ast-product-gallery-layout-horizontal-slider","17":"ast-product-gallery-with-no-image","18":"ast-product-tabs-layout-accordion","20":"first","21":"instock","22":"taxable","23":"shipping-taxable","24":"purchasable","25":"product-type-simple"},"bundled_by":[],"bundle_stock_status":"instock","bundle_stock_quantity":null,"bundle_virtual":false,"bundle_layout":"","bundle_add_to_cart_form_location":"","bundle_editable_in_cart":false,"bundle_sold_individually_context":"","bundle_item_grouping":"","bundle_min_size":"","bundle_max_size":"","bundle_price":[],"bundled_items":[],"bundle_sell_ids":[],"acf":[],"uagb_featured_image_src":{"full":["https:\/\/wolt.demonstrer.es\/cz\/wp-content\/uploads\/sites\/29\/2024\/11\/2765.jpg",1500,1500,false],"thumbnail":["https:\/\/wolt.demonstrer.es\/cz\/wp-content\/uploads\/sites\/29\/2024\/11\/2765-157x157.jpg",157,157,true],"medium":["https:\/\/wolt.demonstrer.es\/cz\/wp-content\/uploads\/sites\/29\/2024\/11\/2765-300x300.jpg",300,300,true],"medium_large":["https:\/\/wolt.demonstrer.es\/cz\/wp-content\/uploads\/sites\/29\/2024\/11\/2765-768x768.jpg",768,768,true],"large":["https:\/\/wolt.demonstrer.es\/cz\/wp-content\/uploads\/sites\/29\/2024\/11\/2765-1024x1024.jpg",1024,1024,true],"1536x1536":["https:\/\/wolt.demonstrer.es\/cz\/wp-content\/uploads\/sites\/29\/2024\/11\/2765.jpg",1500,1500,false],"2048x2048":["https:\/\/wolt.demonstrer.es\/cz\/wp-content\/uploads\/sites\/29\/2024\/11\/2765.jpg",1500,1500,false],"post-thumbnail":["https:\/\/wolt.demonstrer.es\/cz\/wp-content\/uploads\/sites\/29\/2024\/11\/2765-480x360.jpg",480,360,true],"gform-image-choice-sm":["https:\/\/wolt.demonstrer.es\/cz\/wp-content\/uploads\/sites\/29\/2024\/11\/2765.jpg",300,300,false],"gform-image-choice-md":["https:\/\/wolt.demonstrer.es\/cz\/wp-content\/uploads\/sites\/29\/2024\/11\/2765.jpg",400,400,false],"gform-image-choice-lg":["https:\/\/wolt.demonstrer.es\/cz\/wp-content\/uploads\/sites\/29\/2024\/11\/2765.jpg",600,600,false],"woocommerce_thumbnail":["https:\/\/wolt.demonstrer.es\/cz\/wp-content\/uploads\/sites\/29\/2024\/11\/2765-300x300.jpg",300,300,true],"woocommerce_single":["https:\/\/wolt.demonstrer.es\/cz\/wp-content\/uploads\/sites\/29\/2024\/11\/2765-600x600.jpg",600,600,true],"woocommerce_gallery_thumbnail":["https:\/\/wolt.demonstrer.es\/cz\/wp-content\/uploads\/sites\/29\/2024\/11\/2765-250x250.jpg",250,250,true],"dgwt-wcas-product-suggestion":["https:\/\/wolt.demonstrer.es\/cz\/wp-content\/uploads\/sites\/29\/2024\/11\/2765-64x64.jpg",64,64,true]},"uagb_author_info":{"display_name":"gabrielkana","author_link":"https:\/\/wolt.demonstrer.es\/cz\/author\/"},"uagb_comment_info":0,"uagb_excerpt":"1000 ks | 80 \u00d8 Cena za kus 1,22 K\u010d bez DPH","_links":{"self":[{"href":"https:\/\/wolt.demonstrer.es\/cz\/wp-json\/wp\/v2\/product\/8120","targetHints":{"allow":["GET"]}}],"collection":[{"href":"https:\/\/wolt.demonstrer.es\/cz\/wp-json\/wp\/v2\/product"}],"about":[{"href":"https:\/\/wolt.demonstrer.es\/cz\/wp-json\/wp\/v2\/types\/product"}],"wp:featuredmedia":[{"embeddable":true,"href":"https:\/\/wolt.demonstrer.es\/cz\/wp-json\/wp\/v2\/media\/8343"}],"wp:attachment":[{"href":"https:\/\/wolt.demonstrer.es\/cz\/wp-json\/wp\/v2\/media?parent=8120"}],"wp:term":[{"taxonomy":"product_brand","embeddable":true,"href":"https:\/\/wolt.demonstrer.es\/cz\/wp-json\/wp\/v2\/product_brand?post=8120"},{"taxonomy":"product_cat","embeddable":true,"href":"https:\/\/wolt.demonstrer.es\/cz\/wp-json\/wp\/v2\/product_cat?post=8120"},{"taxonomy":"product_tag","embeddable":true,"href":"https:\/\/wolt.demonstrer.es\/cz\/wp-json\/wp\/v2\/product_tag?post=8120"}],"curies":[{"name":"wp","href":"https:\/\/api.w.org\/{rel}","templated":true}]}}