{"id":1439,"date":"2023-03-14T13:52:01","date_gmt":"2023-03-14T12:52:01","guid":{"rendered":"https:\/\/wolt.demonstrer.es\/dk\/?page_id=1439"},"modified":"2023-05-24T15:36:43","modified_gmt":"2023-05-24T13:36:43","slug":"sustainable-packaging","status":"publish","type":"page","link":"https:\/\/wolt.demonstrer.es\/dk\/sustainable-packaging\/","title":{"rendered":"Sustainable Packaging"},"content":{"rendered":"\n<div style=\"height:15px\" aria-hidden=\"true\" class=\"wp-block-spacer\"><\/div>\n\n\n\n<h2 class=\"wp-block-heading has-text-align-center\">B\u00e6redygtig emballage<\/h2>\n\n\n\n<p>Hos Wolt har vores mission altid v\u00e6ret at g\u00f8re byer til bedre steder at leve, og det betyder at vi g\u00f8r en indsats for at reducere affald, hvor det er muligt.<\/p>\n\n\n\n<p>I dag bliver engangs-emballage brugt i st\u00f8rstedelen af vores ordrer, og det betyder, at vi har meget g\u00f8re for at leve op til vores l\u00f8fte. Vi arbejder derfor p\u00e5 at indf\u00f8re og st\u00f8tte genanvendelige emballagel\u00f8sninger, hvor det er muligt. Men selv n\u00e5r disse l\u00f8sninger n\u00e5r en stor skala, vil der altid v\u00e6re behov for at bruge en vis m\u00e6ngde engangs-emballage.<\/p>\n\n\n\n<p>Vi erkender gerne, at vores l\u00f8sning ikke er perfekt, og hvis vi havde en tryllestav, ville vi nok slet ikke bruge nogen emballage overhovedet. Men at spise pad-thai med fingrene er heller ikke s\u00e6rlig realistisk. B\u00e6redygtig emballage er en afg\u00f8rende indsats i vores Woltwide b\u00e6redygtighedsstrategi.<\/p>\n\n\n\n<div style=\"height:25px\" aria-hidden=\"true\" class=\"wp-block-spacer\"><\/div>\n\n\n\n<div class=\"wp-block-cover alignfull is-light is-style-default\" style=\"min-height:587px;aspect-ratio:unset;\"><span aria-hidden=\"true\" class=\"wp-block-cover__background has-background-dim-0 has-background-dim\"><\/span><img loading=\"lazy\" decoding=\"async\" width=\"1920\" height=\"1231\" class=\"wp-block-cover__image-background wp-image-1814\" alt=\"\" src=\"https:\/\/wolt.demonstrer.es\/dk\/wp-content\/uploads\/sites\/2\/2023\/04\/shutterstock_1686280732__1_.webp\" style=\"object-position:50% 80%\" data-object-fit=\"cover\" data-object-position=\"50% 80%\" srcset=\"https:\/\/wolt.demonstrer.es\/dk\/wp-content\/uploads\/sites\/2\/2023\/04\/shutterstock_1686280732__1_.webp 1920w, https:\/\/wolt.demonstrer.es\/dk\/wp-content\/uploads\/sites\/2\/2023\/04\/shutterstock_1686280732__1_-300x192.webp 300w, https:\/\/wolt.demonstrer.es\/dk\/wp-content\/uploads\/sites\/2\/2023\/04\/shutterstock_1686280732__1_-1024x657.webp 1024w, https:\/\/wolt.demonstrer.es\/dk\/wp-content\/uploads\/sites\/2\/2023\/04\/shutterstock_1686280732__1_-768x492.webp 768w, https:\/\/wolt.demonstrer.es\/dk\/wp-content\/uploads\/sites\/2\/2023\/04\/shutterstock_1686280732__1_-1536x985.webp 1536w, https:\/\/wolt.demonstrer.es\/dk\/wp-content\/uploads\/sites\/2\/2023\/04\/shutterstock_1686280732__1_-600x385.webp 600w, https:\/\/wolt.demonstrer.es\/dk\/wp-content\/uploads\/sites\/2\/2023\/04\/shutterstock_1686280732__1_-64x41.webp 64w\" sizes=\"auto, (max-width: 1920px) 100vw, 1920px\" \/><div class=\"wp-block-cover__inner-container is-layout-flow wp-block-cover-is-layout-flow\">\n<p class=\"has-text-align-center has-large-font-size\"><\/p>\n<\/div><\/div>\n\n\n\n<h2 class=\"wp-block-heading has-text-align-center\"><strong>Hvad er b\u00e6redygtig emballage?<\/strong><\/h2>\n\n\n\n<p class=\"has-text-align-center\" style=\"margin-top:var(--wp--preset--spacing--60);margin-right:var(--wp--preset--spacing--60);margin-bottom:var(--wp--preset--spacing--60);margin-left:var(--wp--preset--spacing--60)\"><br>Selvom der ikke findes en global definition p\u00e5 b\u00e6redygtig emballage, mener vi, at det er vigtigt at starte med nogle f\u00e5 grundl\u00e6ggende n\u00f8glepunkter. Derfor fokuserer vi hos Wolt p\u00e5 emballage, der er:<\/p>\n\n\n\n<ul class=\"wp-block-list\">\n<li><strong>Genbrugelig <\/strong>&#8211; dvs. den kan genanvendes mindst 50 gange. Over tid bruger genanvendelig emballage relativt f\u00e6rre materialer og naturressourcer og skaber f\u00e6rre emissioner end engangs-emballage.<br><br><\/li>\n\n\n\n<li><strong>Genanvendelig<\/strong> &#8211; dvs. den er fremstillet af en enkelt type plastik, der ofte indsamles og genanvendes af kommuner, s\u00e5som Polypropylen (PP) eller Polyethylen (PET).<br><br><\/li>\n\n\n\n<li><strong>Genanvendt<\/strong> &#8211; dvs. den er fremstillet af mindst 51% genanvendt materiale, s\u00e5som genanvendt polyethylen (RPET) eller genanvendt papir.<br><br><\/li>\n<\/ul>\n\n\n\n<ul class=\"wp-block-list\">\n<li><strong>Fremstillet af vedvarende materialer<\/strong> &#8211; dvs. fremstillet af 99% vedvarende materialer, s\u00e5som bambus, sukkerr\u00f8r eller tr\u00e6fibre.<br><br><\/li>\n\n\n\n<li><strong>Indk\u00f8bt ansvarligt<\/strong> &#8211;&nbsp;dvs. produceret made from <a href=\"https:\/\/fsc.org\/en\">FSC certificerede<\/a> eller <a href=\"https:\/\/www.nordic-ecolabel.org\/\">Nordic swan certificerede<\/a> kilder&nbsp;<br><br><\/li>\n<\/ul>\n\n\n\n<p><strong>Se efter det gr\u00f8nne logo, som markerer b\u00e6redygtige produkter p\u00e5 webshoppen<\/strong><\/p>\n\n\n\n<figure class=\"wp-block-table is-style-regular\"><table><tbody><tr><td><img loading=\"lazy\" decoding=\"async\" width=\"70\" height=\"70\" class=\"wp-image-2200\" style=\"width: 70px\" src=\"https:\/\/wolt.demonstrer.es\/dk\/wp-content\/uploads\/sites\/2\/2023\/05\/sus_logo.png\" alt=\"\" srcset=\"https:\/\/wolt.demonstrer.es\/dk\/wp-content\/uploads\/sites\/2\/2023\/05\/sus_logo.png 70w, https:\/\/wolt.demonstrer.es\/dk\/wp-content\/uploads\/sites\/2\/2023\/05\/sus_logo-64x64.png 64w\" sizes=\"auto, (max-width: 70px) 100vw, 70px\" \/><\/td><td>Hvis et produkt opfylder mindst to af disse b\u00e6redygtighedskriterier, har vi markeret med et dette gr\u00f8nne logo.<\/td><\/tr><\/tbody><\/table><\/figure>\n\n\n\n<div class=\"wp-block-uagb-container editorskit-no-desktop editorskit-no-tablet editorskit-no-mobile uagb-block-1b9d86fd alignfull uagb-is-root-container\"><div class=\"uagb-container-inner-blocks-wrap\">\n<div class=\"wp-block-uagb-container uagb-block-40923875\">\n<figure class=\"wp-block-image size-full\"><img loading=\"lazy\" decoding=\"async\" width=\"668\" height=\"501\" src=\"https:\/\/wolt.demonstrer.es\/dk\/wp-content\/uploads\/sites\/2\/2023\/04\/image-edited-1.webp\" alt=\"\" class=\"wp-image-2137\" srcset=\"https:\/\/wolt.demonstrer.es\/dk\/wp-content\/uploads\/sites\/2\/2023\/04\/image-edited-1.webp 668w, https:\/\/wolt.demonstrer.es\/dk\/wp-content\/uploads\/sites\/2\/2023\/04\/image-edited-1-300x225.webp 300w, https:\/\/wolt.demonstrer.es\/dk\/wp-content\/uploads\/sites\/2\/2023\/04\/image-edited-1-480x360.webp 480w, https:\/\/wolt.demonstrer.es\/dk\/wp-content\/uploads\/sites\/2\/2023\/04\/image-edited-1-600x450.webp 600w, https:\/\/wolt.demonstrer.es\/dk\/wp-content\/uploads\/sites\/2\/2023\/04\/image-edited-1-64x48.webp 64w\" sizes=\"auto, (max-width: 668px) 100vw, 668px\" \/><\/figure>\n\n\n\n<div style=\"height:20px\" aria-hidden=\"true\" class=\"wp-block-spacer\"><\/div>\n\n\n\n<h3 class=\"wp-block-heading has-text-align-center is-style-default has-medium-font-size\" style=\"font-style:normal;font-weight:700\">Genbrugelig<\/h3>\n\n\n\n<p class=\"has-text-align-center\">Betyder at emballagen kan genbruges op til 50 gange<\/p>\n<\/div>\n\n\n\n<div class=\"wp-block-uagb-container uagb-block-3c50a813\">\n<figure class=\"wp-block-image size-full\"><img loading=\"lazy\" decoding=\"async\" width=\"639\" height=\"479\" src=\"https:\/\/wolt.demonstrer.es\/dk\/wp-content\/uploads\/sites\/2\/2023\/04\/image-1-edited.webp\" alt=\"\" class=\"wp-image-1841\" srcset=\"https:\/\/wolt.demonstrer.es\/dk\/wp-content\/uploads\/sites\/2\/2023\/04\/image-1-edited.webp 639w, https:\/\/wolt.demonstrer.es\/dk\/wp-content\/uploads\/sites\/2\/2023\/04\/image-1-edited-300x225.webp 300w, https:\/\/wolt.demonstrer.es\/dk\/wp-content\/uploads\/sites\/2\/2023\/04\/image-1-edited-480x360.webp 480w, https:\/\/wolt.demonstrer.es\/dk\/wp-content\/uploads\/sites\/2\/2023\/04\/image-1-edited-600x450.webp 600w, https:\/\/wolt.demonstrer.es\/dk\/wp-content\/uploads\/sites\/2\/2023\/04\/image-1-edited-64x48.webp 64w\" sizes=\"auto, (max-width: 639px) 100vw, 639px\" \/><\/figure>\n\n\n\n<div style=\"height:20px\" aria-hidden=\"true\" class=\"wp-block-spacer\"><\/div>\n\n\n\n<h3 class=\"wp-block-heading has-text-align-center is-style-default has-medium-font-size\" style=\"font-style:normal;font-weight:700\">Genanvendt og genanvendelig<\/h3>\n\n\n\n<p class=\"has-text-align-center\">Betyder at produkter er fremstillet af mindst 51 % genbrugsindhold og let kan genbruges i de fleste almindelige affaldssystemer (dvs. lavet af en enkelt type almindelig plast, der normalt indsamles og genbruges)<\/p>\n<\/div>\n\n\n\n<div class=\"wp-block-uagb-container uagb-block-7fc64f1b\">\n<figure class=\"wp-block-image size-full\"><img loading=\"lazy\" decoding=\"async\" width=\"1200\" height=\"900\" src=\"https:\/\/wolt.demonstrer.es\/dk\/wp-content\/uploads\/sites\/2\/2023\/04\/image-2.webp\" alt=\"\" class=\"wp-image-2130\" srcset=\"https:\/\/wolt.demonstrer.es\/dk\/wp-content\/uploads\/sites\/2\/2023\/04\/image-2.webp 1200w, https:\/\/wolt.demonstrer.es\/dk\/wp-content\/uploads\/sites\/2\/2023\/04\/image-2-300x225.webp 300w, https:\/\/wolt.demonstrer.es\/dk\/wp-content\/uploads\/sites\/2\/2023\/04\/image-2-1024x768.webp 1024w, https:\/\/wolt.demonstrer.es\/dk\/wp-content\/uploads\/sites\/2\/2023\/04\/image-2-768x576.webp 768w, https:\/\/wolt.demonstrer.es\/dk\/wp-content\/uploads\/sites\/2\/2023\/04\/image-2-480x360.webp 480w, https:\/\/wolt.demonstrer.es\/dk\/wp-content\/uploads\/sites\/2\/2023\/04\/image-2-600x450.webp 600w, https:\/\/wolt.demonstrer.es\/dk\/wp-content\/uploads\/sites\/2\/2023\/04\/image-2-64x48.webp 64w\" sizes=\"auto, (max-width: 1200px) 100vw, 1200px\" \/><\/figure>\n\n\n\n<div style=\"height:20px\" aria-hidden=\"true\" class=\"wp-block-spacer\"><\/div>\n\n\n\n<h3 class=\"wp-block-heading has-text-align-center is-style-default has-medium-font-size\" style=\"font-style:normal;font-weight:700\">B\u00e6redygtigt og ansvarligt indk\u00f8bt<\/h3>\n\n\n\n<p class=\"has-text-align-center\">Betyder at det er lavet af 99 % vedvarende materialer s\u00e5som bambus, sukkerr\u00f8r eller tr\u00e6fibre og er ansvarligt h\u00f8stet af velforvaltede kilder<\/p>\n<\/div>\n<\/div><\/div>\n\n\n\n<h2 class=\"wp-block-heading has-text-align-center\"><strong>Hvad med coatede produkter?<\/strong><\/h2>\n\n\n\n<p class=\"has-text-align-center\" style=\"margin-top:var(--wp--preset--spacing--60);margin-right:var(--wp--preset--spacing--60);margin-bottom:var(--wp--preset--spacing--60);margin-left:var(--wp--preset--spacing--60);padding-top:0;padding-right:0;padding-bottom:0;padding-left:0\">Mens vi fuldt ud tror p\u00e5, at coatede produkter \u2013 f.eks. papirbaseret emballage, der har et tyndt lag bel\u00e6gning indeni &#8211; er nyttige, fordi de hj\u00e6lper med at forhindre ingredienser og saucer i at l\u00e6kke gennem pakkerne, s\u00e5 er videnskaben om, hvorvidt disse produkter faktisk er mere b\u00e6redygtige, stadig en smule uklar. Der findes mange forskellige typer bel\u00e6gninger \u2013 nogle baseret p\u00e5 plast mens andre er biologisk nedbrydelige. I sidste ende kan produkter med coating ikke genbruges og skal derfor smides ud i skraldespanden. P\u00e5 den baggrund mener vi, at coatede produkter ikke b\u00f8r indg\u00e5 i vores definition af &#8220;b\u00e6redygtig emballage&#8221;.<\/p>\n\n\n\n<div class=\"wp-block-media-text alignwide has-media-on-the-right is-stacked-on-mobile is-style-default has-primary-background-color has-background\" style=\"margin-top:var(--wp--preset--spacing--30);margin-right:var(--wp--preset--spacing--30);margin-bottom:var(--wp--preset--spacing--30);margin-left:var(--wp--preset--spacing--30);padding-top:var(--wp--preset--spacing--50);padding-right:var(--wp--preset--spacing--50);padding-bottom:var(--wp--preset--spacing--50);padding-left:var(--wp--preset--spacing--50)\"><div class=\"wp-block-media-text__content\">\n<h2 class=\"wp-block-heading\">Hj\u00e6lp os med at udbrede brugen af  genanvendelig emballage &nbsp;<\/h2>\n\n\n\n<p>Nye l\u00f8sninger har gjort det muligt at benytte genanvendelig emballage i restaurationsbranchen. Vi har indg\u00e5et globale partnerskaber med de f\u00f8rende udbydere for at hj\u00e6lpe vores restaurantpartnere med at sk\u00e6re igennem st\u00f8jen og finde den rigtige l\u00f8sning. Fordi en b\u00e6redygtig fremtid er cirkul\u00e6r.<\/p>\n\n\n\n<p>L\u00e6s mere om nogle af vores globale partnere nedenfor.<\/p>\n<\/div><figure class=\"wp-block-media-text__media\"><img loading=\"lazy\" decoding=\"async\" width=\"740\" height=\"494\" src=\"https:\/\/wolt.demonstrer.es\/dk\/wp-content\/uploads\/sites\/2\/2023\/04\/29db73_bdfcb0e694ad4675bc73fa5cc04acf09mv2.webp\" alt=\"\" class=\"wp-image-1857 size-full\" srcset=\"https:\/\/wolt.demonstrer.es\/dk\/wp-content\/uploads\/sites\/2\/2023\/04\/29db73_bdfcb0e694ad4675bc73fa5cc04acf09mv2.webp 740w, https:\/\/wolt.demonstrer.es\/dk\/wp-content\/uploads\/sites\/2\/2023\/04\/29db73_bdfcb0e694ad4675bc73fa5cc04acf09mv2-300x200.webp 300w, https:\/\/wolt.demonstrer.es\/dk\/wp-content\/uploads\/sites\/2\/2023\/04\/29db73_bdfcb0e694ad4675bc73fa5cc04acf09mv2-600x401.webp 600w, https:\/\/wolt.demonstrer.es\/dk\/wp-content\/uploads\/sites\/2\/2023\/04\/29db73_bdfcb0e694ad4675bc73fa5cc04acf09mv2-64x43.webp 64w\" sizes=\"auto, (max-width: 740px) 100vw, 740px\" \/><\/figure><\/div>\n\n\n\n<figure class=\"wp-block-gallery has-nested-images columns-5 uag-masonry uagb-block-c7507368 wp-block-gallery-1 is-layout-flex wp-block-gallery-is-layout-flex\">\n<figure class=\"wp-block-image size-full\"><img loading=\"lazy\" decoding=\"async\" width=\"331\" height=\"152\" data-id=\"1881\" src=\"https:\/\/wolt.demonstrer.es\/dk\/wp-content\/uploads\/sites\/2\/2023\/04\/download.png\" alt=\"\" class=\"wp-image-1881\" srcset=\"https:\/\/wolt.demonstrer.es\/dk\/wp-content\/uploads\/sites\/2\/2023\/04\/download.png 331w, https:\/\/wolt.demonstrer.es\/dk\/wp-content\/uploads\/sites\/2\/2023\/04\/download-300x138.png 300w, https:\/\/wolt.demonstrer.es\/dk\/wp-content\/uploads\/sites\/2\/2023\/04\/download-64x29.png 64w\" sizes=\"auto, (max-width: 331px) 100vw, 331px\" \/><\/figure>\n\n\n\n<figure class=\"wp-block-image size-large\"><img loading=\"lazy\" decoding=\"async\" width=\"1024\" height=\"547\" data-id=\"1883\" src=\"https:\/\/wolt.demonstrer.es\/dk\/wp-content\/uploads\/sites\/2\/2023\/04\/OPA_Logo__1_-1024x547.png\" alt=\"\" class=\"wp-image-1883\" srcset=\"https:\/\/wolt.demonstrer.es\/dk\/wp-content\/uploads\/sites\/2\/2023\/04\/OPA_Logo__1_-1024x547.png 1024w, https:\/\/wolt.demonstrer.es\/dk\/wp-content\/uploads\/sites\/2\/2023\/04\/OPA_Logo__1_-300x160.png 300w, https:\/\/wolt.demonstrer.es\/dk\/wp-content\/uploads\/sites\/2\/2023\/04\/OPA_Logo__1_-768x410.png 768w, https:\/\/wolt.demonstrer.es\/dk\/wp-content\/uploads\/sites\/2\/2023\/04\/OPA_Logo__1_-1536x820.png 1536w, https:\/\/wolt.demonstrer.es\/dk\/wp-content\/uploads\/sites\/2\/2023\/04\/OPA_Logo__1_-2048x1094.png 2048w, https:\/\/wolt.demonstrer.es\/dk\/wp-content\/uploads\/sites\/2\/2023\/04\/OPA_Logo__1_-600x320.png 600w, https:\/\/wolt.demonstrer.es\/dk\/wp-content\/uploads\/sites\/2\/2023\/04\/OPA_Logo__1_-64x34.png 64w\" sizes=\"auto, (max-width: 1024px) 100vw, 1024px\" \/><\/figure>\n\n\n\n<figure class=\"wp-block-image size-large is-style-default\"><img loading=\"lazy\" decoding=\"async\" width=\"1024\" height=\"372\" data-id=\"1890\" src=\"https:\/\/wolt.demonstrer.es\/dk\/wp-content\/uploads\/sites\/2\/2023\/04\/logo_musta-1024x372.png\" alt=\"\" class=\"wp-image-1890\" srcset=\"https:\/\/wolt.demonstrer.es\/dk\/wp-content\/uploads\/sites\/2\/2023\/04\/logo_musta-1024x372.png 1024w, https:\/\/wolt.demonstrer.es\/dk\/wp-content\/uploads\/sites\/2\/2023\/04\/logo_musta-300x109.png 300w, https:\/\/wolt.demonstrer.es\/dk\/wp-content\/uploads\/sites\/2\/2023\/04\/logo_musta-768x279.png 768w, https:\/\/wolt.demonstrer.es\/dk\/wp-content\/uploads\/sites\/2\/2023\/04\/logo_musta-1536x557.png 1536w, https:\/\/wolt.demonstrer.es\/dk\/wp-content\/uploads\/sites\/2\/2023\/04\/logo_musta-2048x743.png 2048w, https:\/\/wolt.demonstrer.es\/dk\/wp-content\/uploads\/sites\/2\/2023\/04\/logo_musta-600x218.png 600w, https:\/\/wolt.demonstrer.es\/dk\/wp-content\/uploads\/sites\/2\/2023\/04\/logo_musta-64x23.png 64w\" sizes=\"auto, (max-width: 1024px) 100vw, 1024px\" \/><\/figure>\n\n\n\n<figure class=\"wp-block-image size-full\"><img loading=\"lazy\" decoding=\"async\" width=\"400\" height=\"225\" data-id=\"1887\" src=\"https:\/\/wolt.demonstrer.es\/dk\/wp-content\/uploads\/sites\/2\/2023\/04\/logo_megloo__1_-edited.png\" alt=\"\" class=\"wp-image-1887\" srcset=\"https:\/\/wolt.demonstrer.es\/dk\/wp-content\/uploads\/sites\/2\/2023\/04\/logo_megloo__1_-edited.png 400w, https:\/\/wolt.demonstrer.es\/dk\/wp-content\/uploads\/sites\/2\/2023\/04\/logo_megloo__1_-edited-300x169.png 300w, https:\/\/wolt.demonstrer.es\/dk\/wp-content\/uploads\/sites\/2\/2023\/04\/logo_megloo__1_-edited-64x36.png 64w\" sizes=\"auto, (max-width: 400px) 100vw, 400px\" \/><\/figure>\n\n\n\n<figure class=\"wp-block-image size-full\"><img loading=\"lazy\" decoding=\"async\" width=\"400\" height=\"200\" data-id=\"1889\" src=\"https:\/\/wolt.demonstrer.es\/dk\/wp-content\/uploads\/sites\/2\/2023\/04\/New_Loop_Logo__1_.png\" alt=\"\" class=\"wp-image-1889\" srcset=\"https:\/\/wolt.demonstrer.es\/dk\/wp-content\/uploads\/sites\/2\/2023\/04\/New_Loop_Logo__1_.png 400w, https:\/\/wolt.demonstrer.es\/dk\/wp-content\/uploads\/sites\/2\/2023\/04\/New_Loop_Logo__1_-300x150.png 300w, https:\/\/wolt.demonstrer.es\/dk\/wp-content\/uploads\/sites\/2\/2023\/04\/New_Loop_Logo__1_-64x32.png 64w\" sizes=\"auto, (max-width: 400px) 100vw, 400px\" \/><\/figure>\n<\/figure>\n","protected":false},"excerpt":{"rendered":"<p>B\u00e6redygtig emballage Hos Wolt har vores mission altid v\u00e6ret at g\u00f8re byer til bedre steder at leve, og det betyder at vi g\u00f8r en indsats for at reducere affald, hvor det er muligt. I dag bliver engangs-emballage brugt i st\u00f8rstedelen af vores ordrer, og det betyder, at vi har meget g\u00f8re for at leve op [&hellip;]<\/p>\n","protected":false},"author":4,"featured_media":0,"parent":0,"menu_order":0,"comment_status":"closed","ping_status":"closed","template":"","meta":{"_acf_changed":false,"_uag_custom_page_level_css":"","_editorskit_title_hidden":false,"_editorskit_reading_time":0,"_editorskit_is_block_options_detached":false,"_editorskit_block_options_position":"{}","site-sidebar-layout":"default","site-content-layout":"","ast-site-content-layout":"default","site-content-style":"default","site-sidebar-style":"default","ast-global-header-display":"","ast-banner-title-visibility":"","ast-main-header-display":"","ast-hfb-above-header-display":"","ast-hfb-below-header-display":"","ast-hfb-mobile-header-display":"","site-post-title":"disabled","ast-breadcrumbs-content":"","ast-featured-img":"","footer-sml-layout":"","theme-transparent-header-meta":"","adv-header-id-meta":"","stick-header-meta":"","header-above-stick-meta":"","header-main-stick-meta":"","header-below-stick-meta":"","astra-migrate-meta-layouts":"default","ast-page-background-enabled":"default","ast-page-background-meta":{"desktop":{"background-color":"var(--ast-global-color-4)","background-image":"","background-repeat":"repeat","background-position":"center center","background-size":"auto","background-attachment":"scroll","background-type":"","background-media":"","overlay-type":"","overlay-color":"","overlay-opacity":"","overlay-gradient":""},"tablet":{"background-color":"","background-image":"","background-repeat":"repeat","background-position":"center center","background-size":"auto","background-attachment":"scroll","background-type":"","background-media":"","overlay-type":"","overlay-color":"","overlay-opacity":"","overlay-gradient":""},"mobile":{"background-color":"","background-image":"","background-repeat":"repeat","background-position":"center center","background-size":"auto","background-attachment":"scroll","background-type":"","background-media":"","overlay-type":"","overlay-color":"","overlay-opacity":"","overlay-gradient":""}},"ast-content-background-meta":{"desktop":{"background-color":"var(--ast-global-color-5)","background-image":"","background-repeat":"repeat","background-position":"center center","background-size":"auto","background-attachment":"scroll","background-type":"","background-media":"","overlay-type":"","overlay-color":"","overlay-opacity":"","overlay-gradient":""},"tablet":{"background-color":"var(--ast-global-color-5)","background-image":"","background-repeat":"repeat","background-position":"center center","background-size":"auto","background-attachment":"scroll","background-type":"","background-media":"","overlay-type":"","overlay-color":"","overlay-opacity":"","overlay-gradient":""},"mobile":{"background-color":"var(--ast-global-color-5)","background-image":"","background-repeat":"repeat","background-position":"center center","background-size":"auto","background-attachment":"scroll","background-type":"","background-media":"","overlay-type":"","overlay-color":"","overlay-opacity":"","overlay-gradient":""}},"footnotes":""},"class_list":["post-1439","page","type-page","status-publish","hentry"],"acf":[],"uagb_featured_image_src":{"full":false,"thumbnail":false,"medium":false,"medium_large":false,"large":false,"1536x1536":false,"2048x2048":false,"post-thumbnail":false,"gform-image-choice-sm":false,"gform-image-choice-md":false,"gform-image-choice-lg":false,"woocommerce_thumbnail":false,"woocommerce_single":false,"woocommerce_gallery_thumbnail":false,"dgwt-wcas-product-suggestion":false},"uagb_author_info":{"display_name":"christianmathy","author_link":"https:\/\/wolt.demonstrer.es\/dk\/author\/christianmathy\/"},"uagb_comment_info":0,"uagb_excerpt":"B\u00e6redygtig emballage Hos Wolt har vores mission altid v\u00e6ret at g\u00f8re byer til bedre steder at leve, og det betyder at vi g\u00f8r en indsats for at reducere affald, hvor det er muligt. I dag bliver engangs-emballage brugt i st\u00f8rstedelen af vores ordrer, og det betyder, at vi har meget g\u00f8re for at leve op&hellip;","_links":{"self":[{"href":"https:\/\/wolt.demonstrer.es\/dk\/wp-json\/wp\/v2\/pages\/1439","targetHints":{"allow":["GET"]}}],"collection":[{"href":"https:\/\/wolt.demonstrer.es\/dk\/wp-json\/wp\/v2\/pages"}],"about":[{"href":"https:\/\/wolt.demonstrer.es\/dk\/wp-json\/wp\/v2\/types\/page"}],"author":[{"embeddable":true,"href":"https:\/\/wolt.demonstrer.es\/dk\/wp-json\/wp\/v2\/users\/4"}],"replies":[{"embeddable":true,"href":"https:\/\/wolt.demonstrer.es\/dk\/wp-json\/wp\/v2\/comments?post=1439"}],"version-history":[{"count":65,"href":"https:\/\/wolt.demonstrer.es\/dk\/wp-json\/wp\/v2\/pages\/1439\/revisions"}],"predecessor-version":[{"id":2434,"href":"https:\/\/wolt.demonstrer.es\/dk\/wp-json\/wp\/v2\/pages\/1439\/revisions\/2434"}],"wp:attachment":[{"href":"https:\/\/wolt.demonstrer.es\/dk\/wp-json\/wp\/v2\/media?parent=1439"}],"curies":[{"name":"wp","href":"https:\/\/api.w.org\/{rel}","templated":true}]}}