{"id":823,"date":"2023-02-20T18:13:44","date_gmt":"2023-02-20T17:13:44","guid":{"rendered":"https:\/\/wolt.demonstrer.es\/hrfleet\/?page_id=823"},"modified":"2024-09-05T08:59:25","modified_gmt":"2024-09-05T06:59:25","slug":"gear","status":"publish","type":"page","link":"https:\/\/wolt.demonstrer.es\/hrfleet\/","title":{"rendered":"oprema"},"content":{"rendered":"\n<div class=\"wp-block-media-text alignwide has-media-on-the-right is-stacked-on-mobile\" style=\"margin-top:0;margin-right:0;margin-bottom:0;margin-left:0;grid-template-columns:auto 60%\"><div class=\"wp-block-media-text__content\">\n<h2 class=\"wp-block-heading has-xlarge-font-size\">naru\u010di svoju wolt opremu<\/h2>\n\n\n\n<p class=\"has-lead-paragraph-font-size\">Wolt web trgovina nudi razne proizvode dizajnirane za pobolj\u0161anje iskustva dostave partnera za dostavu. Od ergonomskih ruksaka, izdr\u017eljivih i izoliranih torbi za dostavu i ostalog pribora &#8211; Wolt oprema partner dostavlja\u010dima pru\u017ea pouzdanu i u\u010dinkovitu opremu s kojom mogu lako izvr\u0161iti svoje isporuke.<\/p>\n\n\n\n<div class=\"wp-block-buttons is-layout-flex wp-block-buttons-is-layout-flex\">\n<div class=\"wp-block-button\"><a class=\"wp-block-button__link wp-element-button\" href=\"https:\/\/wolt.demonstrer.es\/hrfleet\/produkt-kategori\/courier-gears\/\">Pogledaj svu opremu<\/a><\/div>\n<\/div>\n<\/div><figure class=\"wp-block-media-text__media\"><a href=\"https:\/\/wolt.demonstrer.es\/hrfleet\/produkt-kategori\/courier-gears\/\"><img loading=\"lazy\" decoding=\"async\" width=\"1024\" height=\"683\" src=\"https:\/\/wolt.demonstrer.es\/hrfleet\/wp-content\/uploads\/sites\/41\/2023\/02\/wolt-gear-1024x683.jpg\" alt=\"\" class=\"wp-image-825 size-full\" srcset=\"https:\/\/wolt.demonstrer.es\/hrfleet\/wp-content\/uploads\/sites\/41\/2023\/02\/wolt-gear-1024x683.jpg 1024w, https:\/\/wolt.demonstrer.es\/hrfleet\/wp-content\/uploads\/sites\/41\/2023\/02\/wolt-gear-300x200.jpg 300w, https:\/\/wolt.demonstrer.es\/hrfleet\/wp-content\/uploads\/sites\/41\/2023\/02\/wolt-gear-768x512.jpg 768w, https:\/\/wolt.demonstrer.es\/hrfleet\/wp-content\/uploads\/sites\/41\/2023\/02\/wolt-gear-1536x1024.jpg 1536w, https:\/\/wolt.demonstrer.es\/hrfleet\/wp-content\/uploads\/sites\/41\/2023\/02\/wolt-gear-2048x1366.jpg 2048w, https:\/\/wolt.demonstrer.es\/hrfleet\/wp-content\/uploads\/sites\/41\/2023\/02\/wolt-gear-600x400.jpg 600w, https:\/\/wolt.demonstrer.es\/hrfleet\/wp-content\/uploads\/sites\/41\/2023\/02\/wolt-gear-64x43.jpg 64w\" sizes=\"auto, (max-width: 1024px) 100vw, 1024px\" \/><\/a><\/figure><\/div>\n\n\n\n<h2 class=\"wp-block-heading has-text-align-center\">NAJPRODAVANIJE<\/h2>\n\n\n\n\n\n<h2 class=\"wp-block-heading has-text-align-center\">novosti<\/h2>\n\n\n\n<div class=\"wp-block-query is-content-justification-center is-layout-constrained wp-block-query-is-layout-constrained\"><ul class=\"columns-3 wp-block-post-template is-layout-grid wp-container-core-post-template-is-layout-f39bca43 wp-block-post-template-is-layout-grid\"><li class=\"wp-block-post post-1931 post type-post status-publish format-standard has-post-thumbnail hentry category-novice\">\n<div style=\"font-size:12px;font-style:normal;font-weight:600;text-decoration:none\" class=\"taxonomy-category wp-block-post-terms has-text-color has-white-color has-background has-black-background-color\"><a href=\"https:\/\/wolt.demonstrer.es\/hrfleet\/category\/novice\/\" rel=\"tag\">Novice<\/a><\/div>\n\n<figure style=\"height:320px; margin-bottom:20px;\" class=\"wp-block-post-featured-image\"><img loading=\"lazy\" decoding=\"async\" width=\"480\" height=\"360\" src=\"https:\/\/wolt.demonstrer.es\/hrfleet\/wp-content\/uploads\/sites\/41\/2023\/02\/Sustainability-at-Wolt-480x360.png\" class=\"attachment-post-thumbnail size-post-thumbnail wp-post-image\" alt=\"\" style=\"border-radius:14px;height:320px;object-fit:cover;\" \/><\/figure>\n\n<h3 style=\"font-size:22px;font-style:normal;font-weight:700;text-transform:none; padding-top:var(--wp--preset--spacing--20);padding-bottom:var(--wp--preset--spacing--20);\" class=\"wp-block-post-title\">UPORABA WOLT DOSTAVNE TORBE IN ZAGOTAVLJANJE HACCP STANDARDOV<\/h3>\n<\/li><li class=\"wp-block-post post-1929 post type-post status-publish format-standard has-post-thumbnail hentry category-novice\">\n<div style=\"font-size:12px;font-style:normal;font-weight:600;text-decoration:none\" class=\"taxonomy-category wp-block-post-terms has-text-color has-white-color has-background has-black-background-color\"><a href=\"https:\/\/wolt.demonstrer.es\/hrfleet\/category\/novice\/\" rel=\"tag\">Novice<\/a><\/div>\n\n<figure style=\"height:320px; margin-bottom:20px;\" class=\"wp-block-post-featured-image\"><img loading=\"lazy\" decoding=\"async\" width=\"480\" height=\"360\" src=\"https:\/\/wolt.demonstrer.es\/hrfleet\/wp-content\/uploads\/sites\/41\/2023\/04\/EN_Aug22_woltconcept3_image_na_1200x628_1_zerodelivery-courier-edited-480x360.png\" class=\"attachment-post-thumbnail size-post-thumbnail wp-post-image\" alt=\"\" style=\"border-radius:14px;height:320px;object-fit:cover;\" srcset=\"https:\/\/wolt.demonstrer.es\/hrfleet\/wp-content\/uploads\/sites\/41\/2023\/04\/EN_Aug22_woltconcept3_image_na_1200x628_1_zerodelivery-courier-edited-480x360.png 480w, https:\/\/wolt.demonstrer.es\/hrfleet\/wp-content\/uploads\/sites\/41\/2023\/04\/EN_Aug22_woltconcept3_image_na_1200x628_1_zerodelivery-courier-edited-300x225.png 300w, https:\/\/wolt.demonstrer.es\/hrfleet\/wp-content\/uploads\/sites\/41\/2023\/04\/EN_Aug22_woltconcept3_image_na_1200x628_1_zerodelivery-courier-edited-600x450.png 600w, https:\/\/wolt.demonstrer.es\/hrfleet\/wp-content\/uploads\/sites\/41\/2023\/04\/EN_Aug22_woltconcept3_image_na_1200x628_1_zerodelivery-courier-edited-64x48.png 64w, https:\/\/wolt.demonstrer.es\/hrfleet\/wp-content\/uploads\/sites\/41\/2023\/04\/EN_Aug22_woltconcept3_image_na_1200x628_1_zerodelivery-courier-edited.png 684w\" sizes=\"auto, (max-width: 480px) 100vw, 480px\" \/><\/figure>\n\n<h3 style=\"font-size:22px;font-style:normal;font-weight:700;text-transform:none; padding-top:var(--wp--preset--spacing--20);padding-bottom:var(--wp--preset--spacing--20);\" class=\"wp-block-post-title\">KAKO SESTAVIM WOLT DOSTAVNO TORBO?<\/h3>\n<\/li><li class=\"wp-block-post post-1927 post type-post status-publish format-standard has-post-thumbnail hentry category-novice\">\n<div style=\"font-size:12px;font-style:normal;font-weight:600;text-decoration:none\" class=\"taxonomy-category wp-block-post-terms has-text-color has-white-color has-background has-black-background-color\"><a href=\"https:\/\/wolt.demonstrer.es\/hrfleet\/category\/novice\/\" rel=\"tag\">Novice<\/a><\/div>\n\n<figure style=\"height:320px; margin-bottom:20px;\" class=\"wp-block-post-featured-image\"><img loading=\"lazy\" decoding=\"async\" width=\"480\" height=\"360\" src=\"https:\/\/wolt.demonstrer.es\/hrfleet\/wp-content\/uploads\/sites\/41\/2023\/02\/Wolt-Drive-480x360.png\" class=\"attachment-post-thumbnail size-post-thumbnail wp-post-image\" alt=\"\" style=\"border-radius:14px;height:320px;object-fit:cover;\" \/><\/figure>\n\n<h3 style=\"font-size:22px;font-style:normal;font-weight:700;text-transform:none; padding-top:var(--wp--preset--spacing--20);padding-bottom:var(--wp--preset--spacing--20);\" class=\"wp-block-post-title\">KMALU BO VSE PRIPRAVLJENO ZA TVOJ ZA\u010cETEK<\/h3>\n<\/li><\/ul><\/div>\n","protected":false},"excerpt":{"rendered":"<p>NAJPRODAVANIJE novosti<\/p>\n","protected":false},"author":1,"featured_media":0,"parent":0,"menu_order":0,"comment_status":"closed","ping_status":"closed","template":"","meta":{"_acf_changed":false,"_uag_custom_page_level_css":"","_editorskit_title_hidden":false,"_editorskit_reading_time":0,"_editorskit_is_block_options_detached":false,"_editorskit_block_options_position":"{}","site-sidebar-layout":"default","site-content-layout":"","ast-site-content-layout":"default","site-content-style":"default","site-sidebar-style":"default","ast-global-header-display":"","ast-banner-title-visibility":"","ast-main-header-display":"","ast-hfb-above-header-display":"","ast-hfb-below-header-display":"","ast-hfb-mobile-header-display":"","site-post-title":"disabled","ast-breadcrumbs-content":"","ast-featured-img":"","footer-sml-layout":"","theme-transparent-header-meta":"","adv-header-id-meta":"","stick-header-meta":"","header-above-stick-meta":"","header-main-stick-meta":"","header-below-stick-meta":"","astra-migrate-meta-layouts":"set","ast-page-background-enabled":"default","ast-page-background-meta":{"desktop":{"background-color":"var(--ast-global-color-4)","background-image":"","background-repeat":"repeat","background-position":"center center","background-size":"auto","background-attachment":"scroll","background-type":"","background-media":"","overlay-type":"","overlay-color":"","overlay-opacity":"","overlay-gradient":""},"tablet":{"background-color":"","background-image":"","background-repeat":"repeat","background-position":"center center","background-size":"auto","background-attachment":"scroll","background-type":"","background-media":"","overlay-type":"","overlay-color":"","overlay-opacity":"","overlay-gradient":""},"mobile":{"background-color":"","background-image":"","background-repeat":"repeat","background-position":"center center","background-size":"auto","background-attachment":"scroll","background-type":"","background-media":"","overlay-type":"","overlay-color":"","overlay-opacity":"","overlay-gradient":""}},"ast-content-background-meta":{"desktop":{"background-color":"var(--ast-global-color-5)","background-image":"","background-repeat":"repeat","background-position":"center center","background-size":"auto","background-attachment":"scroll","background-type":"","background-media":"","overlay-type":"","overlay-color":"","overlay-opacity":"","overlay-gradient":""},"tablet":{"background-color":"var(--ast-global-color-5)","background-image":"","background-repeat":"repeat","background-position":"center center","background-size":"auto","background-attachment":"scroll","background-type":"","background-media":"","overlay-type":"","overlay-color":"","overlay-opacity":"","overlay-gradient":""},"mobile":{"background-color":"var(--ast-global-color-5)","background-image":"","background-repeat":"repeat","background-position":"center center","background-size":"auto","background-attachment":"scroll","background-type":"","background-media":"","overlay-type":"","overlay-color":"","overlay-opacity":"","overlay-gradient":""}},"footnotes":""},"class_list":["post-823","page","type-page","status-publish","hentry"],"acf":[],"uagb_featured_image_src":{"full":false,"thumbnail":false,"medium":false,"medium_large":false,"large":false,"1536x1536":false,"2048x2048":false,"post-thumbnail":false,"gform-image-choice-sm":false,"gform-image-choice-md":false,"gform-image-choice-lg":false,"woocommerce_thumbnail":false,"woocommerce_single":false,"woocommerce_gallery_thumbnail":false,"dgwt-wcas-product-suggestion":false},"uagb_author_info":{"display_name":"maksimer","author_link":"https:\/\/wolt.demonstrer.es\/hrfleet\/author\/maksimer\/"},"uagb_comment_info":0,"uagb_excerpt":"NAJPRODAVANIJE novosti","_links":{"self":[{"href":"https:\/\/wolt.demonstrer.es\/hrfleet\/wp-json\/wp\/v2\/pages\/823","targetHints":{"allow":["GET"]}}],"collection":[{"href":"https:\/\/wolt.demonstrer.es\/hrfleet\/wp-json\/wp\/v2\/pages"}],"about":[{"href":"https:\/\/wolt.demonstrer.es\/hrfleet\/wp-json\/wp\/v2\/types\/page"}],"author":[{"embeddable":true,"href":"https:\/\/wolt.demonstrer.es\/hrfleet\/wp-json\/wp\/v2\/users\/1"}],"replies":[{"embeddable":true,"href":"https:\/\/wolt.demonstrer.es\/hrfleet\/wp-json\/wp\/v2\/comments?post=823"}],"version-history":[{"count":3,"href":"https:\/\/wolt.demonstrer.es\/hrfleet\/wp-json\/wp\/v2\/pages\/823\/revisions"}],"predecessor-version":[{"id":3066,"href":"https:\/\/wolt.demonstrer.es\/hrfleet\/wp-json\/wp\/v2\/pages\/823\/revisions\/3066"}],"wp:attachment":[{"href":"https:\/\/wolt.demonstrer.es\/hrfleet\/wp-json\/wp\/v2\/media?parent=823"}],"curies":[{"name":"wp","href":"https:\/\/api.w.org\/{rel}","templated":true}]}}