{"id":337,"date":"2023-02-15T07:54:50","date_gmt":"2023-02-15T07:54:50","guid":{"rendered":"https:\/\/wolt.demonstrer.es\/hu\/?page_id=337"},"modified":"2025-06-18T15:35:05","modified_gmt":"2025-06-18T13:35:05","slug":"gy-i-k","status":"publish","type":"page","link":"https:\/\/wolt.demonstrer.es\/hu\/gy-i-k\/","title":{"rendered":"GY.I.K."},"content":{"rendered":"\n<p><strong>Csak regisztr\u00e1ci\u00f3val \/ saj\u00e1t fi\u00f3kkal tudok term\u00e9ket rendelni a webshop k\u00edn\u00e1lat\u00e1b\u00f3l?<\/strong><\/p>\n\n\n\n<p>Igen, ez elengedhetetlen az \u00fcgyf\u00e9l azonos\u00edt\u00e1shoz.<\/p>\n\n\n\n<p><strong>Hogyan tudok regisztr\u00e1lni?<\/strong><\/p>\n\n\n\n<p><a href=\"https:\/\/drive.google.com\/file\/d\/1WFZkEs4l_FbF6LRyA7zztwFQT7BchcAR\/view\" class=\"ek-link\">wolt.me\/hun\/webshoprendeles<\/a><\/p>\n\n\n\n<p><strong>Kell Wolt-os fi\u00f3k ahhoz,hogy rendelni tudjak a Webshop term\u00e9kei k\u00f6z\u00fcl?<\/strong><\/p>\n\n\n\n<p>Nem, egy egyszer\u0171 regisztr\u00e1ci\u00f3 ut\u00e1n b\u00e1rmilyen \u00fczleti felhaszn\u00e1l\u00f3 rendelhet.<\/p>\n\n\n\n<p><strong>Tudok ut\u00e1nv\u00e9ttel fizetni a megrendelt term\u00e9kek\u00e9rt?<\/strong><\/p>\n\n\n\n<p>Egyel\u0151re csak bankk\u00e1rty\u00e1s v\u00e1s\u00e1rl\u00e1st tudunk elfogadni (Visa, Mastercard)<\/p>\n\n\n\n<p><strong>A bankk\u00e1rtya adataimat meg tudom jegyeztetni a rendszerrel?<\/strong><\/p>\n\n\n\n<p>Term\u00e9szetesen, a fizet\u00e9sn\u00e9l a \u201cMent\u00e9s a k\u00f6vetkez\u0151 fizet\u00e9shez\u201d bekattint\u00e1s\u00e1val.<\/p>\n\n\n\n<p>A j\u00f6v\u0151ben mentett k\u00e1rty\u00e1id k\u00f6z\u00f6tt el\u00e9rhet\u0151 lesz.<\/p>\n\n\n\n<p><strong>Mi t\u00f6rt\u00e9nik, ha egy term\u00e9k nincs rakt\u00e1ron?<\/strong><\/p>\n\n\n\n<p>Ha l\u00e1tsz egy term\u00e9ket, de nincs bel\u0151le annyi, amennyit szeretn\u00e9l, val\u00f3sz\u00edn\u00fcleg m\u00e1r dolgozunk a beszerz\u00e9s\u00e9n, keress minket nyugodtan a k\u00e9r\u00e9seddel a <a href=\"mailto:restaurantshungary@wolt.com\">restaurantshungary@wolt.com<\/a> email c\u00edmen.<\/p>\n\n\n\n<p><strong>Mennyi id\u0151be telik, am\u00edg a rendel\u00e9sem meg\u00e9rkezik?<\/strong><\/p>\n\n\n\n<p>A kisz\u00e1ll\u00edt\u00e1si id\u0151nk orsz\u00e1gszerte a rendel\u00e9s lead\u00e1s\u00e1t\u00f3l sz\u00e1m\u00edtott 2-3 munkanap<\/p>\n\n\n\n<p><strong>Ingyenes a h\u00e1zhozsz\u00e1ll\u00edt\u00e1s?<\/strong><\/p>\n\n\n\n<p>Nett\u00f3 50.000 forintos kos\u00e1r\u00e9rt\u00e9k f\u00f6l\u00f6tt ingyenes a kisz\u00e1ll\u00edt\u00e1s, az alatt a kisz\u00e1ll\u00edt\u00e1s d\u00edja 4000 forint + \u00c1fa orsz\u00e1gszerte<\/p>\n\n\n\n<p><strong>Hogyan kapom meg a v\u00e1s\u00e1rl\u00e1somr\u00f3l a sz\u00e1ml\u00e1t?<\/strong><\/p>\n\n\n\n<p>A rendel\u00e9s ut\u00e1n automatikusan a megadott email c\u00edmre megkapod a sz\u00e1ml\u00e1t (a spam mapp\u00e1t is n\u00e9zd meg k\u00e9rlek)<\/p>\n\n\n\n<p><strong>Hogyan tudom a rendel\u00e9semet visszak\u00fcldeni?<\/strong><\/p>\n\n\n\n<p>Sajnos egyel\u0151re ilyen opci\u00f3nk nincs, ha a csomaggal b\u00e1rmilyen probl\u00e9m\u00e1t \u00e9szlelsz, k\u00e9rlek vedd fel vel\u00fcnk a kapcsolatot a <a href=\"mailto:restaurantshungary@wolt.com\">restaurantshungary@wolt.com<\/a> email c\u00edmen.<\/p>\n\n\n\n<p><strong>Elfelejtettem a jelszavamat, mit tegyek?<\/strong><\/p>\n\n\n\n<p>Ha elfelejtette jelszav\u00e1t, menjen a weboldal bejelentkez\u00e9si r\u00e9sz\u00e9be, ahol a bejelentkez\u00e9si ablak alatti linkre kattintva, vagy k\u00f6zvetlen\u00fcl itt tudja azt vissza\u00e1ll\u00edtani: Elfelejtette jelszav\u00e1t?<\/p>\n\n\n\n<p>A felhaszn\u00e1l\u00f3n\u00e9v vagy e-mail c\u00edm megad\u00e1sa ut\u00e1n kap egy e-mailt, amely v\u00e9gigvezeti \u00d6nt az \u00faj jelsz\u00f3 be\u00e1ll\u00edt\u00e1s\u00e1nak folyamat\u00e1n.<\/p>\n\n\n\n<p><\/p>\n","protected":false},"excerpt":{"rendered":"<p>Csak regisztr\u00e1ci\u00f3val \/ saj\u00e1t fi\u00f3kkal tudok term\u00e9ket rendelni a webshop k\u00edn\u00e1lat\u00e1b\u00f3l? Igen, ez elengedhetetlen az \u00fcgyf\u00e9l azonos\u00edt\u00e1shoz. Hogyan tudok regisztr\u00e1lni? wolt.me\/hun\/webshoprendeles Kell Wolt-os fi\u00f3k ahhoz,hogy rendelni tudjak a Webshop term\u00e9kei k\u00f6z\u00fcl? Nem, egy egyszer\u0171 regisztr\u00e1ci\u00f3 ut\u00e1n b\u00e1rmilyen \u00fczleti felhaszn\u00e1l\u00f3 rendelhet. Tudok ut\u00e1nv\u00e9ttel fizetni a megrendelt term\u00e9kek\u00e9rt? Egyel\u0151re csak bankk\u00e1rty\u00e1s v\u00e1s\u00e1rl\u00e1st tudunk elfogadni (Visa, Mastercard) A [&hellip;]<\/p>\n","protected":false},"author":1,"featured_media":0,"parent":0,"menu_order":0,"comment_status":"closed","ping_status":"closed","template":"","meta":{"_acf_changed":false,"_uag_custom_page_level_css":"","_editorskit_title_hidden":false,"_editorskit_reading_time":0,"_editorskit_is_block_options_detached":false,"_editorskit_block_options_position":"{}","site-sidebar-layout":"default","site-content-layout":"","ast-site-content-layout":"default","site-content-style":"default","site-sidebar-style":"default","ast-global-header-display":"","ast-banner-title-visibility":"","ast-main-header-display":"","ast-hfb-above-header-display":"","ast-hfb-below-header-display":"","ast-hfb-mobile-header-display":"","site-post-title":"","ast-breadcrumbs-content":"","ast-featured-img":"","footer-sml-layout":"","theme-transparent-header-meta":"","adv-header-id-meta":"","stick-header-meta":"","header-above-stick-meta":"","header-main-stick-meta":"","header-below-stick-meta":"","astra-migrate-meta-layouts":"set","ast-page-background-enabled":"default","ast-page-background-meta":{"desktop":{"background-color":"var(--ast-global-color-4)","background-image":"","background-repeat":"repeat","background-position":"center center","background-size":"auto","background-attachment":"scroll","background-type":"","background-media":"","overlay-type":"","overlay-color":"","overlay-opacity":"","overlay-gradient":""},"tablet":{"background-color":"","background-image":"","background-repeat":"repeat","background-position":"center center","background-size":"auto","background-attachment":"scroll","background-type":"","background-media":"","overlay-type":"","overlay-color":"","overlay-opacity":"","overlay-gradient":""},"mobile":{"background-color":"","background-image":"","background-repeat":"repeat","background-position":"center center","background-size":"auto","background-attachment":"scroll","background-type":"","background-media":"","overlay-type":"","overlay-color":"","overlay-opacity":"","overlay-gradient":""}},"ast-content-background-meta":{"desktop":{"background-color":"var(--ast-global-color-5)","background-image":"","background-repeat":"repeat","background-position":"center center","background-size":"auto","background-attachment":"scroll","background-type":"","background-media":"","overlay-type":"","overlay-color":"","overlay-opacity":"","overlay-gradient":""},"tablet":{"background-color":"var(--ast-global-color-5)","background-image":"","background-repeat":"repeat","background-position":"center center","background-size":"auto","background-attachment":"scroll","background-type":"","background-media":"","overlay-type":"","overlay-color":"","overlay-opacity":"","overlay-gradient":""},"mobile":{"background-color":"var(--ast-global-color-5)","background-image":"","background-repeat":"repeat","background-position":"center center","background-size":"auto","background-attachment":"scroll","background-type":"","background-media":"","overlay-type":"","overlay-color":"","overlay-opacity":"","overlay-gradient":""}},"footnotes":""},"class_list":["post-337","page","type-page","status-publish","hentry"],"acf":[],"yoast_head":"<!-- This site is optimized with the Yoast SEO plugin v26.3 - https:\/\/yoast.com\/wordpress\/plugins\/seo\/ -->\n<title>GY.I.K. | Wolt \u00c9ttermi Csomagol\u00f3anyag Webshop<\/title>\n<meta name=\"description\" content=\"Gyakran Ism\u00e9telt K\u00e9rd\u00e9sek\" \/>\n<meta name=\"robots\" content=\"index, follow, max-snippet:-1, max-image-preview:large, max-video-preview:-1\" \/>\n<link rel=\"canonical\" href=\"https:\/\/wolt.demonstrer.es\/hu\/gy-i-k\/\" \/>\n<meta property=\"og:locale\" content=\"hu_HU\" \/>\n<meta property=\"og:type\" content=\"article\" \/>\n<meta property=\"og:title\" content=\"GY.I.K. | Wolt \u00c9ttermi Csomagol\u00f3anyag Webshop\" \/>\n<meta property=\"og:description\" content=\"Gyakran Ism\u00e9telt K\u00e9rd\u00e9sek\" \/>\n<meta property=\"og:url\" content=\"https:\/\/wolt.demonstrer.es\/hu\/gy-i-k\/\" \/>\n<meta property=\"og:site_name\" content=\"Wolt \u00c9ttermi Csomagol\u00f3anyag Webshop\" \/>\n<meta property=\"article:modified_time\" content=\"2025-06-18T13:35:05+00:00\" \/>\n<meta property=\"og:image\" content=\"https:\/\/wolt.demonstrer.es\/hu\/wp-content\/uploads\/sites\/10\/2024\/11\/wolt-webshop-SEO-Image.jpg\" \/>\n\t<meta property=\"og:image:width\" content=\"1024\" \/>\n\t<meta property=\"og:image:height\" content=\"683\" \/>\n\t<meta property=\"og:image:type\" content=\"image\/jpeg\" \/>\n<meta name=\"twitter:card\" content=\"summary_large_image\" \/>\n<meta name=\"twitter:label1\" content=\"Becs\u00fclt olvas\u00e1si id\u0151\" \/>\n\t<meta name=\"twitter:data1\" content=\"2 perc\" \/>\n<script type=\"application\/ld+json\" class=\"yoast-schema-graph\">{\"@context\":\"https:\/\/schema.org\",\"@graph\":[{\"@type\":\"WebPage\",\"@id\":\"https:\/\/wolt.demonstrer.es\/hu\/gy-i-k\/\",\"url\":\"https:\/\/wolt.demonstrer.es\/hu\/gy-i-k\/\",\"name\":\"GY.I.K. | Wolt \u00c9ttermi Csomagol\u00f3anyag Webshop\",\"isPartOf\":{\"@id\":\"https:\/\/wolt.demonstrer.es\/hu\/#website\"},\"datePublished\":\"2023-02-15T07:54:50+00:00\",\"dateModified\":\"2025-06-18T13:35:05+00:00\",\"description\":\"Gyakran Ism\u00e9telt K\u00e9rd\u00e9sek\",\"breadcrumb\":{\"@id\":\"https:\/\/wolt.demonstrer.es\/hu\/gy-i-k\/#breadcrumb\"},\"inLanguage\":\"hu\",\"potentialAction\":[{\"@type\":\"ReadAction\",\"target\":[\"https:\/\/wolt.demonstrer.es\/hu\/gy-i-k\/\"]}]},{\"@type\":\"BreadcrumbList\",\"@id\":\"https:\/\/wolt.demonstrer.es\/hu\/gy-i-k\/#breadcrumb\",\"itemListElement\":[{\"@type\":\"ListItem\",\"position\":1,\"name\":\"Home\",\"item\":\"https:\/\/wolt.demonstrer.es\/hu\/\"},{\"@type\":\"ListItem\",\"position\":2,\"name\":\"GY.I.K.\"}]},{\"@type\":\"WebSite\",\"@id\":\"https:\/\/wolt.demonstrer.es\/hu\/#website\",\"url\":\"https:\/\/wolt.demonstrer.es\/hu\/\",\"name\":\"Wolt \u00c9ttermi Csomagol\u00f3anyag Webshop\",\"description\":\"Gyors, megb\u00edzhat\u00f3 \u00e9s olcs\u00f3 \u00e9ttermi csomagol\u00f3anyag-rendel\u00e9s kisz\u00e1ll\u00edt\u00e1shoz, helyben fogyaszt\u00e1shoz a Wolt-t\u00f3l.\",\"publisher\":{\"@id\":\"https:\/\/wolt.demonstrer.es\/hu\/#organization\"},\"alternateName\":\"Wolt Vend\u00e9gl\u00e1t\u00f3ipari Csomagol\u00f3anyag Webshop\",\"potentialAction\":[{\"@type\":\"SearchAction\",\"target\":{\"@type\":\"EntryPoint\",\"urlTemplate\":\"https:\/\/wolt.demonstrer.es\/hu\/?s={search_term_string}\"},\"query-input\":{\"@type\":\"PropertyValueSpecification\",\"valueRequired\":true,\"valueName\":\"search_term_string\"}}],\"inLanguage\":\"hu\"},{\"@type\":\"Organization\",\"@id\":\"https:\/\/wolt.demonstrer.es\/hu\/#organization\",\"name\":\"Wolt \u00c9ttermi Csomagol\u00f3anyag Webshop\",\"alternateName\":\"Wolt \u00c9ttermi Csomagol\u00f3anyag Webshop\",\"url\":\"https:\/\/wolt.demonstrer.es\/hu\/\",\"logo\":{\"@type\":\"ImageObject\",\"inLanguage\":\"hu\",\"@id\":\"https:\/\/wolt.demonstrer.es\/hu\/#\/schema\/logo\/image\/\",\"url\":\"https:\/\/wolt.demonstrer.es\/hu\/wp-content\/uploads\/sites\/10\/2023\/02\/wolt-logo.svg\",\"contentUrl\":\"https:\/\/wolt.demonstrer.es\/hu\/wp-content\/uploads\/sites\/10\/2023\/02\/wolt-logo.svg\",\"caption\":\"Wolt \u00c9ttermi Csomagol\u00f3anyag Webshop\"},\"image\":{\"@id\":\"https:\/\/wolt.demonstrer.es\/hu\/#\/schema\/logo\/image\/\"}}]}<\/script>\n<!-- \/ Yoast SEO plugin. -->","yoast_head_json":{"title":"GY.I.K. | Wolt \u00c9ttermi Csomagol\u00f3anyag Webshop","description":"Gyakran Ism\u00e9telt K\u00e9rd\u00e9sek","robots":{"index":"index","follow":"follow","max-snippet":"max-snippet:-1","max-image-preview":"max-image-preview:large","max-video-preview":"max-video-preview:-1"},"canonical":"https:\/\/wolt.demonstrer.es\/hu\/gy-i-k\/","og_locale":"hu_HU","og_type":"article","og_title":"GY.I.K. | Wolt \u00c9ttermi Csomagol\u00f3anyag Webshop","og_description":"Gyakran Ism\u00e9telt K\u00e9rd\u00e9sek","og_url":"https:\/\/wolt.demonstrer.es\/hu\/gy-i-k\/","og_site_name":"Wolt \u00c9ttermi Csomagol\u00f3anyag Webshop","article_modified_time":"2025-06-18T13:35:05+00:00","og_image":[{"width":1024,"height":683,"url":"https:\/\/wolt.demonstrer.es\/hu\/wp-content\/uploads\/sites\/10\/2024\/11\/wolt-webshop-SEO-Image.jpg","type":"image\/jpeg"}],"twitter_card":"summary_large_image","twitter_misc":{"Becs\u00fclt olvas\u00e1si id\u0151":"2 perc"},"schema":{"@context":"https:\/\/schema.org","@graph":[{"@type":"WebPage","@id":"https:\/\/wolt.demonstrer.es\/hu\/gy-i-k\/","url":"https:\/\/wolt.demonstrer.es\/hu\/gy-i-k\/","name":"GY.I.K. | Wolt \u00c9ttermi Csomagol\u00f3anyag Webshop","isPartOf":{"@id":"https:\/\/wolt.demonstrer.es\/hu\/#website"},"datePublished":"2023-02-15T07:54:50+00:00","dateModified":"2025-06-18T13:35:05+00:00","description":"Gyakran Ism\u00e9telt K\u00e9rd\u00e9sek","breadcrumb":{"@id":"https:\/\/wolt.demonstrer.es\/hu\/gy-i-k\/#breadcrumb"},"inLanguage":"hu","potentialAction":[{"@type":"ReadAction","target":["https:\/\/wolt.demonstrer.es\/hu\/gy-i-k\/"]}]},{"@type":"BreadcrumbList","@id":"https:\/\/wolt.demonstrer.es\/hu\/gy-i-k\/#breadcrumb","itemListElement":[{"@type":"ListItem","position":1,"name":"Home","item":"https:\/\/wolt.demonstrer.es\/hu\/"},{"@type":"ListItem","position":2,"name":"GY.I.K."}]},{"@type":"WebSite","@id":"https:\/\/wolt.demonstrer.es\/hu\/#website","url":"https:\/\/wolt.demonstrer.es\/hu\/","name":"Wolt \u00c9ttermi Csomagol\u00f3anyag Webshop","description":"Gyors, megb\u00edzhat\u00f3 \u00e9s olcs\u00f3 \u00e9ttermi csomagol\u00f3anyag-rendel\u00e9s kisz\u00e1ll\u00edt\u00e1shoz, helyben fogyaszt\u00e1shoz a Wolt-t\u00f3l.","publisher":{"@id":"https:\/\/wolt.demonstrer.es\/hu\/#organization"},"alternateName":"Wolt Vend\u00e9gl\u00e1t\u00f3ipari Csomagol\u00f3anyag Webshop","potentialAction":[{"@type":"SearchAction","target":{"@type":"EntryPoint","urlTemplate":"https:\/\/wolt.demonstrer.es\/hu\/?s={search_term_string}"},"query-input":{"@type":"PropertyValueSpecification","valueRequired":true,"valueName":"search_term_string"}}],"inLanguage":"hu"},{"@type":"Organization","@id":"https:\/\/wolt.demonstrer.es\/hu\/#organization","name":"Wolt \u00c9ttermi Csomagol\u00f3anyag Webshop","alternateName":"Wolt \u00c9ttermi Csomagol\u00f3anyag Webshop","url":"https:\/\/wolt.demonstrer.es\/hu\/","logo":{"@type":"ImageObject","inLanguage":"hu","@id":"https:\/\/wolt.demonstrer.es\/hu\/#\/schema\/logo\/image\/","url":"https:\/\/wolt.demonstrer.es\/hu\/wp-content\/uploads\/sites\/10\/2023\/02\/wolt-logo.svg","contentUrl":"https:\/\/wolt.demonstrer.es\/hu\/wp-content\/uploads\/sites\/10\/2023\/02\/wolt-logo.svg","caption":"Wolt \u00c9ttermi Csomagol\u00f3anyag Webshop"},"image":{"@id":"https:\/\/wolt.demonstrer.es\/hu\/#\/schema\/logo\/image\/"}}]}},"uagb_featured_image_src":{"full":false,"thumbnail":false,"medium":false,"medium_large":false,"large":false,"1536x1536":false,"2048x2048":false,"post-thumbnail":false,"gform-image-choice-sm":false,"gform-image-choice-md":false,"gform-image-choice-lg":false,"woocommerce_thumbnail":false,"woocommerce_single":false,"woocommerce_gallery_thumbnail":false,"dgwt-wcas-product-suggestion":false},"uagb_author_info":{"display_name":"maksimer","author_link":"https:\/\/wolt.demonstrer.es\/hu\/author\/maksimer\/"},"uagb_comment_info":0,"uagb_excerpt":"Csak regisztr\u00e1ci\u00f3val \/ saj\u00e1t fi\u00f3kkal tudok term\u00e9ket rendelni a webshop k\u00edn\u00e1lat\u00e1b\u00f3l? Igen, ez elengedhetetlen az \u00fcgyf\u00e9l azonos\u00edt\u00e1shoz. Hogyan tudok regisztr\u00e1lni? wolt.me\/hun\/webshoprendeles Kell Wolt-os fi\u00f3k ahhoz,hogy rendelni tudjak a Webshop term\u00e9kei k\u00f6z\u00fcl? Nem, egy egyszer\u0171 regisztr\u00e1ci\u00f3 ut\u00e1n b\u00e1rmilyen \u00fczleti felhaszn\u00e1l\u00f3 rendelhet. Tudok ut\u00e1nv\u00e9ttel fizetni a megrendelt term\u00e9kek\u00e9rt? Egyel\u0151re csak bankk\u00e1rty\u00e1s v\u00e1s\u00e1rl\u00e1st tudunk elfogadni (Visa, Mastercard) A&hellip;","_links":{"self":[{"href":"https:\/\/wolt.demonstrer.es\/hu\/wp-json\/wp\/v2\/pages\/337","targetHints":{"allow":["GET"]}}],"collection":[{"href":"https:\/\/wolt.demonstrer.es\/hu\/wp-json\/wp\/v2\/pages"}],"about":[{"href":"https:\/\/wolt.demonstrer.es\/hu\/wp-json\/wp\/v2\/types\/page"}],"author":[{"embeddable":true,"href":"https:\/\/wolt.demonstrer.es\/hu\/wp-json\/wp\/v2\/users\/1"}],"replies":[{"embeddable":true,"href":"https:\/\/wolt.demonstrer.es\/hu\/wp-json\/wp\/v2\/comments?post=337"}],"version-history":[{"count":2,"href":"https:\/\/wolt.demonstrer.es\/hu\/wp-json\/wp\/v2\/pages\/337\/revisions"}],"predecessor-version":[{"id":12176,"href":"https:\/\/wolt.demonstrer.es\/hu\/wp-json\/wp\/v2\/pages\/337\/revisions\/12176"}],"wp:attachment":[{"href":"https:\/\/wolt.demonstrer.es\/hu\/wp-json\/wp\/v2\/media?parent=337"}],"curies":[{"name":"wp","href":"https:\/\/api.w.org\/{rel}","templated":true}]}}