{"id":339,"date":"2023-02-15T07:54:56","date_gmt":"2023-02-15T06:54:56","guid":{"rendered":"https:\/\/wolt.demonstrer.es\/hu\/?page_id=339"},"modified":"2023-12-06T15:43:57","modified_gmt":"2023-12-06T14:43:57","slug":"kapcsolatba-lepni","status":"publish","type":"page","link":"https:\/\/wolt.demonstrer.es\/hu\/kapcsolatba-lepni\/","title":{"rendered":"Kapcsolat"},"content":{"rendered":"\n<p><a href=\"mailto:restaurantshungary@wolt.com\">restaurantshungary@wolt.com<\/a><\/p>\n","protected":false},"excerpt":{"rendered":"<p>restaurantshungary@wolt.com<\/p>\n","protected":false},"author":1,"featured_media":0,"parent":0,"menu_order":0,"comment_status":"closed","ping_status":"closed","template":"","meta":{"_acf_changed":false,"_uag_custom_page_level_css":"","_editorskit_title_hidden":false,"_editorskit_reading_time":0,"_editorskit_is_block_options_detached":false,"_editorskit_block_options_position":"{}","site-sidebar-layout":"default","site-content-layout":"","ast-site-content-layout":"default","site-content-style":"default","site-sidebar-style":"default","ast-global-header-display":"","ast-banner-title-visibility":"","ast-main-header-display":"","ast-hfb-above-header-display":"","ast-hfb-below-header-display":"","ast-hfb-mobile-header-display":"","site-post-title":"","ast-breadcrumbs-content":"","ast-featured-img":"","footer-sml-layout":"","theme-transparent-header-meta":"","adv-header-id-meta":"","stick-header-meta":"","header-above-stick-meta":"","header-main-stick-meta":"","header-below-stick-meta":"","astra-migrate-meta-layouts":"set","ast-page-background-enabled":"default","ast-page-background-meta":{"desktop":{"background-color":"var(--ast-global-color-4)","background-image":"","background-repeat":"repeat","background-position":"center center","background-size":"auto","background-attachment":"scroll","background-type":"","background-media":"","overlay-type":"","overlay-color":"","overlay-opacity":"","overlay-gradient":""},"tablet":{"background-color":"","background-image":"","background-repeat":"repeat","background-position":"center center","background-size":"auto","background-attachment":"scroll","background-type":"","background-media":"","overlay-type":"","overlay-color":"","overlay-opacity":"","overlay-gradient":""},"mobile":{"background-color":"","background-image":"","background-repeat":"repeat","background-position":"center center","background-size":"auto","background-attachment":"scroll","background-type":"","background-media":"","overlay-type":"","overlay-color":"","overlay-opacity":"","overlay-gradient":""}},"ast-content-background-meta":{"desktop":{"background-color":"var(--ast-global-color-5)","background-image":"","background-repeat":"repeat","background-position":"center center","background-size":"auto","background-attachment":"scroll","background-type":"","background-media":"","overlay-type":"","overlay-color":"","overlay-opacity":"","overlay-gradient":""},"tablet":{"background-color":"var(--ast-global-color-5)","background-image":"","background-repeat":"repeat","background-position":"center center","background-size":"auto","background-attachment":"scroll","background-type":"","background-media":"","overlay-type":"","overlay-color":"","overlay-opacity":"","overlay-gradient":""},"mobile":{"background-color":"var(--ast-global-color-5)","background-image":"","background-repeat":"repeat","background-position":"center center","background-size":"auto","background-attachment":"scroll","background-type":"","background-media":"","overlay-type":"","overlay-color":"","overlay-opacity":"","overlay-gradient":""}},"footnotes":""},"class_list":["post-339","page","type-page","status-publish","hentry"],"acf":[],"yoast_head":"<!-- This site is optimized with the Yoast SEO plugin v26.3 - https:\/\/yoast.com\/wordpress\/plugins\/seo\/ -->\n<title>Kapcsolat | Wolt \u00c9ttermi Csomagol\u00f3anyag Webshop<\/title>\n<meta name=\"description\" content=\"Elviteles \u00e9teles dobozok, ev\u0151eszk\u00f6z\u00f6k, leveses t\u00e1lak, pizz\u00e1s dobozok, poharak\" \/>\n<meta name=\"robots\" content=\"index, follow, max-snippet:-1, max-image-preview:large, max-video-preview:-1\" \/>\n<link rel=\"canonical\" href=\"https:\/\/wolt.demonstrer.es\/hu\/kapcsolatba-lepni\/\" \/>\n<meta property=\"og:locale\" content=\"hu_HU\" \/>\n<meta property=\"og:type\" content=\"article\" \/>\n<meta property=\"og:title\" content=\"Kapcsolat | Wolt \u00c9ttermi Csomagol\u00f3anyag Webshop\" \/>\n<meta property=\"og:description\" content=\"Elviteles \u00e9teles dobozok, ev\u0151eszk\u00f6z\u00f6k, leveses t\u00e1lak, pizz\u00e1s dobozok, poharak\" \/>\n<meta property=\"og:url\" content=\"https:\/\/wolt.demonstrer.es\/hu\/kapcsolatba-lepni\/\" \/>\n<meta property=\"og:site_name\" content=\"Wolt \u00c9ttermi Csomagol\u00f3anyag Webshop\" \/>\n<meta property=\"article:modified_time\" content=\"2023-12-06T14:43:57+00:00\" \/>\n<meta property=\"og:image\" content=\"https:\/\/wolt.demonstrer.es\/hu\/wp-content\/uploads\/sites\/10\/2024\/11\/wolt-webshop-SEO-Image.jpg\" \/>\n\t<meta property=\"og:image:width\" content=\"1024\" \/>\n\t<meta property=\"og:image:height\" content=\"683\" \/>\n\t<meta property=\"og:image:type\" content=\"image\/jpeg\" \/>\n<meta name=\"twitter:card\" content=\"summary_large_image\" \/>\n<script type=\"application\/ld+json\" class=\"yoast-schema-graph\">{\"@context\":\"https:\/\/schema.org\",\"@graph\":[{\"@type\":\"WebPage\",\"@id\":\"https:\/\/wolt.demonstrer.es\/hu\/kapcsolatba-lepni\/\",\"url\":\"https:\/\/wolt.demonstrer.es\/hu\/kapcsolatba-lepni\/\",\"name\":\"Kapcsolat | Wolt \u00c9ttermi Csomagol\u00f3anyag Webshop\",\"isPartOf\":{\"@id\":\"https:\/\/wolt.demonstrer.es\/hu\/#website\"},\"datePublished\":\"2023-02-15T06:54:56+00:00\",\"dateModified\":\"2023-12-06T14:43:57+00:00\",\"description\":\"Elviteles \u00e9teles dobozok, ev\u0151eszk\u00f6z\u00f6k, leveses t\u00e1lak, pizz\u00e1s dobozok, poharak\",\"breadcrumb\":{\"@id\":\"https:\/\/wolt.demonstrer.es\/hu\/kapcsolatba-lepni\/#breadcrumb\"},\"inLanguage\":\"hu\",\"potentialAction\":[{\"@type\":\"ReadAction\",\"target\":[\"https:\/\/wolt.demonstrer.es\/hu\/kapcsolatba-lepni\/\"]}]},{\"@type\":\"BreadcrumbList\",\"@id\":\"https:\/\/wolt.demonstrer.es\/hu\/kapcsolatba-lepni\/#breadcrumb\",\"itemListElement\":[{\"@type\":\"ListItem\",\"position\":1,\"name\":\"Home\",\"item\":\"https:\/\/wolt.demonstrer.es\/hu\/\"},{\"@type\":\"ListItem\",\"position\":2,\"name\":\"Kapcsolat\"}]},{\"@type\":\"WebSite\",\"@id\":\"https:\/\/wolt.demonstrer.es\/hu\/#website\",\"url\":\"https:\/\/wolt.demonstrer.es\/hu\/\",\"name\":\"Wolt \u00c9ttermi Csomagol\u00f3anyag Webshop\",\"description\":\"Gyors, megb\u00edzhat\u00f3 \u00e9s olcs\u00f3 \u00e9ttermi csomagol\u00f3anyag-rendel\u00e9s kisz\u00e1ll\u00edt\u00e1shoz, helyben fogyaszt\u00e1shoz a Wolt-t\u00f3l.\",\"publisher\":{\"@id\":\"https:\/\/wolt.demonstrer.es\/hu\/#organization\"},\"alternateName\":\"Wolt Vend\u00e9gl\u00e1t\u00f3ipari Csomagol\u00f3anyag Webshop\",\"potentialAction\":[{\"@type\":\"SearchAction\",\"target\":{\"@type\":\"EntryPoint\",\"urlTemplate\":\"https:\/\/wolt.demonstrer.es\/hu\/?s={search_term_string}\"},\"query-input\":{\"@type\":\"PropertyValueSpecification\",\"valueRequired\":true,\"valueName\":\"search_term_string\"}}],\"inLanguage\":\"hu\"},{\"@type\":\"Organization\",\"@id\":\"https:\/\/wolt.demonstrer.es\/hu\/#organization\",\"name\":\"Wolt \u00c9ttermi Csomagol\u00f3anyag Webshop\",\"alternateName\":\"Wolt \u00c9ttermi Csomagol\u00f3anyag Webshop\",\"url\":\"https:\/\/wolt.demonstrer.es\/hu\/\",\"logo\":{\"@type\":\"ImageObject\",\"inLanguage\":\"hu\",\"@id\":\"https:\/\/wolt.demonstrer.es\/hu\/#\/schema\/logo\/image\/\",\"url\":\"https:\/\/wolt.demonstrer.es\/hu\/wp-content\/uploads\/sites\/10\/2023\/02\/wolt-logo.svg\",\"contentUrl\":\"https:\/\/wolt.demonstrer.es\/hu\/wp-content\/uploads\/sites\/10\/2023\/02\/wolt-logo.svg\",\"caption\":\"Wolt \u00c9ttermi Csomagol\u00f3anyag Webshop\"},\"image\":{\"@id\":\"https:\/\/wolt.demonstrer.es\/hu\/#\/schema\/logo\/image\/\"}}]}<\/script>\n<!-- \/ Yoast SEO plugin. -->","yoast_head_json":{"title":"Kapcsolat | Wolt \u00c9ttermi Csomagol\u00f3anyag Webshop","description":"Elviteles \u00e9teles dobozok, ev\u0151eszk\u00f6z\u00f6k, leveses t\u00e1lak, pizz\u00e1s dobozok, poharak","robots":{"index":"index","follow":"follow","max-snippet":"max-snippet:-1","max-image-preview":"max-image-preview:large","max-video-preview":"max-video-preview:-1"},"canonical":"https:\/\/wolt.demonstrer.es\/hu\/kapcsolatba-lepni\/","og_locale":"hu_HU","og_type":"article","og_title":"Kapcsolat | Wolt \u00c9ttermi Csomagol\u00f3anyag Webshop","og_description":"Elviteles \u00e9teles dobozok, ev\u0151eszk\u00f6z\u00f6k, leveses t\u00e1lak, pizz\u00e1s dobozok, poharak","og_url":"https:\/\/wolt.demonstrer.es\/hu\/kapcsolatba-lepni\/","og_site_name":"Wolt \u00c9ttermi Csomagol\u00f3anyag Webshop","article_modified_time":"2023-12-06T14:43:57+00:00","og_image":[{"width":1024,"height":683,"url":"https:\/\/wolt.demonstrer.es\/hu\/wp-content\/uploads\/sites\/10\/2024\/11\/wolt-webshop-SEO-Image.jpg","type":"image\/jpeg"}],"twitter_card":"summary_large_image","schema":{"@context":"https:\/\/schema.org","@graph":[{"@type":"WebPage","@id":"https:\/\/wolt.demonstrer.es\/hu\/kapcsolatba-lepni\/","url":"https:\/\/wolt.demonstrer.es\/hu\/kapcsolatba-lepni\/","name":"Kapcsolat | Wolt \u00c9ttermi Csomagol\u00f3anyag Webshop","isPartOf":{"@id":"https:\/\/wolt.demonstrer.es\/hu\/#website"},"datePublished":"2023-02-15T06:54:56+00:00","dateModified":"2023-12-06T14:43:57+00:00","description":"Elviteles \u00e9teles dobozok, ev\u0151eszk\u00f6z\u00f6k, leveses t\u00e1lak, pizz\u00e1s dobozok, poharak","breadcrumb":{"@id":"https:\/\/wolt.demonstrer.es\/hu\/kapcsolatba-lepni\/#breadcrumb"},"inLanguage":"hu","potentialAction":[{"@type":"ReadAction","target":["https:\/\/wolt.demonstrer.es\/hu\/kapcsolatba-lepni\/"]}]},{"@type":"BreadcrumbList","@id":"https:\/\/wolt.demonstrer.es\/hu\/kapcsolatba-lepni\/#breadcrumb","itemListElement":[{"@type":"ListItem","position":1,"name":"Home","item":"https:\/\/wolt.demonstrer.es\/hu\/"},{"@type":"ListItem","position":2,"name":"Kapcsolat"}]},{"@type":"WebSite","@id":"https:\/\/wolt.demonstrer.es\/hu\/#website","url":"https:\/\/wolt.demonstrer.es\/hu\/","name":"Wolt \u00c9ttermi Csomagol\u00f3anyag Webshop","description":"Gyors, megb\u00edzhat\u00f3 \u00e9s olcs\u00f3 \u00e9ttermi csomagol\u00f3anyag-rendel\u00e9s kisz\u00e1ll\u00edt\u00e1shoz, helyben fogyaszt\u00e1shoz a Wolt-t\u00f3l.","publisher":{"@id":"https:\/\/wolt.demonstrer.es\/hu\/#organization"},"alternateName":"Wolt Vend\u00e9gl\u00e1t\u00f3ipari Csomagol\u00f3anyag Webshop","potentialAction":[{"@type":"SearchAction","target":{"@type":"EntryPoint","urlTemplate":"https:\/\/wolt.demonstrer.es\/hu\/?s={search_term_string}"},"query-input":{"@type":"PropertyValueSpecification","valueRequired":true,"valueName":"search_term_string"}}],"inLanguage":"hu"},{"@type":"Organization","@id":"https:\/\/wolt.demonstrer.es\/hu\/#organization","name":"Wolt \u00c9ttermi Csomagol\u00f3anyag Webshop","alternateName":"Wolt \u00c9ttermi Csomagol\u00f3anyag Webshop","url":"https:\/\/wolt.demonstrer.es\/hu\/","logo":{"@type":"ImageObject","inLanguage":"hu","@id":"https:\/\/wolt.demonstrer.es\/hu\/#\/schema\/logo\/image\/","url":"https:\/\/wolt.demonstrer.es\/hu\/wp-content\/uploads\/sites\/10\/2023\/02\/wolt-logo.svg","contentUrl":"https:\/\/wolt.demonstrer.es\/hu\/wp-content\/uploads\/sites\/10\/2023\/02\/wolt-logo.svg","caption":"Wolt \u00c9ttermi Csomagol\u00f3anyag Webshop"},"image":{"@id":"https:\/\/wolt.demonstrer.es\/hu\/#\/schema\/logo\/image\/"}}]}},"uagb_featured_image_src":{"full":false,"thumbnail":false,"medium":false,"medium_large":false,"large":false,"1536x1536":false,"2048x2048":false,"post-thumbnail":false,"gform-image-choice-sm":false,"gform-image-choice-md":false,"gform-image-choice-lg":false,"woocommerce_thumbnail":false,"woocommerce_single":false,"woocommerce_gallery_thumbnail":false,"dgwt-wcas-product-suggestion":false},"uagb_author_info":{"display_name":"maksimer","author_link":"https:\/\/wolt.demonstrer.es\/hu\/author\/maksimer\/"},"uagb_comment_info":0,"uagb_excerpt":"restaurantshungary@wolt.com","_links":{"self":[{"href":"https:\/\/wolt.demonstrer.es\/hu\/wp-json\/wp\/v2\/pages\/339","targetHints":{"allow":["GET"]}}],"collection":[{"href":"https:\/\/wolt.demonstrer.es\/hu\/wp-json\/wp\/v2\/pages"}],"about":[{"href":"https:\/\/wolt.demonstrer.es\/hu\/wp-json\/wp\/v2\/types\/page"}],"author":[{"embeddable":true,"href":"https:\/\/wolt.demonstrer.es\/hu\/wp-json\/wp\/v2\/users\/1"}],"replies":[{"embeddable":true,"href":"https:\/\/wolt.demonstrer.es\/hu\/wp-json\/wp\/v2\/comments?post=339"}],"version-history":[{"count":3,"href":"https:\/\/wolt.demonstrer.es\/hu\/wp-json\/wp\/v2\/pages\/339\/revisions"}],"predecessor-version":[{"id":4317,"href":"https:\/\/wolt.demonstrer.es\/hu\/wp-json\/wp\/v2\/pages\/339\/revisions\/4317"}],"wp:attachment":[{"href":"https:\/\/wolt.demonstrer.es\/hu\/wp-json\/wp\/v2\/media?parent=339"}],"curies":[{"name":"wp","href":"https:\/\/api.w.org\/{rel}","templated":true}]}}