{"id":3773,"date":"2023-10-06T16:48:51","date_gmt":"2023-10-06T14:48:51","guid":{"rendered":"https:\/\/wolt.demonstrer.es\/hu\/?post_type=product&#038;p=3773"},"modified":"2025-10-23T07:10:36","modified_gmt":"2025-10-23T05:10:36","slug":"pizzadoboz-feher-320-x-320-x-30-mm","status":"publish","type":"product","link":"https:\/\/wolt.demonstrer.es\/hu\/term\u00e9k\/pizzadoboz-feher-320-x-320-x-30-mm\/","title":{"rendered":"Pizzadoboz &#8211; feh\u00e9r &#8211; 320x320x30 mm"},"content":{"rendered":"","protected":false},"excerpt":{"rendered":"<p>Pizzadoboz &#8211; feh\u00e9r &#8211; 320x320x30 mm,100 darab\/karton<\/p>\n","protected":false},"featured_media":5093,"template":"","meta":{"_acf_changed":false,"_uag_custom_page_level_css":"","_editorskit_title_hidden":false,"_editorskit_reading_time":0,"_editorskit_is_block_options_detached":false,"_editorskit_block_options_position":"{}","site-sidebar-layout":"default","site-content-layout":"","ast-site-content-layout":"default","site-content-style":"default","site-sidebar-style":"default","ast-global-header-display":"","ast-banner-title-visibility":"","ast-main-header-display":"","ast-hfb-above-header-display":"","ast-hfb-below-header-display":"","ast-hfb-mobile-header-display":"","site-post-title":"","ast-breadcrumbs-content":"","ast-featured-img":"","footer-sml-layout":"","theme-transparent-header-meta":"","adv-header-id-meta":"","stick-header-meta":"","header-above-stick-meta":"","header-main-stick-meta":"","header-below-stick-meta":"","astra-migrate-meta-layouts":"default","ast-page-background-enabled":"default","ast-page-background-meta":{"desktop":{"background-color":"var(--ast-global-color-4)","background-image":"","background-repeat":"repeat","background-position":"center center","background-size":"auto","background-attachment":"scroll","background-type":"","background-media":"","overlay-type":"","overlay-color":"","overlay-opacity":"","overlay-gradient":""},"tablet":{"background-color":"","background-image":"","background-repeat":"repeat","background-position":"center center","background-size":"auto","background-attachment":"scroll","background-type":"","background-media":"","overlay-type":"","overlay-color":"","overlay-opacity":"","overlay-gradient":""},"mobile":{"background-color":"","background-image":"","background-repeat":"repeat","background-position":"center center","background-size":"auto","background-attachment":"scroll","background-type":"","background-media":"","overlay-type":"","overlay-color":"","overlay-opacity":"","overlay-gradient":""}},"ast-content-background-meta":{"desktop":{"background-color":"var(--ast-global-color-5)","background-image":"","background-repeat":"repeat","background-position":"center center","background-size":"auto","background-attachment":"scroll","background-type":"","background-media":"","overlay-type":"","overlay-color":"","overlay-opacity":"","overlay-gradient":""},"tablet":{"background-color":"var(--ast-global-color-5)","background-image":"","background-repeat":"repeat","background-position":"center center","background-size":"auto","background-attachment":"scroll","background-type":"","background-media":"","overlay-type":"","overlay-color":"","overlay-opacity":"","overlay-gradient":""},"mobile":{"background-color":"var(--ast-global-color-5)","background-image":"","background-repeat":"repeat","background-position":"center center","background-size":"auto","background-attachment":"scroll","background-type":"","background-media":"","overlay-type":"","overlay-color":"","overlay-opacity":"","overlay-gradient":""}}},"product_brand":[],"product_cat":[105,138,742,762],"product_tag":[],"class_list":{"0":"post-3773","1":"product","2":"type-product","3":"status-publish","4":"has-post-thumbnail","6":"product_cat-csomagolas","7":"product_cat-pizza","8":"product_cat-bestselling","9":"product_cat-sustainable-packaging","10":"pa_color-feher","11":"pa_contentunit-db","12":"pa_country-hu","13":"pa_material-cardboard-pure","14":"pa_symbols-a02","15":"pa_symbols-g20","16":"desktop-align-left","17":"tablet-align-left","18":"mobile-align-left","19":"ast-product-gallery-layout-horizontal-slider","20":"ast-product-gallery-with-no-image","21":"ast-product-tabs-layout-accordion","23":"first","24":"instock","25":"taxable","26":"shipping-taxable","27":"purchasable","28":"product-type-simple"},"bundled_by":[],"bundle_stock_status":"instock","bundle_stock_quantity":3,"bundle_virtual":false,"bundle_layout":"","bundle_add_to_cart_form_location":"","bundle_editable_in_cart":false,"bundle_sold_individually_context":"","bundle_item_grouping":"","bundle_min_size":"","bundle_max_size":"","bundle_price":[],"bundled_items":[],"bundle_sell_ids":[],"acf":[],"yoast_head":"<!-- This site is optimized with the Yoast SEO plugin v26.3 - https:\/\/yoast.com\/wordpress\/plugins\/seo\/ -->\n<title>Pizzadoboz - feh\u00e9r - 320x320x30 mm | Wolt \u00c9ttermi Csomagol\u00f3anyag Webshop<\/title>\n<meta name=\"robots\" content=\"index, follow, max-snippet:-1, max-image-preview:large, max-video-preview:-1\" \/>\n<link rel=\"canonical\" href=\"https:\/\/wolt.demonstrer.es\/hu\/term\u00e9k\/pizzadoboz-feher-320-x-320-x-30-mm\/\" \/>\n<meta property=\"og:locale\" content=\"hu_HU\" \/>\n<meta property=\"og:type\" content=\"article\" \/>\n<meta property=\"og:title\" content=\"Pizzadoboz - feh\u00e9r - 320x320x30 mm | Wolt \u00c9ttermi Csomagol\u00f3anyag Webshop\" \/>\n<meta property=\"og:description\" content=\"Pizzadoboz - feh\u00e9r - 320x320x30 mm,100 darab\/karton\" \/>\n<meta property=\"og:url\" content=\"https:\/\/wolt.demonstrer.es\/hu\/term\u00e9k\/pizzadoboz-feher-320-x-320-x-30-mm\/\" \/>\n<meta property=\"og:site_name\" content=\"Wolt \u00c9ttermi Csomagol\u00f3anyag Webshop\" \/>\n<meta property=\"article:modified_time\" content=\"2025-10-23T05:10:36+00:00\" \/>\n<meta property=\"og:image\" content=\"https:\/\/wolt.demonstrer.es\/hu\/wp-content\/uploads\/sites\/10\/2023\/10\/20100023.jpg\" \/>\n\t<meta property=\"og:image:width\" content=\"1500\" \/>\n\t<meta property=\"og:image:height\" content=\"1500\" \/>\n\t<meta property=\"og:image:type\" content=\"image\/jpeg\" \/>\n<meta name=\"twitter:card\" content=\"summary_large_image\" \/>\n<script type=\"application\/ld+json\" class=\"yoast-schema-graph\">{\"@context\":\"https:\/\/schema.org\",\"@graph\":[{\"@type\":\"WebPage\",\"@id\":\"https:\/\/wolt.demonstrer.es\/hu\/term\u00e9k\/pizzadoboz-feher-320-x-320-x-30-mm\/\",\"url\":\"https:\/\/wolt.demonstrer.es\/hu\/term\u00e9k\/pizzadoboz-feher-320-x-320-x-30-mm\/\",\"name\":\"Pizzadoboz - feh\u00e9r - 320x320x30 mm | Wolt \u00c9ttermi Csomagol\u00f3anyag Webshop\",\"isPartOf\":{\"@id\":\"https:\/\/wolt.demonstrer.es\/hu\/#website\"},\"primaryImageOfPage\":{\"@id\":\"https:\/\/wolt.demonstrer.es\/hu\/term\u00e9k\/pizzadoboz-feher-320-x-320-x-30-mm\/#primaryimage\"},\"image\":{\"@id\":\"https:\/\/wolt.demonstrer.es\/hu\/term\u00e9k\/pizzadoboz-feher-320-x-320-x-30-mm\/#primaryimage\"},\"thumbnailUrl\":\"https:\/\/wolt.demonstrer.es\/hu\/wp-content\/uploads\/sites\/10\/2023\/10\/20100023.jpg\",\"datePublished\":\"2023-10-06T14:48:51+00:00\",\"dateModified\":\"2025-10-23T05:10:36+00:00\",\"breadcrumb\":{\"@id\":\"https:\/\/wolt.demonstrer.es\/hu\/term\u00e9k\/pizzadoboz-feher-320-x-320-x-30-mm\/#breadcrumb\"},\"inLanguage\":\"hu\",\"potentialAction\":[{\"@type\":\"ReadAction\",\"target\":[\"https:\/\/wolt.demonstrer.es\/hu\/term\u00e9k\/pizzadoboz-feher-320-x-320-x-30-mm\/\"]}]},{\"@type\":\"ImageObject\",\"inLanguage\":\"hu\",\"@id\":\"https:\/\/wolt.demonstrer.es\/hu\/term\u00e9k\/pizzadoboz-feher-320-x-320-x-30-mm\/#primaryimage\",\"url\":\"https:\/\/wolt.demonstrer.es\/hu\/wp-content\/uploads\/sites\/10\/2023\/10\/20100023.jpg\",\"contentUrl\":\"https:\/\/wolt.demonstrer.es\/hu\/wp-content\/uploads\/sites\/10\/2023\/10\/20100023.jpg\",\"width\":1500,\"height\":1500},{\"@type\":\"BreadcrumbList\",\"@id\":\"https:\/\/wolt.demonstrer.es\/hu\/term\u00e9k\/pizzadoboz-feher-320-x-320-x-30-mm\/#breadcrumb\",\"itemListElement\":[{\"@type\":\"ListItem\",\"position\":1,\"name\":\"Home\",\"item\":\"https:\/\/wolt.demonstrer.es\/hu\/\"},{\"@type\":\"ListItem\",\"position\":2,\"name\":\"\u00dczlet\",\"item\":\"https:\/\/wolt.demonstrer.es\/hu\/uzlet\/\"},{\"@type\":\"ListItem\",\"position\":3,\"name\":\"Pizzadoboz &#8211; feh\u00e9r &#8211; 320x320x30 mm\"}]},{\"@type\":\"WebSite\",\"@id\":\"https:\/\/wolt.demonstrer.es\/hu\/#website\",\"url\":\"https:\/\/wolt.demonstrer.es\/hu\/\",\"name\":\"Wolt \u00c9ttermi Csomagol\u00f3anyag Webshop\",\"description\":\"Gyors, megb\u00edzhat\u00f3 \u00e9s olcs\u00f3 \u00e9ttermi csomagol\u00f3anyag-rendel\u00e9s kisz\u00e1ll\u00edt\u00e1shoz, helyben fogyaszt\u00e1shoz a Wolt-t\u00f3l.\",\"publisher\":{\"@id\":\"https:\/\/wolt.demonstrer.es\/hu\/#organization\"},\"alternateName\":\"Wolt Vend\u00e9gl\u00e1t\u00f3ipari Csomagol\u00f3anyag Webshop\",\"potentialAction\":[{\"@type\":\"SearchAction\",\"target\":{\"@type\":\"EntryPoint\",\"urlTemplate\":\"https:\/\/wolt.demonstrer.es\/hu\/?s={search_term_string}\"},\"query-input\":{\"@type\":\"PropertyValueSpecification\",\"valueRequired\":true,\"valueName\":\"search_term_string\"}}],\"inLanguage\":\"hu\"},{\"@type\":\"Organization\",\"@id\":\"https:\/\/wolt.demonstrer.es\/hu\/#organization\",\"name\":\"Wolt \u00c9ttermi Csomagol\u00f3anyag Webshop\",\"alternateName\":\"Wolt \u00c9ttermi Csomagol\u00f3anyag Webshop\",\"url\":\"https:\/\/wolt.demonstrer.es\/hu\/\",\"logo\":{\"@type\":\"ImageObject\",\"inLanguage\":\"hu\",\"@id\":\"https:\/\/wolt.demonstrer.es\/hu\/#\/schema\/logo\/image\/\",\"url\":\"https:\/\/wolt.demonstrer.es\/hu\/wp-content\/uploads\/sites\/10\/2023\/02\/wolt-logo.svg\",\"contentUrl\":\"https:\/\/wolt.demonstrer.es\/hu\/wp-content\/uploads\/sites\/10\/2023\/02\/wolt-logo.svg\",\"caption\":\"Wolt \u00c9ttermi Csomagol\u00f3anyag Webshop\"},\"image\":{\"@id\":\"https:\/\/wolt.demonstrer.es\/hu\/#\/schema\/logo\/image\/\"}}]}<\/script>\n<!-- \/ Yoast SEO plugin. -->","yoast_head_json":{"title":"Pizzadoboz - feh\u00e9r - 320x320x30 mm | Wolt \u00c9ttermi Csomagol\u00f3anyag Webshop","robots":{"index":"index","follow":"follow","max-snippet":"max-snippet:-1","max-image-preview":"max-image-preview:large","max-video-preview":"max-video-preview:-1"},"canonical":"https:\/\/wolt.demonstrer.es\/hu\/term\u00e9k\/pizzadoboz-feher-320-x-320-x-30-mm\/","og_locale":"hu_HU","og_type":"article","og_title":"Pizzadoboz - feh\u00e9r - 320x320x30 mm | Wolt \u00c9ttermi Csomagol\u00f3anyag Webshop","og_description":"Pizzadoboz - feh\u00e9r - 320x320x30 mm,100 darab\/karton","og_url":"https:\/\/wolt.demonstrer.es\/hu\/term\u00e9k\/pizzadoboz-feher-320-x-320-x-30-mm\/","og_site_name":"Wolt \u00c9ttermi Csomagol\u00f3anyag Webshop","article_modified_time":"2025-10-23T05:10:36+00:00","og_image":[{"width":1500,"height":1500,"url":"https:\/\/wolt.demonstrer.es\/hu\/wp-content\/uploads\/sites\/10\/2023\/10\/20100023.jpg","type":"image\/jpeg"}],"twitter_card":"summary_large_image","schema":{"@context":"https:\/\/schema.org","@graph":[{"@type":"WebPage","@id":"https:\/\/wolt.demonstrer.es\/hu\/term\u00e9k\/pizzadoboz-feher-320-x-320-x-30-mm\/","url":"https:\/\/wolt.demonstrer.es\/hu\/term\u00e9k\/pizzadoboz-feher-320-x-320-x-30-mm\/","name":"Pizzadoboz - feh\u00e9r - 320x320x30 mm | Wolt \u00c9ttermi Csomagol\u00f3anyag Webshop","isPartOf":{"@id":"https:\/\/wolt.demonstrer.es\/hu\/#website"},"primaryImageOfPage":{"@id":"https:\/\/wolt.demonstrer.es\/hu\/term\u00e9k\/pizzadoboz-feher-320-x-320-x-30-mm\/#primaryimage"},"image":{"@id":"https:\/\/wolt.demonstrer.es\/hu\/term\u00e9k\/pizzadoboz-feher-320-x-320-x-30-mm\/#primaryimage"},"thumbnailUrl":"https:\/\/wolt.demonstrer.es\/hu\/wp-content\/uploads\/sites\/10\/2023\/10\/20100023.jpg","datePublished":"2023-10-06T14:48:51+00:00","dateModified":"2025-10-23T05:10:36+00:00","breadcrumb":{"@id":"https:\/\/wolt.demonstrer.es\/hu\/term\u00e9k\/pizzadoboz-feher-320-x-320-x-30-mm\/#breadcrumb"},"inLanguage":"hu","potentialAction":[{"@type":"ReadAction","target":["https:\/\/wolt.demonstrer.es\/hu\/term\u00e9k\/pizzadoboz-feher-320-x-320-x-30-mm\/"]}]},{"@type":"ImageObject","inLanguage":"hu","@id":"https:\/\/wolt.demonstrer.es\/hu\/term\u00e9k\/pizzadoboz-feher-320-x-320-x-30-mm\/#primaryimage","url":"https:\/\/wolt.demonstrer.es\/hu\/wp-content\/uploads\/sites\/10\/2023\/10\/20100023.jpg","contentUrl":"https:\/\/wolt.demonstrer.es\/hu\/wp-content\/uploads\/sites\/10\/2023\/10\/20100023.jpg","width":1500,"height":1500},{"@type":"BreadcrumbList","@id":"https:\/\/wolt.demonstrer.es\/hu\/term\u00e9k\/pizzadoboz-feher-320-x-320-x-30-mm\/#breadcrumb","itemListElement":[{"@type":"ListItem","position":1,"name":"Home","item":"https:\/\/wolt.demonstrer.es\/hu\/"},{"@type":"ListItem","position":2,"name":"\u00dczlet","item":"https:\/\/wolt.demonstrer.es\/hu\/uzlet\/"},{"@type":"ListItem","position":3,"name":"Pizzadoboz &#8211; feh\u00e9r &#8211; 320x320x30 mm"}]},{"@type":"WebSite","@id":"https:\/\/wolt.demonstrer.es\/hu\/#website","url":"https:\/\/wolt.demonstrer.es\/hu\/","name":"Wolt \u00c9ttermi Csomagol\u00f3anyag Webshop","description":"Gyors, megb\u00edzhat\u00f3 \u00e9s olcs\u00f3 \u00e9ttermi csomagol\u00f3anyag-rendel\u00e9s kisz\u00e1ll\u00edt\u00e1shoz, helyben fogyaszt\u00e1shoz a Wolt-t\u00f3l.","publisher":{"@id":"https:\/\/wolt.demonstrer.es\/hu\/#organization"},"alternateName":"Wolt Vend\u00e9gl\u00e1t\u00f3ipari Csomagol\u00f3anyag Webshop","potentialAction":[{"@type":"SearchAction","target":{"@type":"EntryPoint","urlTemplate":"https:\/\/wolt.demonstrer.es\/hu\/?s={search_term_string}"},"query-input":{"@type":"PropertyValueSpecification","valueRequired":true,"valueName":"search_term_string"}}],"inLanguage":"hu"},{"@type":"Organization","@id":"https:\/\/wolt.demonstrer.es\/hu\/#organization","name":"Wolt \u00c9ttermi Csomagol\u00f3anyag Webshop","alternateName":"Wolt \u00c9ttermi Csomagol\u00f3anyag Webshop","url":"https:\/\/wolt.demonstrer.es\/hu\/","logo":{"@type":"ImageObject","inLanguage":"hu","@id":"https:\/\/wolt.demonstrer.es\/hu\/#\/schema\/logo\/image\/","url":"https:\/\/wolt.demonstrer.es\/hu\/wp-content\/uploads\/sites\/10\/2023\/02\/wolt-logo.svg","contentUrl":"https:\/\/wolt.demonstrer.es\/hu\/wp-content\/uploads\/sites\/10\/2023\/02\/wolt-logo.svg","caption":"Wolt \u00c9ttermi Csomagol\u00f3anyag Webshop"},"image":{"@id":"https:\/\/wolt.demonstrer.es\/hu\/#\/schema\/logo\/image\/"}}]}},"uagb_featured_image_src":{"full":["https:\/\/wolt.demonstrer.es\/hu\/wp-content\/uploads\/sites\/10\/2023\/10\/20100023.jpg",1500,1500,false],"thumbnail":["https:\/\/wolt.demonstrer.es\/hu\/wp-content\/uploads\/sites\/10\/2023\/10\/20100023-150x150.jpg",150,150,true],"medium":["https:\/\/wolt.demonstrer.es\/hu\/wp-content\/uploads\/sites\/10\/2023\/10\/20100023-300x300.jpg",300,300,true],"medium_large":["https:\/\/wolt.demonstrer.es\/hu\/wp-content\/uploads\/sites\/10\/2023\/10\/20100023-768x768.jpg",768,768,true],"large":["https:\/\/wolt.demonstrer.es\/hu\/wp-content\/uploads\/sites\/10\/2023\/10\/20100023-1024x1024.jpg",1024,1024,true],"1536x1536":["https:\/\/wolt.demonstrer.es\/hu\/wp-content\/uploads\/sites\/10\/2023\/10\/20100023.jpg",1500,1500,false],"2048x2048":["https:\/\/wolt.demonstrer.es\/hu\/wp-content\/uploads\/sites\/10\/2023\/10\/20100023.jpg",1500,1500,false],"post-thumbnail":["https:\/\/wolt.demonstrer.es\/hu\/wp-content\/uploads\/sites\/10\/2023\/10\/20100023-480x360.jpg",480,360,true],"gform-image-choice-sm":["https:\/\/wolt.demonstrer.es\/hu\/wp-content\/uploads\/sites\/10\/2023\/10\/20100023.jpg",300,300,false],"gform-image-choice-md":["https:\/\/wolt.demonstrer.es\/hu\/wp-content\/uploads\/sites\/10\/2023\/10\/20100023.jpg",400,400,false],"gform-image-choice-lg":["https:\/\/wolt.demonstrer.es\/hu\/wp-content\/uploads\/sites\/10\/2023\/10\/20100023.jpg",600,600,false],"woocommerce_thumbnail":["https:\/\/wolt.demonstrer.es\/hu\/wp-content\/uploads\/sites\/10\/2023\/10\/20100023-300x300.jpg",300,300,true],"woocommerce_single":["https:\/\/wolt.demonstrer.es\/hu\/wp-content\/uploads\/sites\/10\/2023\/10\/20100023-600x600.jpg",600,600,true],"woocommerce_gallery_thumbnail":["https:\/\/wolt.demonstrer.es\/hu\/wp-content\/uploads\/sites\/10\/2023\/10\/20100023-300x300.jpg",250,250,true],"dgwt-wcas-product-suggestion":["https:\/\/wolt.demonstrer.es\/hu\/wp-content\/uploads\/sites\/10\/2023\/10\/20100023-64x64.jpg",64,64,true]},"uagb_author_info":{"display_name":"maksimer","author_link":"https:\/\/wolt.demonstrer.es\/hu\/author\/"},"uagb_comment_info":0,"uagb_excerpt":"Pizzadoboz - feh\u00e9r - 320x320x30 mm,100 darab\/karton","_links":{"self":[{"href":"https:\/\/wolt.demonstrer.es\/hu\/wp-json\/wp\/v2\/product\/3773","targetHints":{"allow":["GET"]}}],"collection":[{"href":"https:\/\/wolt.demonstrer.es\/hu\/wp-json\/wp\/v2\/product"}],"about":[{"href":"https:\/\/wolt.demonstrer.es\/hu\/wp-json\/wp\/v2\/types\/product"}],"wp:featuredmedia":[{"embeddable":true,"href":"https:\/\/wolt.demonstrer.es\/hu\/wp-json\/wp\/v2\/media\/5093"}],"wp:attachment":[{"href":"https:\/\/wolt.demonstrer.es\/hu\/wp-json\/wp\/v2\/media?parent=3773"}],"wp:term":[{"taxonomy":"product_brand","embeddable":true,"href":"https:\/\/wolt.demonstrer.es\/hu\/wp-json\/wp\/v2\/product_brand?post=3773"},{"taxonomy":"product_cat","embeddable":true,"href":"https:\/\/wolt.demonstrer.es\/hu\/wp-json\/wp\/v2\/product_cat?post=3773"},{"taxonomy":"product_tag","embeddable":true,"href":"https:\/\/wolt.demonstrer.es\/hu\/wp-json\/wp\/v2\/product_tag?post=3773"}],"curies":[{"name":"wp","href":"https:\/\/api.w.org\/{rel}","templated":true}]}}