{"id":5948,"date":"2024-05-03T07:14:51","date_gmt":"2024-05-03T05:14:51","guid":{"rendered":"https:\/\/wolt.demonstrer.es\/hu\/?post_type=product&#038;p=5948"},"modified":"2025-10-23T07:12:37","modified_gmt":"2025-10-23T05:12:37","slug":"papir-vodor-kraft-51-l-2","status":"publish","type":"product","link":"https:\/\/wolt.demonstrer.es\/hu\/term\u00e9k\/papir-vodor-kraft-51-l-2\/","title":{"rendered":"Pap\u00edr v\u00f6d\u00f6r &#8211; Kraft &#8211; 5,1 L"},"content":{"rendered":"","protected":false},"excerpt":{"rendered":"<p>Pap\u00edr v\u00f6d\u00f6r &#8211; Kraft &#8211; 5,1 L,25 darab\/csomag<\/p>\n","protected":false},"featured_media":11460,"template":"","meta":{"_acf_changed":false,"_uag_custom_page_level_css":"","_editorskit_title_hidden":false,"_editorskit_reading_time":0,"_editorskit_is_block_options_detached":false,"_editorskit_block_options_position":"{}","site-sidebar-layout":"default","site-content-layout":"","ast-site-content-layout":"default","site-content-style":"default","site-sidebar-style":"default","ast-global-header-display":"","ast-banner-title-visibility":"","ast-main-header-display":"","ast-hfb-above-header-display":"","ast-hfb-below-header-display":"","ast-hfb-mobile-header-display":"","site-post-title":"","ast-breadcrumbs-content":"","ast-featured-img":"","footer-sml-layout":"","theme-transparent-header-meta":"default","adv-header-id-meta":"","stick-header-meta":"","header-above-stick-meta":"","header-main-stick-meta":"","header-below-stick-meta":"","astra-migrate-meta-layouts":"set","ast-page-background-enabled":"default","ast-page-background-meta":{"desktop":{"background-color":"var(--ast-global-color-4)","background-image":"","background-repeat":"repeat","background-position":"center center","background-size":"auto","background-attachment":"scroll","background-type":"","background-media":"","overlay-type":"","overlay-color":"","overlay-opacity":"","overlay-gradient":""},"tablet":{"background-color":"","background-image":"","background-repeat":"repeat","background-position":"center center","background-size":"auto","background-attachment":"scroll","background-type":"","background-media":"","overlay-type":"","overlay-color":"","overlay-opacity":"","overlay-gradient":""},"mobile":{"background-color":"","background-image":"","background-repeat":"repeat","background-position":"center center","background-size":"auto","background-attachment":"scroll","background-type":"","background-media":"","overlay-type":"","overlay-color":"","overlay-opacity":"","overlay-gradient":""}},"ast-content-background-meta":{"desktop":{"background-color":"var(--ast-global-color-5)","background-image":"","background-repeat":"repeat","background-position":"center center","background-size":"auto","background-attachment":"scroll","background-type":"","background-media":"","overlay-type":"","overlay-color":"","overlay-opacity":"","overlay-gradient":""},"tablet":{"background-color":"var(--ast-global-color-5)","background-image":"","background-repeat":"repeat","background-position":"center center","background-size":"auto","background-attachment":"scroll","background-type":"","background-media":"","overlay-type":"","overlay-color":"","overlay-opacity":"","overlay-gradient":""},"mobile":{"background-color":"var(--ast-global-color-5)","background-image":"","background-repeat":"repeat","background-position":"center center","background-size":"auto","background-attachment":"scroll","background-type":"","background-media":"","overlay-type":"","overlay-color":"","overlay-opacity":"","overlay-gradient":""}}},"product_brand":[],"product_cat":[105,433,762,199],"product_tag":[],"class_list":{"0":"post-5948","1":"product","2":"type-product","3":"status-publish","4":"has-post-thumbnail","6":"product_cat-csomagolas","7":"product_cat-asian-pasta","8":"product_cat-sustainable-packaging","9":"product_cat-takeaway-box","10":"pa_color-barna","11":"pa_contentunit-db","12":"pa_country-fr","13":"pa_material-paper-composite-pe-polyethylene","14":"pa_symbols-a02","15":"pa_symbols-b03","16":"pa_symbols-g21","17":"desktop-align-left","18":"tablet-align-left","19":"mobile-align-left","20":"ast-product-gallery-layout-horizontal-slider","21":"ast-product-gallery-with-no-image","22":"ast-product-tabs-layout-accordion","24":"first","25":"instock","26":"taxable","27":"shipping-taxable","28":"purchasable","29":"product-type-simple"},"bundled_by":[],"bundle_stock_status":"instock","bundle_stock_quantity":7,"bundle_virtual":false,"bundle_layout":"","bundle_add_to_cart_form_location":"","bundle_editable_in_cart":false,"bundle_sold_individually_context":"","bundle_item_grouping":"","bundle_min_size":"","bundle_max_size":"","bundle_price":[],"bundled_items":[],"bundle_sell_ids":[],"acf":[],"yoast_head":"<!-- This site is optimized with the Yoast SEO plugin v26.3 - https:\/\/yoast.com\/wordpress\/plugins\/seo\/ -->\n<title>Pap\u00edr v\u00f6d\u00f6r - Kraft - 5,1 L | Wolt \u00c9ttermi Csomagol\u00f3anyag Webshop<\/title>\n<meta name=\"robots\" content=\"index, follow, max-snippet:-1, max-image-preview:large, max-video-preview:-1\" \/>\n<link rel=\"canonical\" href=\"https:\/\/wolt.demonstrer.es\/hu\/term\u00e9k\/papir-vodor-kraft-51-l-2\/\" \/>\n<meta property=\"og:locale\" content=\"hu_HU\" \/>\n<meta property=\"og:type\" content=\"article\" \/>\n<meta property=\"og:title\" content=\"Pap\u00edr v\u00f6d\u00f6r - Kraft - 5,1 L | Wolt \u00c9ttermi Csomagol\u00f3anyag Webshop\" \/>\n<meta property=\"og:description\" content=\"Pap\u00edr v\u00f6d\u00f6r - Kraft - 5,1 L,25 darab\/csomag\" \/>\n<meta property=\"og:url\" content=\"https:\/\/wolt.demonstrer.es\/hu\/term\u00e9k\/papir-vodor-kraft-51-l-2\/\" \/>\n<meta property=\"og:site_name\" content=\"Wolt \u00c9ttermi Csomagol\u00f3anyag Webshop\" \/>\n<meta property=\"article:modified_time\" content=\"2025-10-23T05:12:37+00:00\" \/>\n<meta property=\"og:image\" content=\"https:\/\/wolt.demonstrer.es\/hu\/wp-content\/uploads\/sites\/10\/2023\/06\/20300006.jpg\" \/>\n\t<meta property=\"og:image:width\" content=\"1500\" \/>\n\t<meta property=\"og:image:height\" content=\"1486\" \/>\n\t<meta property=\"og:image:type\" content=\"image\/jpeg\" \/>\n<meta name=\"twitter:card\" content=\"summary_large_image\" \/>\n<meta name=\"twitter:label1\" content=\"Becs\u00fclt olvas\u00e1si id\u0151\" \/>\n\t<meta name=\"twitter:data1\" content=\"1 perc\" \/>\n<script type=\"application\/ld+json\" class=\"yoast-schema-graph\">{\"@context\":\"https:\/\/schema.org\",\"@graph\":[{\"@type\":\"WebPage\",\"@id\":\"https:\/\/wolt.demonstrer.es\/hu\/term\u00e9k\/papir-vodor-kraft-51-l-2\/\",\"url\":\"https:\/\/wolt.demonstrer.es\/hu\/term\u00e9k\/papir-vodor-kraft-51-l-2\/\",\"name\":\"Pap\u00edr v\u00f6d\u00f6r - Kraft - 5,1 L | Wolt \u00c9ttermi Csomagol\u00f3anyag Webshop\",\"isPartOf\":{\"@id\":\"https:\/\/wolt.demonstrer.es\/hu\/#website\"},\"primaryImageOfPage\":{\"@id\":\"https:\/\/wolt.demonstrer.es\/hu\/term\u00e9k\/papir-vodor-kraft-51-l-2\/#primaryimage\"},\"image\":{\"@id\":\"https:\/\/wolt.demonstrer.es\/hu\/term\u00e9k\/papir-vodor-kraft-51-l-2\/#primaryimage\"},\"thumbnailUrl\":\"https:\/\/wolt.demonstrer.es\/hu\/wp-content\/uploads\/sites\/10\/2023\/10\/20300006.jpg\",\"datePublished\":\"2024-05-03T05:14:51+00:00\",\"dateModified\":\"2025-10-23T05:12:37+00:00\",\"breadcrumb\":{\"@id\":\"https:\/\/wolt.demonstrer.es\/hu\/term\u00e9k\/papir-vodor-kraft-51-l-2\/#breadcrumb\"},\"inLanguage\":\"hu\",\"potentialAction\":[{\"@type\":\"ReadAction\",\"target\":[\"https:\/\/wolt.demonstrer.es\/hu\/term\u00e9k\/papir-vodor-kraft-51-l-2\/\"]}]},{\"@type\":\"ImageObject\",\"inLanguage\":\"hu\",\"@id\":\"https:\/\/wolt.demonstrer.es\/hu\/term\u00e9k\/papir-vodor-kraft-51-l-2\/#primaryimage\",\"url\":\"https:\/\/wolt.demonstrer.es\/hu\/wp-content\/uploads\/sites\/10\/2023\/10\/20300006.jpg\",\"contentUrl\":\"https:\/\/wolt.demonstrer.es\/hu\/wp-content\/uploads\/sites\/10\/2023\/10\/20300006.jpg\",\"width\":1500,\"height\":1486},{\"@type\":\"BreadcrumbList\",\"@id\":\"https:\/\/wolt.demonstrer.es\/hu\/term\u00e9k\/papir-vodor-kraft-51-l-2\/#breadcrumb\",\"itemListElement\":[{\"@type\":\"ListItem\",\"position\":1,\"name\":\"Home\",\"item\":\"https:\/\/wolt.demonstrer.es\/hu\/\"},{\"@type\":\"ListItem\",\"position\":2,\"name\":\"\u00dczlet\",\"item\":\"https:\/\/wolt.demonstrer.es\/hu\/uzlet\/\"},{\"@type\":\"ListItem\",\"position\":3,\"name\":\"Pap\u00edr v\u00f6d\u00f6r &#8211; Kraft &#8211; 5,1 L\"}]},{\"@type\":\"WebSite\",\"@id\":\"https:\/\/wolt.demonstrer.es\/hu\/#website\",\"url\":\"https:\/\/wolt.demonstrer.es\/hu\/\",\"name\":\"Wolt \u00c9ttermi Csomagol\u00f3anyag Webshop\",\"description\":\"Gyors, megb\u00edzhat\u00f3 \u00e9s olcs\u00f3 \u00e9ttermi csomagol\u00f3anyag-rendel\u00e9s kisz\u00e1ll\u00edt\u00e1shoz, helyben fogyaszt\u00e1shoz a Wolt-t\u00f3l.\",\"publisher\":{\"@id\":\"https:\/\/wolt.demonstrer.es\/hu\/#organization\"},\"alternateName\":\"Wolt Vend\u00e9gl\u00e1t\u00f3ipari Csomagol\u00f3anyag Webshop\",\"potentialAction\":[{\"@type\":\"SearchAction\",\"target\":{\"@type\":\"EntryPoint\",\"urlTemplate\":\"https:\/\/wolt.demonstrer.es\/hu\/?s={search_term_string}\"},\"query-input\":{\"@type\":\"PropertyValueSpecification\",\"valueRequired\":true,\"valueName\":\"search_term_string\"}}],\"inLanguage\":\"hu\"},{\"@type\":\"Organization\",\"@id\":\"https:\/\/wolt.demonstrer.es\/hu\/#organization\",\"name\":\"Wolt \u00c9ttermi Csomagol\u00f3anyag Webshop\",\"alternateName\":\"Wolt \u00c9ttermi Csomagol\u00f3anyag Webshop\",\"url\":\"https:\/\/wolt.demonstrer.es\/hu\/\",\"logo\":{\"@type\":\"ImageObject\",\"inLanguage\":\"hu\",\"@id\":\"https:\/\/wolt.demonstrer.es\/hu\/#\/schema\/logo\/image\/\",\"url\":\"https:\/\/wolt.demonstrer.es\/hu\/wp-content\/uploads\/sites\/10\/2023\/02\/wolt-logo.svg\",\"contentUrl\":\"https:\/\/wolt.demonstrer.es\/hu\/wp-content\/uploads\/sites\/10\/2023\/02\/wolt-logo.svg\",\"caption\":\"Wolt \u00c9ttermi Csomagol\u00f3anyag Webshop\"},\"image\":{\"@id\":\"https:\/\/wolt.demonstrer.es\/hu\/#\/schema\/logo\/image\/\"}}]}<\/script>\n<!-- \/ Yoast SEO plugin. -->","yoast_head_json":{"title":"Pap\u00edr v\u00f6d\u00f6r - Kraft - 5,1 L | Wolt \u00c9ttermi Csomagol\u00f3anyag Webshop","robots":{"index":"index","follow":"follow","max-snippet":"max-snippet:-1","max-image-preview":"max-image-preview:large","max-video-preview":"max-video-preview:-1"},"canonical":"https:\/\/wolt.demonstrer.es\/hu\/term\u00e9k\/papir-vodor-kraft-51-l-2\/","og_locale":"hu_HU","og_type":"article","og_title":"Pap\u00edr v\u00f6d\u00f6r - Kraft - 5,1 L | Wolt \u00c9ttermi Csomagol\u00f3anyag Webshop","og_description":"Pap\u00edr v\u00f6d\u00f6r - Kraft - 5,1 L,25 darab\/csomag","og_url":"https:\/\/wolt.demonstrer.es\/hu\/term\u00e9k\/papir-vodor-kraft-51-l-2\/","og_site_name":"Wolt \u00c9ttermi Csomagol\u00f3anyag Webshop","article_modified_time":"2025-10-23T05:12:37+00:00","og_image":[{"width":1500,"height":1486,"url":"https:\/\/wolt.demonstrer.es\/hu\/wp-content\/uploads\/sites\/10\/2023\/06\/20300006.jpg","type":"image\/jpeg"}],"twitter_card":"summary_large_image","twitter_misc":{"Becs\u00fclt olvas\u00e1si id\u0151":"1 perc"},"schema":{"@context":"https:\/\/schema.org","@graph":[{"@type":"WebPage","@id":"https:\/\/wolt.demonstrer.es\/hu\/term\u00e9k\/papir-vodor-kraft-51-l-2\/","url":"https:\/\/wolt.demonstrer.es\/hu\/term\u00e9k\/papir-vodor-kraft-51-l-2\/","name":"Pap\u00edr v\u00f6d\u00f6r - Kraft - 5,1 L | Wolt \u00c9ttermi Csomagol\u00f3anyag Webshop","isPartOf":{"@id":"https:\/\/wolt.demonstrer.es\/hu\/#website"},"primaryImageOfPage":{"@id":"https:\/\/wolt.demonstrer.es\/hu\/term\u00e9k\/papir-vodor-kraft-51-l-2\/#primaryimage"},"image":{"@id":"https:\/\/wolt.demonstrer.es\/hu\/term\u00e9k\/papir-vodor-kraft-51-l-2\/#primaryimage"},"thumbnailUrl":"https:\/\/wolt.demonstrer.es\/hu\/wp-content\/uploads\/sites\/10\/2023\/10\/20300006.jpg","datePublished":"2024-05-03T05:14:51+00:00","dateModified":"2025-10-23T05:12:37+00:00","breadcrumb":{"@id":"https:\/\/wolt.demonstrer.es\/hu\/term\u00e9k\/papir-vodor-kraft-51-l-2\/#breadcrumb"},"inLanguage":"hu","potentialAction":[{"@type":"ReadAction","target":["https:\/\/wolt.demonstrer.es\/hu\/term\u00e9k\/papir-vodor-kraft-51-l-2\/"]}]},{"@type":"ImageObject","inLanguage":"hu","@id":"https:\/\/wolt.demonstrer.es\/hu\/term\u00e9k\/papir-vodor-kraft-51-l-2\/#primaryimage","url":"https:\/\/wolt.demonstrer.es\/hu\/wp-content\/uploads\/sites\/10\/2023\/10\/20300006.jpg","contentUrl":"https:\/\/wolt.demonstrer.es\/hu\/wp-content\/uploads\/sites\/10\/2023\/10\/20300006.jpg","width":1500,"height":1486},{"@type":"BreadcrumbList","@id":"https:\/\/wolt.demonstrer.es\/hu\/term\u00e9k\/papir-vodor-kraft-51-l-2\/#breadcrumb","itemListElement":[{"@type":"ListItem","position":1,"name":"Home","item":"https:\/\/wolt.demonstrer.es\/hu\/"},{"@type":"ListItem","position":2,"name":"\u00dczlet","item":"https:\/\/wolt.demonstrer.es\/hu\/uzlet\/"},{"@type":"ListItem","position":3,"name":"Pap\u00edr v\u00f6d\u00f6r &#8211; Kraft &#8211; 5,1 L"}]},{"@type":"WebSite","@id":"https:\/\/wolt.demonstrer.es\/hu\/#website","url":"https:\/\/wolt.demonstrer.es\/hu\/","name":"Wolt \u00c9ttermi Csomagol\u00f3anyag Webshop","description":"Gyors, megb\u00edzhat\u00f3 \u00e9s olcs\u00f3 \u00e9ttermi csomagol\u00f3anyag-rendel\u00e9s kisz\u00e1ll\u00edt\u00e1shoz, helyben fogyaszt\u00e1shoz a Wolt-t\u00f3l.","publisher":{"@id":"https:\/\/wolt.demonstrer.es\/hu\/#organization"},"alternateName":"Wolt Vend\u00e9gl\u00e1t\u00f3ipari Csomagol\u00f3anyag Webshop","potentialAction":[{"@type":"SearchAction","target":{"@type":"EntryPoint","urlTemplate":"https:\/\/wolt.demonstrer.es\/hu\/?s={search_term_string}"},"query-input":{"@type":"PropertyValueSpecification","valueRequired":true,"valueName":"search_term_string"}}],"inLanguage":"hu"},{"@type":"Organization","@id":"https:\/\/wolt.demonstrer.es\/hu\/#organization","name":"Wolt \u00c9ttermi Csomagol\u00f3anyag Webshop","alternateName":"Wolt \u00c9ttermi Csomagol\u00f3anyag Webshop","url":"https:\/\/wolt.demonstrer.es\/hu\/","logo":{"@type":"ImageObject","inLanguage":"hu","@id":"https:\/\/wolt.demonstrer.es\/hu\/#\/schema\/logo\/image\/","url":"https:\/\/wolt.demonstrer.es\/hu\/wp-content\/uploads\/sites\/10\/2023\/02\/wolt-logo.svg","contentUrl":"https:\/\/wolt.demonstrer.es\/hu\/wp-content\/uploads\/sites\/10\/2023\/02\/wolt-logo.svg","caption":"Wolt \u00c9ttermi Csomagol\u00f3anyag Webshop"},"image":{"@id":"https:\/\/wolt.demonstrer.es\/hu\/#\/schema\/logo\/image\/"}}]}},"uagb_featured_image_src":{"full":["https:\/\/wolt.demonstrer.es\/hu\/wp-content\/uploads\/sites\/10\/2023\/10\/20300006.jpg",1500,1486,false],"thumbnail":["https:\/\/wolt.demonstrer.es\/hu\/wp-content\/uploads\/sites\/10\/2023\/10\/20300006-150x150.jpg",150,150,true],"medium":["https:\/\/wolt.demonstrer.es\/hu\/wp-content\/uploads\/sites\/10\/2023\/10\/20300006-300x297.jpg",300,297,true],"medium_large":["https:\/\/wolt.demonstrer.es\/hu\/wp-content\/uploads\/sites\/10\/2023\/10\/20300006-768x761.jpg",768,761,true],"large":["https:\/\/wolt.demonstrer.es\/hu\/wp-content\/uploads\/sites\/10\/2023\/10\/20300006-1024x1014.jpg",1024,1014,true],"1536x1536":["https:\/\/wolt.demonstrer.es\/hu\/wp-content\/uploads\/sites\/10\/2023\/10\/20300006.jpg",1500,1486,false],"2048x2048":["https:\/\/wolt.demonstrer.es\/hu\/wp-content\/uploads\/sites\/10\/2023\/10\/20300006.jpg",1500,1486,false],"post-thumbnail":["https:\/\/wolt.demonstrer.es\/hu\/wp-content\/uploads\/sites\/10\/2023\/10\/20300006-480x360.jpg",480,360,true],"gform-image-choice-sm":["https:\/\/wolt.demonstrer.es\/hu\/wp-content\/uploads\/sites\/10\/2023\/10\/20300006-300x300.jpg",300,300,true],"gform-image-choice-md":["https:\/\/wolt.demonstrer.es\/hu\/wp-content\/uploads\/sites\/10\/2023\/10\/20300006-400x400.jpg",400,400,true],"gform-image-choice-lg":["https:\/\/wolt.demonstrer.es\/hu\/wp-content\/uploads\/sites\/10\/2023\/10\/20300006-600x600.jpg",600,600,true],"woocommerce_thumbnail":["https:\/\/wolt.demonstrer.es\/hu\/wp-content\/uploads\/sites\/10\/2023\/10\/20300006-300x297.jpg",300,297,true],"woocommerce_single":["https:\/\/wolt.demonstrer.es\/hu\/wp-content\/uploads\/sites\/10\/2023\/10\/20300006-600x594.jpg",600,594,true],"woocommerce_gallery_thumbnail":["https:\/\/wolt.demonstrer.es\/hu\/wp-content\/uploads\/sites\/10\/2023\/10\/20300006-250x250.jpg",250,250,true],"dgwt-wcas-product-suggestion":["https:\/\/wolt.demonstrer.es\/hu\/wp-content\/uploads\/sites\/10\/2023\/10\/20300006-64x63.jpg",64,63,true]},"uagb_author_info":{"display_name":"maksimer","author_link":"https:\/\/wolt.demonstrer.es\/hu\/author\/"},"uagb_comment_info":0,"uagb_excerpt":"Pap\u00edr v\u00f6d\u00f6r - Kraft - 5,1 L,25 darab\/csomag","_links":{"self":[{"href":"https:\/\/wolt.demonstrer.es\/hu\/wp-json\/wp\/v2\/product\/5948","targetHints":{"allow":["GET"]}}],"collection":[{"href":"https:\/\/wolt.demonstrer.es\/hu\/wp-json\/wp\/v2\/product"}],"about":[{"href":"https:\/\/wolt.demonstrer.es\/hu\/wp-json\/wp\/v2\/types\/product"}],"wp:featuredmedia":[{"embeddable":true,"href":"https:\/\/wolt.demonstrer.es\/hu\/wp-json\/wp\/v2\/media\/11460"}],"wp:attachment":[{"href":"https:\/\/wolt.demonstrer.es\/hu\/wp-json\/wp\/v2\/media?parent=5948"}],"wp:term":[{"taxonomy":"product_brand","embeddable":true,"href":"https:\/\/wolt.demonstrer.es\/hu\/wp-json\/wp\/v2\/product_brand?post=5948"},{"taxonomy":"product_cat","embeddable":true,"href":"https:\/\/wolt.demonstrer.es\/hu\/wp-json\/wp\/v2\/product_cat?post=5948"},{"taxonomy":"product_tag","embeddable":true,"href":"https:\/\/wolt.demonstrer.es\/hu\/wp-json\/wp\/v2\/product_tag?post=5948"}],"curies":[{"name":"wp","href":"https:\/\/api.w.org\/{rel}","templated":true}]}}