{"id":823,"date":"2023-02-20T18:13:44","date_gmt":"2023-02-20T17:13:44","guid":{"rendered":"https:\/\/wolt.demonstrer.es\/lu\/?page_id=823"},"modified":"2025-02-05T18:18:34","modified_gmt":"2025-02-05T17:18:34","slug":"gear","status":"publish","type":"page","link":"https:\/\/wolt.demonstrer.es\/lu\/","title":{"rendered":"Gear"},"content":{"rendered":"\n<div class=\"wp-block-cover alignfull is-light has-custom-content-position is-position-center-right is-style-banner\"><span aria-hidden=\"true\" class=\"wp-block-cover__background has-background-dim-0 has-background-dim\"><\/span><video class=\"wp-block-cover__video-background intrinsic-ignore\" autoplay muted loop playsinline src=\"https:\/\/wolt.demonstrer.es\/lu\/wp-content\/uploads\/sites\/26\/2023\/02\/4a-PizzaDeliveryOutside.mp4\" data-object-fit=\"cover\"><\/video><div class=\"wp-block-cover__inner-container is-layout-flow wp-block-cover-is-layout-flow\">\n<h1 class=\"wp-block-heading has-text-align-left has-white-color has-text-color has-link-color has-huge-font-size wp-elements-c5bfc22e0fe11a8b1bc6613be81a64a2\">Holen Sie sich Ihre WOLT-Ausr\u00fcstung<\/h1>\n\n\n\n<div class=\"wp-block-buttons is-layout-flex wp-block-buttons-is-layout-flex\">\n<div class=\"wp-block-button\"><a class=\"wp-block-button__link has-white-color has-primary-background-color has-text-color has-background wp-element-button\" href=\"https:\/\/wolt.demonstrer.es\/lu\/produkt-kategori\/courier-gears\/\">Zum Laden gehen<\/a><\/div>\n\n\n\n<div class=\"wp-block-button\"><a class=\"wp-block-button__link has-white-color has-black-background-color has-text-color has-background wp-element-button\" href=\"https:\/\/wolt.demonstrer.es\/lu\/contact\/\">Kontaktiere uns<\/a><\/div>\n<\/div>\n<\/div><\/div>\n\n\n\n<div class=\"wp-block-uagb-container uagb-block-429c0098 alignwide uagb-is-root-container\">\n<div class=\"wp-block-uagb-container uagb-block-0e14a45f\">\n<div class=\"wp-block-uagb-info-box uagb-block-fd47cc11 uagb-infobox__content-wrap  uagb-infobox-icon-left uagb-infobox-left uagb-infobox-stacked-tablet uagb-infobox-image-valign-middle usp\"><div class=\"uagb-ifb-image-content\"><img decoding=\"async\" src=\"https:\/\/wolt.demonstrer.es\/lu\/wp-content\/uploads\/sites\/26\/2023\/02\/Frame-3.svg\" alt=\"\" width=\"42\" height=\"45\" loading=\"lazy\"\/><\/div><div class=\"uagb-ifb-content\"><div class=\"uagb-ifb-title-wrap\"><h3 class=\"uagb-ifb-title\">Kostenloser Frakt<\/h3><\/div><p class=\"uagb-ifb-desc\">ab 50,- \u20ac<\/p><\/div><\/div>\n<\/div>\n\n\n\n<div class=\"wp-block-uagb-container uagb-block-0094b8e9\">\n<div class=\"wp-block-uagb-info-box uagb-block-15744d35 uagb-infobox__content-wrap  uagb-infobox-icon-left uagb-infobox-left uagb-infobox-stacked-tablet uagb-infobox-image-valign-middle usp\"><div class=\"uagb-ifb-image-content\"><img decoding=\"async\" src=\"https:\/\/wolt.demonstrer.es\/lu\/wp-content\/uploads\/sites\/26\/2023\/02\/affordability-icon.svg\" alt=\"\" width=\"42\" height=\"42\" loading=\"lazy\"\/><\/div><div class=\"uagb-ifb-content\"><div class=\"uagb-ifb-title-wrap\"><h3 class=\"uagb-ifb-title\">Bezahlbarkeit<\/h3><\/div><\/div><\/div>\n<\/div>\n\n\n\n<div class=\"wp-block-uagb-container uagb-block-a9aee812\">\n<div class=\"wp-block-uagb-info-box uagb-block-1648c5b3 uagb-infobox__content-wrap  uagb-infobox-icon-left uagb-infobox-left uagb-infobox-stacked-tablet uagb-infobox-image-valign-middle usp\"><div class=\"uagb-ifb-image-content\"><img decoding=\"async\" src=\"https:\/\/wolt.demonstrer.es\/lu\/wp-content\/uploads\/sites\/26\/2023\/02\/Frame-2.svg\" alt=\"\" width=\"42\" height=\"44\" loading=\"lazy\"\/><\/div><div class=\"uagb-ifb-content\"><div class=\"uagb-ifb-title-wrap\"><h3 class=\"uagb-ifb-title\">Nachhaltigkeit<\/h3><\/div><\/div><\/div>\n<\/div>\n\n\n\n<div class=\"wp-block-uagb-container uagb-block-c51e5362\">\n<div class=\"wp-block-uagb-info-box uagb-block-4ee785d3 uagb-infobox__content-wrap  uagb-infobox-icon-left uagb-infobox-left uagb-infobox-stacked-tablet uagb-infobox-image-valign-middle usp\"><div class=\"uagb-ifb-image-content\"><img decoding=\"async\" src=\"https:\/\/wolt.demonstrer.es\/lu\/wp-content\/uploads\/sites\/26\/2023\/02\/Frame.svg\" alt=\"\" width=\"42\" height=\"48\" loading=\"lazy\"\/><\/div><div class=\"uagb-ifb-content\"><div class=\"uagb-ifb-title-wrap\"><h3 class=\"uagb-ifb-title\">Vertrauensw\u00fcrdige Marke<\/h3><\/div><p class=\"uagb-ifb-desc\">Qualit\u00e4tsgarantie<\/p><\/div><\/div>\n<\/div>\n<\/div>\n\n\n\n<div class=\"wp-block-media-text alignwide has-media-on-the-right is-stacked-on-mobile\" style=\"margin-top:0;margin-right:0;margin-bottom:0;margin-left:0;grid-template-columns:auto 60%\"><div class=\"wp-block-media-text__content\">\n<h2 class=\"wp-block-heading has-xlarge-font-size\">Bekomm dein Wolt-Aur\u00fcstung<\/h2>\n\n\n\n<p><\/p>\n\n\n\n<p class=\"has-lead-paragraph-font-size\">Wolt Gear bietet eine vielf\u00e4ltige Produktpalette, die das Kuriererlebnis verbessern soll. Von ergonomischen Rucks\u00e4cken und langlebigen Liefertaschen bis hin zu isolierten Beh\u00e4ltern und Zubeh\u00f6r bietet Wolt Courier Gear Kurieren zuverl\u00e4ssige und effiziente Werkzeuge, mit denen sie ihre Lieferungen problemlos durchf\u00fchren k\u00f6nnen.<\/p>\n\n\n\n<div class=\"wp-block-buttons is-layout-flex wp-block-buttons-is-layout-flex\">\n<div class=\"wp-block-button\"><a class=\"wp-block-button__link wp-element-button\" href=\"https:\/\/wolt.demonstrer.es\/lu\/produkt-kategori\/courier-gears\/\">Alle Ausr\u00fcstung ansehen<\/a><\/div>\n<\/div>\n<\/div><figure class=\"wp-block-media-text__media\"><a href=\"https:\/\/wolt.demonstrer.es\/lu\/produkt-kategori\/courier-gears\/\"><img loading=\"lazy\" decoding=\"async\" width=\"1024\" height=\"683\" src=\"https:\/\/wolt.demonstrer.es\/lu\/wp-content\/uploads\/sites\/26\/2023\/02\/wolt-gear-1024x683.jpg\" alt=\"\" class=\"wp-image-825 size-full\" srcset=\"https:\/\/wolt.demonstrer.es\/lu\/wp-content\/uploads\/sites\/26\/2023\/02\/wolt-gear-1024x683.jpg 1024w, https:\/\/wolt.demonstrer.es\/lu\/wp-content\/uploads\/sites\/26\/2023\/02\/wolt-gear-300x200.jpg 300w, https:\/\/wolt.demonstrer.es\/lu\/wp-content\/uploads\/sites\/26\/2023\/02\/wolt-gear-768x512.jpg 768w, https:\/\/wolt.demonstrer.es\/lu\/wp-content\/uploads\/sites\/26\/2023\/02\/wolt-gear-1536x1024.jpg 1536w, https:\/\/wolt.demonstrer.es\/lu\/wp-content\/uploads\/sites\/26\/2023\/02\/wolt-gear-2048x1366.jpg 2048w, https:\/\/wolt.demonstrer.es\/lu\/wp-content\/uploads\/sites\/26\/2023\/02\/wolt-gear-600x400.jpg 600w, https:\/\/wolt.demonstrer.es\/lu\/wp-content\/uploads\/sites\/26\/2023\/02\/wolt-gear-64x43.jpg 64w\" sizes=\"auto, (max-width: 1024px) 100vw, 1024px\" \/><\/a><\/figure><\/div>\n\n\n\n<div class=\"wp-block-uagb-container uagb-block-d414b2d3 alignfull uagb-is-root-container\"><div class=\"uagb-container-inner-blocks-wrap\">\n<div class=\"wp-block-uagb-container uagb-block-d7841284\">\n<h2 class=\"wp-block-heading has-text-align-center\">starter kits<\/h2>\n<\/div>\n\n\n\n<div class=\"wp-block-uagb-container uagb-block-9ecdbc6e\">\n<div class=\"wp-block-media-text alignwide is-stacked-on-mobile is-style-stack-content\"><figure class=\"wp-block-media-text__media\"><img loading=\"lazy\" decoding=\"async\" width=\"1024\" height=\"683\" src=\"https:\/\/wolt.demonstrer.es\/lu\/wp-content\/uploads\/sites\/26\/2023\/12\/Courier-partner-061-2-2048x1365-1-1024x683.jpg\" alt=\"\" class=\"wp-image-2104 size-large\" srcset=\"https:\/\/wolt.demonstrer.es\/lu\/wp-content\/uploads\/sites\/26\/2023\/12\/Courier-partner-061-2-2048x1365-1-1024x683.jpg 1024w, https:\/\/wolt.demonstrer.es\/lu\/wp-content\/uploads\/sites\/26\/2023\/12\/Courier-partner-061-2-2048x1365-1-300x200.jpg 300w, https:\/\/wolt.demonstrer.es\/lu\/wp-content\/uploads\/sites\/26\/2023\/12\/Courier-partner-061-2-2048x1365-1-768x512.jpg 768w, https:\/\/wolt.demonstrer.es\/lu\/wp-content\/uploads\/sites\/26\/2023\/12\/Courier-partner-061-2-2048x1365-1-1536x1024.jpg 1536w, https:\/\/wolt.demonstrer.es\/lu\/wp-content\/uploads\/sites\/26\/2023\/12\/Courier-partner-061-2-2048x1365-1-600x400.jpg 600w, https:\/\/wolt.demonstrer.es\/lu\/wp-content\/uploads\/sites\/26\/2023\/12\/Courier-partner-061-2-2048x1365-1-64x43.jpg 64w, https:\/\/wolt.demonstrer.es\/lu\/wp-content\/uploads\/sites\/26\/2023\/12\/Courier-partner-061-2-2048x1365-1.jpg 2048w\" sizes=\"auto, (max-width: 1024px) 100vw, 1024px\" \/><\/figure><div class=\"wp-block-media-text__content\">\n<h3 class=\"wp-block-heading\">Starter-kit Auto<\/h3>\n\n\n\n<p><\/p>\n\n\n\n<div class=\"wp-block-buttons is-layout-flex wp-block-buttons-is-layout-flex\">\n<div class=\"wp-block-button\"><a class=\"wp-block-button__link wp-element-button\" href=\"https:\/\/wolt.demonstrer.es\/lu\/produkt\/starter-kit-auto\/\">Mehr sehen<\/a><\/div>\n<\/div>\n<\/div><\/div>\n<\/div>\n\n\n\n<div class=\"wp-block-uagb-container uagb-block-00689b00\">\n<div class=\"wp-block-media-text alignwide is-stacked-on-mobile is-style-stack-content\"><figure class=\"wp-block-media-text__media\"><img loading=\"lazy\" decoding=\"async\" width=\"1024\" height=\"683\" src=\"https:\/\/wolt.demonstrer.es\/lu\/wp-content\/uploads\/sites\/26\/2023\/12\/Courier-partner-032-2048x1365-1-1024x683.jpg\" alt=\"\" class=\"wp-image-2105 size-large\" srcset=\"https:\/\/wolt.demonstrer.es\/lu\/wp-content\/uploads\/sites\/26\/2023\/12\/Courier-partner-032-2048x1365-1-1024x683.jpg 1024w, https:\/\/wolt.demonstrer.es\/lu\/wp-content\/uploads\/sites\/26\/2023\/12\/Courier-partner-032-2048x1365-1-300x200.jpg 300w, https:\/\/wolt.demonstrer.es\/lu\/wp-content\/uploads\/sites\/26\/2023\/12\/Courier-partner-032-2048x1365-1-768x512.jpg 768w, https:\/\/wolt.demonstrer.es\/lu\/wp-content\/uploads\/sites\/26\/2023\/12\/Courier-partner-032-2048x1365-1-1536x1024.jpg 1536w, https:\/\/wolt.demonstrer.es\/lu\/wp-content\/uploads\/sites\/26\/2023\/12\/Courier-partner-032-2048x1365-1-600x400.jpg 600w, https:\/\/wolt.demonstrer.es\/lu\/wp-content\/uploads\/sites\/26\/2023\/12\/Courier-partner-032-2048x1365-1-64x43.jpg 64w, https:\/\/wolt.demonstrer.es\/lu\/wp-content\/uploads\/sites\/26\/2023\/12\/Courier-partner-032-2048x1365-1.jpg 2048w\" sizes=\"auto, (max-width: 1024px) 100vw, 1024px\" \/><\/figure><div class=\"wp-block-media-text__content\">\n<h3 class=\"wp-block-heading\">Starter-kit Fahrrad <\/h3>\n\n\n\n<p><\/p>\n\n\n\n<div class=\"wp-block-buttons is-layout-flex wp-block-buttons-is-layout-flex\">\n<div class=\"wp-block-button\"><a class=\"wp-block-button__link wp-element-button\" href=\"https:\/\/wolt.demonstrer.es\/lu\/produkt\/starter-kit-fahrrad\/\">Mehr sehen<\/a><\/div>\n<\/div>\n<\/div><\/div>\n<\/div>\n<\/div><\/div>\n\n\n\n<h2 class=\"wp-block-heading has-text-align-center\">Our bestsellers<\/h2>\n\n\n","protected":false},"excerpt":{"rendered":"<p>starter kits Starter-kit Auto Starter-kit Fahrrad Our bestsellers<\/p>\n","protected":false},"author":1,"featured_media":0,"parent":0,"menu_order":0,"comment_status":"closed","ping_status":"closed","template":"","meta":{"_acf_changed":false,"_uag_custom_page_level_css":"","_editorskit_title_hidden":false,"_editorskit_reading_time":0,"_editorskit_is_block_options_detached":false,"_editorskit_block_options_position":"{}","site-sidebar-layout":"default","site-content-layout":"","ast-site-content-layout":"default","site-content-style":"default","site-sidebar-style":"default","ast-global-header-display":"","ast-banner-title-visibility":"","ast-main-header-display":"","ast-hfb-above-header-display":"","ast-hfb-below-header-display":"","ast-hfb-mobile-header-display":"","site-post-title":"disabled","ast-breadcrumbs-content":"","ast-featured-img":"","footer-sml-layout":"","theme-transparent-header-meta":"","adv-header-id-meta":"","stick-header-meta":"","header-above-stick-meta":"","header-main-stick-meta":"","header-below-stick-meta":"","astra-migrate-meta-layouts":"set","ast-page-background-enabled":"default","ast-page-background-meta":{"desktop":{"background-color":"var(--ast-global-color-4)","background-image":"","background-repeat":"repeat","background-position":"center center","background-size":"auto","background-attachment":"scroll","background-type":"","background-media":"","overlay-type":"","overlay-color":"","overlay-opacity":"","overlay-gradient":""},"tablet":{"background-color":"","background-image":"","background-repeat":"repeat","background-position":"center center","background-size":"auto","background-attachment":"scroll","background-type":"","background-media":"","overlay-type":"","overlay-color":"","overlay-opacity":"","overlay-gradient":""},"mobile":{"background-color":"","background-image":"","background-repeat":"repeat","background-position":"center center","background-size":"auto","background-attachment":"scroll","background-type":"","background-media":"","overlay-type":"","overlay-color":"","overlay-opacity":"","overlay-gradient":""}},"ast-content-background-meta":{"desktop":{"background-color":"var(--ast-global-color-5)","background-image":"","background-repeat":"repeat","background-position":"center center","background-size":"auto","background-attachment":"scroll","background-type":"","background-media":"","overlay-type":"","overlay-color":"","overlay-opacity":"","overlay-gradient":""},"tablet":{"background-color":"var(--ast-global-color-5)","background-image":"","background-repeat":"repeat","background-position":"center center","background-size":"auto","background-attachment":"scroll","background-type":"","background-media":"","overlay-type":"","overlay-color":"","overlay-opacity":"","overlay-gradient":""},"mobile":{"background-color":"var(--ast-global-color-5)","background-image":"","background-repeat":"repeat","background-position":"center center","background-size":"auto","background-attachment":"scroll","background-type":"","background-media":"","overlay-type":"","overlay-color":"","overlay-opacity":"","overlay-gradient":""}},"footnotes":""},"class_list":["post-823","page","type-page","status-publish","hentry"],"acf":[],"uagb_featured_image_src":{"full":false,"thumbnail":false,"medium":false,"medium_large":false,"large":false,"1536x1536":false,"2048x2048":false,"post-thumbnail":false,"gform-image-choice-sm":false,"gform-image-choice-md":false,"gform-image-choice-lg":false,"woocommerce_thumbnail":false,"woocommerce_single":false,"woocommerce_gallery_thumbnail":false,"dgwt-wcas-product-suggestion":false},"uagb_author_info":{"display_name":"maksimer","author_link":"https:\/\/wolt.demonstrer.es\/lu\/author\/maksimer\/"},"uagb_comment_info":0,"uagb_excerpt":"starter kits Starter-kit Auto Starter-kit Fahrrad Our bestsellers","_links":{"self":[{"href":"https:\/\/wolt.demonstrer.es\/lu\/wp-json\/wp\/v2\/pages\/823","targetHints":{"allow":["GET"]}}],"collection":[{"href":"https:\/\/wolt.demonstrer.es\/lu\/wp-json\/wp\/v2\/pages"}],"about":[{"href":"https:\/\/wolt.demonstrer.es\/lu\/wp-json\/wp\/v2\/types\/page"}],"author":[{"embeddable":true,"href":"https:\/\/wolt.demonstrer.es\/lu\/wp-json\/wp\/v2\/users\/1"}],"replies":[{"embeddable":true,"href":"https:\/\/wolt.demonstrer.es\/lu\/wp-json\/wp\/v2\/comments?post=823"}],"version-history":[{"count":3,"href":"https:\/\/wolt.demonstrer.es\/lu\/wp-json\/wp\/v2\/pages\/823\/revisions"}],"predecessor-version":[{"id":2150,"href":"https:\/\/wolt.demonstrer.es\/lu\/wp-json\/wp\/v2\/pages\/823\/revisions\/2150"}],"wp:attachment":[{"href":"https:\/\/wolt.demonstrer.es\/lu\/wp-json\/wp\/v2\/media?parent=823"}],"curies":[{"name":"wp","href":"https:\/\/api.w.org\/{rel}","templated":true}]}}