{"id":10502,"date":"2025-05-12T21:37:11","date_gmt":"2025-05-12T18:37:11","guid":{"rendered":"https:\/\/wolt.demonstrer.es\/ro\/?page_id=10502"},"modified":"2025-05-12T21:37:13","modified_gmt":"2025-05-12T18:37:13","slug":"wolt-drive","status":"publish","type":"page","link":"https:\/\/wolt.demonstrer.es\/ro\/wolt-drive\/","title":{"rendered":"Wolt drive"},"content":{"rendered":"\n<p>Wolt Drive este partenerul t\u0103u de \u00eencredere pentru livr\u0103ri rapide \u0219i fiabile pe ultimul kilometru.<\/p>\n\n\n\n<p>Clien\u021bii dvs. plaseaz\u0103 o comand\u0103 prin aplica\u021bia sau magazinul dvs. web \u0219i o au \u00een m\u00e2inile lor \u00een mai pu\u021bin de o or\u0103.<\/p>\n\n\n\n<p>Nu exist\u0103 comision asociat cu utilizarea serviciului Wolt Drive. V\u00e2nz\u0103torilor li se percepe o tax\u0103 de livrare \u0219i se fac factura o dat\u0103 pe lun\u0103.<\/p>\n","protected":false},"excerpt":{"rendered":"<p>Wolt Drive este partenerul t\u0103u de \u00eencredere pentru livr\u0103ri rapide \u0219i fiabile pe ultimul kilometru. Clien\u021bii dvs. plaseaz\u0103 o comand\u0103 prin aplica\u021bia sau magazinul dvs. web \u0219i o au \u00een m\u00e2inile lor \u00een mai pu\u021bin de o or\u0103. Nu exist\u0103 comision asociat cu utilizarea serviciului Wolt Drive. V\u00e2nz\u0103torilor li se percepe o tax\u0103 de livrare [&hellip;]<\/p>\n","protected":false},"author":10013793,"featured_media":0,"parent":0,"menu_order":0,"comment_status":"closed","ping_status":"closed","template":"","meta":{"_acf_changed":false,"_uag_custom_page_level_css":"","_editorskit_title_hidden":false,"_editorskit_reading_time":0,"_editorskit_is_block_options_detached":false,"_editorskit_block_options_position":"{}","site-sidebar-layout":"default","site-content-layout":"","ast-site-content-layout":"default","site-content-style":"default","site-sidebar-style":"default","ast-global-header-display":"","ast-banner-title-visibility":"","ast-main-header-display":"","ast-hfb-above-header-display":"","ast-hfb-below-header-display":"","ast-hfb-mobile-header-display":"","site-post-title":"","ast-breadcrumbs-content":"","ast-featured-img":"","footer-sml-layout":"","theme-transparent-header-meta":"","adv-header-id-meta":"","stick-header-meta":"","header-above-stick-meta":"","header-main-stick-meta":"","header-below-stick-meta":"","astra-migrate-meta-layouts":"set","ast-page-background-enabled":"default","ast-page-background-meta":{"desktop":{"background-color":"var(--ast-global-color-4)","background-image":"","background-repeat":"repeat","background-position":"center center","background-size":"auto","background-attachment":"scroll","background-type":"","background-media":"","overlay-type":"","overlay-color":"","overlay-opacity":"","overlay-gradient":""},"tablet":{"background-color":"","background-image":"","background-repeat":"repeat","background-position":"center center","background-size":"auto","background-attachment":"scroll","background-type":"","background-media":"","overlay-type":"","overlay-color":"","overlay-opacity":"","overlay-gradient":""},"mobile":{"background-color":"","background-image":"","background-repeat":"repeat","background-position":"center center","background-size":"auto","background-attachment":"scroll","background-type":"","background-media":"","overlay-type":"","overlay-color":"","overlay-opacity":"","overlay-gradient":""}},"ast-content-background-meta":{"desktop":{"background-color":"var(--ast-global-color-5)","background-image":"","background-repeat":"repeat","background-position":"center center","background-size":"auto","background-attachment":"scroll","background-type":"","background-media":"","overlay-type":"","overlay-color":"","overlay-opacity":"","overlay-gradient":""},"tablet":{"background-color":"var(--ast-global-color-5)","background-image":"","background-repeat":"repeat","background-position":"center center","background-size":"auto","background-attachment":"scroll","background-type":"","background-media":"","overlay-type":"","overlay-color":"","overlay-opacity":"","overlay-gradient":""},"mobile":{"background-color":"var(--ast-global-color-5)","background-image":"","background-repeat":"repeat","background-position":"center center","background-size":"auto","background-attachment":"scroll","background-type":"","background-media":"","overlay-type":"","overlay-color":"","overlay-opacity":"","overlay-gradient":""}},"footnotes":""},"class_list":["post-10502","page","type-page","status-publish","hentry"],"acf":[],"uagb_featured_image_src":{"full":false,"thumbnail":false,"medium":false,"medium_large":false,"large":false,"1536x1536":false,"2048x2048":false,"post-thumbnail":false,"gform-image-choice-sm":false,"gform-image-choice-md":false,"gform-image-choice-lg":false,"woocommerce_thumbnail":false,"woocommerce_single":false,"woocommerce_gallery_thumbnail":false,"dgwt-wcas-product-suggestion":false},"uagb_author_info":{"display_name":"Daniela Cristea","author_link":"https:\/\/wolt.demonstrer.es\/ro\/author\/danielacristea\/"},"uagb_comment_info":0,"uagb_excerpt":"Wolt Drive este partenerul t\u0103u de \u00eencredere pentru livr\u0103ri rapide \u0219i fiabile pe ultimul kilometru. Clien\u021bii dvs. plaseaz\u0103 o comand\u0103 prin aplica\u021bia sau magazinul dvs. web \u0219i o au \u00een m\u00e2inile lor \u00een mai pu\u021bin de o or\u0103. Nu exist\u0103 comision asociat cu utilizarea serviciului Wolt Drive. V\u00e2nz\u0103torilor li se percepe o tax\u0103 de livrare&hellip;","_links":{"self":[{"href":"https:\/\/wolt.demonstrer.es\/ro\/wp-json\/wp\/v2\/pages\/10502","targetHints":{"allow":["GET"]}}],"collection":[{"href":"https:\/\/wolt.demonstrer.es\/ro\/wp-json\/wp\/v2\/pages"}],"about":[{"href":"https:\/\/wolt.demonstrer.es\/ro\/wp-json\/wp\/v2\/types\/page"}],"author":[{"embeddable":true,"href":"https:\/\/wolt.demonstrer.es\/ro\/wp-json\/wp\/v2\/users\/10013793"}],"replies":[{"embeddable":true,"href":"https:\/\/wolt.demonstrer.es\/ro\/wp-json\/wp\/v2\/comments?post=10502"}],"version-history":[{"count":1,"href":"https:\/\/wolt.demonstrer.es\/ro\/wp-json\/wp\/v2\/pages\/10502\/revisions"}],"predecessor-version":[{"id":10504,"href":"https:\/\/wolt.demonstrer.es\/ro\/wp-json\/wp\/v2\/pages\/10502\/revisions\/10504"}],"wp:attachment":[{"href":"https:\/\/wolt.demonstrer.es\/ro\/wp-json\/wp\/v2\/media?parent=10502"}],"curies":[{"name":"wp","href":"https:\/\/api.w.org\/{rel}","templated":true}]}}