{"id":1439,"date":"2023-03-14T13:52:01","date_gmt":"2023-03-14T12:52:01","guid":{"rendered":"https:\/\/wolt.demonstrer.es\/rof\/?page_id=1439"},"modified":"2025-04-12T20:17:36","modified_gmt":"2025-04-12T17:17:36","slug":"sustainable-packaging","status":"publish","type":"page","link":"https:\/\/wolt.demonstrer.es\/ro\/sustainable-packaging\/","title":{"rendered":"Udr\u017eiteln\u00e9 obaly"},"content":{"rendered":"\n<div style=\"height:15px\" aria-hidden=\"true\" class=\"wp-block-spacer\"><\/div>\n\n\n\n<p><\/p>\n\n\n\n<h2 class=\"wp-block-heading has-text-align-center\"><\/h2>\n\n\n\n<h1 class=\"wp-block-heading has-text-align-center\"><strong>Cu recipientul reutilizabil \u0219i Wolt pe calea sustenabilit\u0103\u021bii<\/strong><\/h1>\n\n\n\n<h2 class=\"wp-block-heading has-text-align-center\"><\/h2>\n\n\n\n<div class=\"wp-block-media-text is-stacked-on-mobile is-vertically-aligned-center\" style=\"grid-template-columns:49% auto\"><figure class=\"wp-block-media-text__media\"><img loading=\"lazy\" decoding=\"async\" width=\"1024\" height=\"680\" src=\"https:\/\/wolt.demonstrer.es\/rof\/wp-content\/uploads\/sites\/45\/2024\/01\/2022_09_rekrabicka-rekelimek-1024x680.png\" alt=\"\" class=\"wp-image-4469 size-full\" srcset=\"https:\/\/wolt.demonstrer.es\/ro\/wp-content\/uploads\/sites\/45\/2024\/01\/2022_09_rekrabicka-rekelimek-1024x680.png 1024w, https:\/\/wolt.demonstrer.es\/ro\/wp-content\/uploads\/sites\/45\/2024\/01\/2022_09_rekrabicka-rekelimek-300x199.png 300w, https:\/\/wolt.demonstrer.es\/ro\/wp-content\/uploads\/sites\/45\/2024\/01\/2022_09_rekrabicka-rekelimek-768x510.png 768w, https:\/\/wolt.demonstrer.es\/ro\/wp-content\/uploads\/sites\/45\/2024\/01\/2022_09_rekrabicka-rekelimek-600x399.png 600w, https:\/\/wolt.demonstrer.es\/ro\/wp-content\/uploads\/sites\/45\/2024\/01\/2022_09_rekrabicka-rekelimek-64x43.png 64w, https:\/\/wolt.demonstrer.es\/ro\/wp-content\/uploads\/sites\/45\/2024\/01\/2022_09_rekrabicka-rekelimek.png 1102w\" sizes=\"auto, (max-width: 1024px) 100vw, 1024px\" \/><\/figure><div class=\"wp-block-media-text__content\">\n<p class=\"has-text-align-left\">REkrabi\u010dka este primul sistem ceh de ambalaje reutilizabile pentru m\u00e2ncare \u201ela pachet\u201d, creat special pentru afaceri din domeniul gastronomic. Iar dac\u0103 nu utiliza\u021bi \u00eenc\u0103 acest serviciu, datorit\u0103 ofertei Wolt, pute\u021bi beneficia de REkrabi\u010dky la condi\u021bii avantajoase \u0219i la dumneavoastr\u0103! Pute\u021bi s\u0103 v\u0103 a\u0219tepta\u021bi la:<\/p>\n\n\n\n<p>30% REDUCERE timp de 3 luni din pre\u021bul serviciului REkrabi\u010dka (reducerea se aplic\u0103 la taxa lunar\u0103 pentru serviciu). <br>10 REkrabi\u010dek GRATUITE (la alegere) pentru pachetul de start.<\/p>\n\n\n\n<p class=\"has-text-align-left\">Este suficient s\u0103 contacta\u021bi unul dintre reprezentan\u021bii REkrabi\u010dky \u0219i s\u0103-i spune\u021bi c\u0103 dori\u021bi s\u0103 beneficia\u021bi de aceast\u0103 ofert\u0103 de la Wolt. Suntem convin\u0219i c\u0103 aceast\u0103 posibilitate v\u0103 va bucura \u0219i c\u0103 ve\u021bi \u00eencepe cur\u00e2nd s\u0103 c\u0103l\u0103tori\u021bi al\u0103turi de noi pe calea sustenabilit\u0103\u021bii.<\/p>\n<\/div><\/div>\n\n\n\n<h1 class=\"wp-block-heading has-text-align-center\"><\/h1>\n\n\n\n<h1 class=\"wp-block-heading has-text-align-center\"><strong>Cum s\u0103 livra\u021bi m\u00e2ncare \u00een REkrabi\u010dce.<\/strong><\/h1>\n\n\n\n<h1 class=\"wp-block-heading has-text-align-center\"><\/h1>\n\n\n\n<div class=\"wp-block-media-text has-media-on-the-right is-stacked-on-mobile\"><div class=\"wp-block-media-text__content\">\n<p class=\"has-text-align-left\">Dup\u0103 \u00eenceperea colabor\u0103rii cu REkrabi\u010dka, trimite\u021bi o cerere pentru activarea acesteia \u00een aplica\u021bia Wolt la restaurants.czechia@wolt.com sau \u00een chatul de suport Wolt pe care \u00eel ave\u021bi pe iPad. De asemenea, pute\u021bi suna la managerul dumneavoastr\u0103 de cont. Indiferent de modalitatea prin care contacta\u021bi, op\u021biunea va fi disponibil\u0103 \u00een meniu \u00een c\u00e2teva zile.<\/p>\n\n\n\n<p class=\"has-text-align-left\">Pentru REkrabi\u010dka nu se aplic\u0103 niciun comision, a\u0219adar articolul va fi SETAT AUTOMAT PE 0% COMISION.<\/p>\n\n\n\n<p class=\"has-text-align-left\">Haide\u021bi s\u0103 construim \u00eempreun\u0103 drumul c\u0103tre o afacere sustenabil\u0103. \u00cen cazul oric\u0103ror \u00eentreb\u0103ri, nu ezita\u021bi s\u0103 ne contacta\u021bi.<\/p>\n<\/div><figure class=\"wp-block-media-text__media\"><img loading=\"lazy\" decoding=\"async\" width=\"1024\" height=\"538\" src=\"https:\/\/wolt.demonstrer.es\/rof\/wp-content\/uploads\/sites\/45\/2024\/01\/74ef0379-c037-4320-b3b8-95e6e650b6ee_SB_M0088-Edit-copy-1024x538.jpg\" alt=\"\" class=\"wp-image-4443 size-full\" srcset=\"https:\/\/wolt.demonstrer.es\/ro\/wp-content\/uploads\/sites\/45\/2024\/01\/74ef0379-c037-4320-b3b8-95e6e650b6ee_SB_M0088-Edit-copy-1024x538.jpg 1024w, https:\/\/wolt.demonstrer.es\/ro\/wp-content\/uploads\/sites\/45\/2024\/01\/74ef0379-c037-4320-b3b8-95e6e650b6ee_SB_M0088-Edit-copy-300x158.jpg 300w, https:\/\/wolt.demonstrer.es\/ro\/wp-content\/uploads\/sites\/45\/2024\/01\/74ef0379-c037-4320-b3b8-95e6e650b6ee_SB_M0088-Edit-copy-768x403.jpg 768w, https:\/\/wolt.demonstrer.es\/ro\/wp-content\/uploads\/sites\/45\/2024\/01\/74ef0379-c037-4320-b3b8-95e6e650b6ee_SB_M0088-Edit-copy-600x315.jpg 600w, https:\/\/wolt.demonstrer.es\/ro\/wp-content\/uploads\/sites\/45\/2024\/01\/74ef0379-c037-4320-b3b8-95e6e650b6ee_SB_M0088-Edit-copy-64x34.jpg 64w, https:\/\/wolt.demonstrer.es\/ro\/wp-content\/uploads\/sites\/45\/2024\/01\/74ef0379-c037-4320-b3b8-95e6e650b6ee_SB_M0088-Edit-copy.jpg 1200w\" sizes=\"auto, (max-width: 1024px) 100vw, 1024px\" \/><\/figure><\/div>\n\n\n\n<h2 class=\"wp-block-heading has-text-align-center\"><\/h2>\n\n\n\n<p class=\"has-text-align-center\">Pentru mai multe informa\u021bii despre ambalajele sustenabile, vizita\u021bi site-ul www.rekrabicka.cz.<\/p>\n\n\n\n<p><\/p>\n\n\n\n<div class=\"wp-block-columns is-layout-flex wp-container-core-columns-is-layout-28f84493 wp-block-columns-is-layout-flex\">\n<div class=\"wp-block-column is-layout-flow wp-block-column-is-layout-flow\">\n<figure class=\"wp-block-image size-full is-resized\"><img loading=\"lazy\" decoding=\"async\" width=\"816\" height=\"510\" src=\"https:\/\/wolt.demonstrer.es\/rof\/wp-content\/uploads\/sites\/45\/2024\/01\/rekrabicka-3.png\" alt=\"\" class=\"wp-image-4481\" style=\"width:490px;height:auto\" srcset=\"https:\/\/wolt.demonstrer.es\/ro\/wp-content\/uploads\/sites\/45\/2024\/01\/rekrabicka-3.png 816w, https:\/\/wolt.demonstrer.es\/ro\/wp-content\/uploads\/sites\/45\/2024\/01\/rekrabicka-3-300x188.png 300w, https:\/\/wolt.demonstrer.es\/ro\/wp-content\/uploads\/sites\/45\/2024\/01\/rekrabicka-3-768x480.png 768w, https:\/\/wolt.demonstrer.es\/ro\/wp-content\/uploads\/sites\/45\/2024\/01\/rekrabicka-3-600x375.png 600w, https:\/\/wolt.demonstrer.es\/ro\/wp-content\/uploads\/sites\/45\/2024\/01\/rekrabicka-3-64x40.png 64w\" sizes=\"auto, (max-width: 816px) 100vw, 816px\" \/><\/figure>\n<\/div>\n\n\n\n<div class=\"wp-block-column is-layout-flow wp-block-column-is-layout-flow\">\n<figure class=\"wp-block-image size-full is-resized\"><img loading=\"lazy\" decoding=\"async\" width=\"225\" height=\"225\" src=\"https:\/\/wolt.demonstrer.es\/rof\/wp-content\/uploads\/sites\/45\/2024\/01\/images.png\" alt=\"\" class=\"wp-image-4483\" style=\"width:274px;height:auto\" srcset=\"https:\/\/wolt.demonstrer.es\/ro\/wp-content\/uploads\/sites\/45\/2024\/01\/images.png 225w, https:\/\/wolt.demonstrer.es\/ro\/wp-content\/uploads\/sites\/45\/2024\/01\/images-150x150.png 150w, https:\/\/wolt.demonstrer.es\/ro\/wp-content\/uploads\/sites\/45\/2024\/01\/images-100x100.png 100w, https:\/\/wolt.demonstrer.es\/ro\/wp-content\/uploads\/sites\/45\/2024\/01\/images-64x64.png 64w\" sizes=\"auto, (max-width: 225px) 100vw, 225px\" \/><\/figure>\n<\/div>\n\n\n\n<div class=\"wp-block-column is-layout-flow wp-block-column-is-layout-flow\">\n<figure class=\"wp-block-image size-large is-resized\"><img loading=\"lazy\" decoding=\"async\" width=\"1024\" height=\"1024\" src=\"https:\/\/wolt.demonstrer.es\/rof\/wp-content\/uploads\/sites\/45\/2024\/01\/Portrait-FB-Insta-Wolt_disc_logo_RGB-5-1024x1024.jpg\" alt=\"\" class=\"wp-image-4482\" style=\"width:256px;height:auto\" srcset=\"https:\/\/wolt.demonstrer.es\/ro\/wp-content\/uploads\/sites\/45\/2024\/01\/Portrait-FB-Insta-Wolt_disc_logo_RGB-5-1024x1024.jpg 1024w, https:\/\/wolt.demonstrer.es\/ro\/wp-content\/uploads\/sites\/45\/2024\/01\/Portrait-FB-Insta-Wolt_disc_logo_RGB-5-300x300.jpg 300w, https:\/\/wolt.demonstrer.es\/ro\/wp-content\/uploads\/sites\/45\/2024\/01\/Portrait-FB-Insta-Wolt_disc_logo_RGB-5-150x150.jpg 150w, https:\/\/wolt.demonstrer.es\/ro\/wp-content\/uploads\/sites\/45\/2024\/01\/Portrait-FB-Insta-Wolt_disc_logo_RGB-5-768x768.jpg 768w, https:\/\/wolt.demonstrer.es\/ro\/wp-content\/uploads\/sites\/45\/2024\/01\/Portrait-FB-Insta-Wolt_disc_logo_RGB-5-600x600.jpg 600w, https:\/\/wolt.demonstrer.es\/ro\/wp-content\/uploads\/sites\/45\/2024\/01\/Portrait-FB-Insta-Wolt_disc_logo_RGB-5-100x100.jpg 100w, https:\/\/wolt.demonstrer.es\/ro\/wp-content\/uploads\/sites\/45\/2024\/01\/Portrait-FB-Insta-Wolt_disc_logo_RGB-5-64x64.jpg 64w, https:\/\/wolt.demonstrer.es\/ro\/wp-content\/uploads\/sites\/45\/2024\/01\/Portrait-FB-Insta-Wolt_disc_logo_RGB-5.jpg 1152w\" sizes=\"auto, (max-width: 1024px) 100vw, 1024px\" \/><\/figure>\n<\/div>\n<\/div>\n","protected":false},"excerpt":{"rendered":"<p>Cu recipientul reutilizabil \u0219i Wolt pe calea sustenabilit\u0103\u021bii REkrabi\u010dka este primul sistem ceh de ambalaje reutilizabile pentru m\u00e2ncare \u201ela pachet\u201d, creat special pentru afaceri din domeniul gastronomic. Iar dac\u0103 nu utiliza\u021bi \u00eenc\u0103 acest serviciu, datorit\u0103 ofertei Wolt, pute\u021bi beneficia de REkrabi\u010dky la condi\u021bii avantajoase \u0219i la dumneavoastr\u0103! Pute\u021bi s\u0103 v\u0103 a\u0219tepta\u021bi la: 30% REDUCERE timp [&hellip;]<\/p>\n","protected":false},"author":4,"featured_media":0,"parent":0,"menu_order":0,"comment_status":"closed","ping_status":"closed","template":"","meta":{"_acf_changed":false,"_uag_custom_page_level_css":"","_editorskit_title_hidden":false,"_editorskit_reading_time":0,"_editorskit_is_block_options_detached":false,"_editorskit_block_options_position":"{}","site-sidebar-layout":"default","site-content-layout":"","ast-site-content-layout":"default","site-content-style":"default","site-sidebar-style":"default","ast-global-header-display":"","ast-banner-title-visibility":"","ast-main-header-display":"","ast-hfb-above-header-display":"","ast-hfb-below-header-display":"","ast-hfb-mobile-header-display":"","site-post-title":"disabled","ast-breadcrumbs-content":"","ast-featured-img":"","footer-sml-layout":"","theme-transparent-header-meta":"","adv-header-id-meta":"","stick-header-meta":"","header-above-stick-meta":"","header-main-stick-meta":"","header-below-stick-meta":"","astra-migrate-meta-layouts":"set","ast-page-background-enabled":"default","ast-page-background-meta":{"desktop":{"background-color":"var(--ast-global-color-4)","background-image":"","background-repeat":"repeat","background-position":"center center","background-size":"auto","background-attachment":"scroll","background-type":"","background-media":"","overlay-type":"","overlay-color":"","overlay-opacity":"","overlay-gradient":""},"tablet":{"background-color":"","background-image":"","background-repeat":"repeat","background-position":"center center","background-size":"auto","background-attachment":"scroll","background-type":"","background-media":"","overlay-type":"","overlay-color":"","overlay-opacity":"","overlay-gradient":""},"mobile":{"background-color":"","background-image":"","background-repeat":"repeat","background-position":"center center","background-size":"auto","background-attachment":"scroll","background-type":"","background-media":"","overlay-type":"","overlay-color":"","overlay-opacity":"","overlay-gradient":""}},"ast-content-background-meta":{"desktop":{"background-color":"var(--ast-global-color-5)","background-image":"","background-repeat":"repeat","background-position":"center center","background-size":"auto","background-attachment":"scroll","background-type":"","background-media":"","overlay-type":"","overlay-color":"","overlay-opacity":"","overlay-gradient":""},"tablet":{"background-color":"var(--ast-global-color-5)","background-image":"","background-repeat":"repeat","background-position":"center center","background-size":"auto","background-attachment":"scroll","background-type":"","background-media":"","overlay-type":"","overlay-color":"","overlay-opacity":"","overlay-gradient":""},"mobile":{"background-color":"var(--ast-global-color-5)","background-image":"","background-repeat":"repeat","background-position":"center center","background-size":"auto","background-attachment":"scroll","background-type":"","background-media":"","overlay-type":"","overlay-color":"","overlay-opacity":"","overlay-gradient":""}},"footnotes":"[]"},"class_list":["post-1439","page","type-page","status-publish","hentry"],"acf":[],"uagb_featured_image_src":{"full":false,"thumbnail":false,"medium":false,"medium_large":false,"large":false,"1536x1536":false,"2048x2048":false,"post-thumbnail":false,"gform-image-choice-sm":false,"gform-image-choice-md":false,"gform-image-choice-lg":false,"woocommerce_thumbnail":false,"woocommerce_single":false,"woocommerce_gallery_thumbnail":false,"dgwt-wcas-product-suggestion":false},"uagb_author_info":{"display_name":"christianmathy","author_link":"https:\/\/wolt.demonstrer.es\/ro\/author\/christianmathy\/"},"uagb_comment_info":0,"uagb_excerpt":"Cu recipientul reutilizabil \u0219i Wolt pe calea sustenabilit\u0103\u021bii REkrabi\u010dka este primul sistem ceh de ambalaje reutilizabile pentru m\u00e2ncare \u201ela pachet\u201d, creat special pentru afaceri din domeniul gastronomic. Iar dac\u0103 nu utiliza\u021bi \u00eenc\u0103 acest serviciu, datorit\u0103 ofertei Wolt, pute\u021bi beneficia de REkrabi\u010dky la condi\u021bii avantajoase \u0219i la dumneavoastr\u0103! Pute\u021bi s\u0103 v\u0103 a\u0219tepta\u021bi la: 30% REDUCERE timp&hellip;","_links":{"self":[{"href":"https:\/\/wolt.demonstrer.es\/ro\/wp-json\/wp\/v2\/pages\/1439","targetHints":{"allow":["GET"]}}],"collection":[{"href":"https:\/\/wolt.demonstrer.es\/ro\/wp-json\/wp\/v2\/pages"}],"about":[{"href":"https:\/\/wolt.demonstrer.es\/ro\/wp-json\/wp\/v2\/types\/page"}],"author":[{"embeddable":true,"href":"https:\/\/wolt.demonstrer.es\/ro\/wp-json\/wp\/v2\/users\/4"}],"replies":[{"embeddable":true,"href":"https:\/\/wolt.demonstrer.es\/ro\/wp-json\/wp\/v2\/comments?post=1439"}],"version-history":[{"count":2,"href":"https:\/\/wolt.demonstrer.es\/ro\/wp-json\/wp\/v2\/pages\/1439\/revisions"}],"predecessor-version":[{"id":10289,"href":"https:\/\/wolt.demonstrer.es\/ro\/wp-json\/wp\/v2\/pages\/1439\/revisions\/10289"}],"wp:attachment":[{"href":"https:\/\/wolt.demonstrer.es\/ro\/wp-json\/wp\/v2\/media?parent=1439"}],"curies":[{"name":"wp","href":"https:\/\/api.w.org\/{rel}","templated":true}]}}