{"id":823,"date":"2023-02-20T18:13:44","date_gmt":"2023-02-20T17:13:44","guid":{"rendered":"https:\/\/wolt.demonstrer.es\/rou\/?page_id=823"},"modified":"2025-06-24T15:20:16","modified_gmt":"2025-06-24T13:20:16","slug":"gear","status":"publish","type":"page","link":"https:\/\/wolt.demonstrer.es\/rou\/","title":{"rendered":"echipament"},"content":{"rendered":"\n<div class=\"wp-block-media-text alignwide has-media-on-the-right is-stacked-on-mobile\" style=\"margin-top:0;margin-right:0;margin-bottom:0;margin-left:0;grid-template-columns:auto 60%\"><div class=\"wp-block-media-text__content\">\n<h2 class=\"wp-block-heading has-xlarge-font-size\">Comanda\u021bi echipamentul Wolt<\/h2>\n\n\n\n<p class=\"has-lead-paragraph-font-size\"><strong>Magazinul online Wolt este locul dedicat partenerilor de livrare care \u00ee\u0219i doresc echipamente de calitate, fiabile \u0219i adaptate nevoilor lor zilnice.<\/strong> Aici g\u0103se\u0219ti o gam\u0103 variat\u0103 de produse special concepute pentru a optimiza experien\u021ba de livrare: de la gen\u021bi termoizolate \u0219i durabile, p\u00e2n\u0103 la accesorii utile care fac fiecare livrare mai eficient\u0103 \u0219i mai confortabil\u0103. Echipamentele Wolt sunt create pentru a oferi sprijin real \u00een teren, contribuind la livr\u0103ri rapide, sigure \u0219i f\u0103r\u0103 compromisuri.<\/p>\n\n\n\n<div class=\"wp-block-buttons is-layout-flex wp-block-buttons-is-layout-flex\">\n<div class=\"wp-block-button\"><a class=\"wp-block-button__link wp-element-button\" href=\"https:\/\/wolt.demonstrer.es\/rou\/produkt-kategori\/courier-gears\/\">Vezi toate echipamentele disponibile<\/a><\/div>\n<\/div>\n<\/div><figure class=\"wp-block-media-text__media\"><a href=\"https:\/\/wolt.demonstrer.es\/rou\/produkt-kategori\/courier-gears\/\"><img loading=\"lazy\" decoding=\"async\" width=\"1024\" height=\"683\" src=\"https:\/\/wolt.demonstrer.es\/rou\/wp-content\/uploads\/sites\/47\/2023\/02\/wolt-gear-1024x683.jpg\" alt=\"\" class=\"wp-image-825 size-full\" srcset=\"https:\/\/wolt.demonstrer.es\/rou\/wp-content\/uploads\/sites\/47\/2023\/02\/wolt-gear-1024x683.jpg 1024w, https:\/\/wolt.demonstrer.es\/rou\/wp-content\/uploads\/sites\/47\/2023\/02\/wolt-gear-300x200.jpg 300w, https:\/\/wolt.demonstrer.es\/rou\/wp-content\/uploads\/sites\/47\/2023\/02\/wolt-gear-768x512.jpg 768w, https:\/\/wolt.demonstrer.es\/rou\/wp-content\/uploads\/sites\/47\/2023\/02\/wolt-gear-1536x1024.jpg 1536w, https:\/\/wolt.demonstrer.es\/rou\/wp-content\/uploads\/sites\/47\/2023\/02\/wolt-gear-2048x1366.jpg 2048w, https:\/\/wolt.demonstrer.es\/rou\/wp-content\/uploads\/sites\/47\/2023\/02\/wolt-gear-600x400.jpg 600w, https:\/\/wolt.demonstrer.es\/rou\/wp-content\/uploads\/sites\/47\/2023\/02\/wolt-gear-64x43.jpg 64w\" sizes=\"auto, (max-width: 1024px) 100vw, 1024px\" \/><\/a><\/figure><\/div>\n\n\n\n<h2 class=\"wp-block-heading has-text-align-center\">CELE MAI V\u00c2NDUTE<\/h2>\n\n\n\n<div class=\"woocommerce maksimer-handpicked-products maksimer-product-block align has-4-columns columns-4  slider dots arrows\">\n\n\t<ul class=\"products columns-4\">\n<li class=\"desktop-align-left tablet-align-left mobile-align-left ast-product-gallery-layout-horizontal-slider ast-product-tabs-layout-accordion product type-product post-570 status-publish first instock product_cat-courier-gears product_cat-bike product_cat-bike-bag product_tag-dsv has-post-thumbnail taxable shipping-taxable purchasable product-type-simple\">\n\t<a href=\"https:\/\/wolt.demonstrer.es\/rou\/produkt\/bike-bag\/\" class=\"woocommerce-LoopProduct-link woocommerce-loop-product__link\"><img loading=\"lazy\" decoding=\"async\" width=\"300\" height=\"169\" src=\"https:\/\/wolt.demonstrer.es\/rou\/wp-content\/uploads\/sites\/47\/2023\/02\/Bike20Bag20B-BB000220III_0eyXKzO_thumb_big-2-300x169.jpg\" class=\"attachment-woocommerce_thumbnail size-woocommerce_thumbnail\" alt=\"Geant\u0103 de biciclet\u0103\" srcset=\"https:\/\/wolt.demonstrer.es\/rou\/wp-content\/uploads\/sites\/47\/2023\/02\/Bike20Bag20B-BB000220III_0eyXKzO_thumb_big-2-300x169.jpg 300w, https:\/\/wolt.demonstrer.es\/rou\/wp-content\/uploads\/sites\/47\/2023\/02\/Bike20Bag20B-BB000220III_0eyXKzO_thumb_big-2-64x36.jpg 64w, https:\/\/wolt.demonstrer.es\/rou\/wp-content\/uploads\/sites\/47\/2023\/02\/Bike20Bag20B-BB000220III_0eyXKzO_thumb_big-2.jpg 500w\" sizes=\"auto, (max-width: 300px) 100vw, 300px\" \/><h2 class=\"woocommerce-loop-product__title\">Geant\u0103 de biciclet\u0103<\/h2>\n\t<span class=\"price\"><span class=\"woocommerce-Price-amount amount\"><bdi>175&nbsp;<span class=\"woocommerce-Price-currencySymbol\">&euro;<\/span><\/bdi><\/span> <small class=\"woocommerce-price-suffix\">vklj. DDV<\/small><\/span>\n<\/a><a href=\"\/rou\/wp-json\/wp\/v2\/pages\/823?add-to-cart=570\" aria-describedby=\"woocommerce_loop_add_to_cart_link_describedby_570\" data-quantity=\"1\" class=\"button product_type_simple add_to_cart_button ajax_add_to_cart \" data-product_id=\"570\" data-product_sku=\"B-BB0002\" aria-label=\"Add to cart: &ldquo;Geant\u0103 de biciclet\u0103&rdquo;\" rel=\"nofollow\" data-success_message=\"&ldquo;Geant\u0103 de biciclet\u0103&rdquo; has been added to your cart\" role=\"button\">Add to cart<\/a>\t<span id=\"woocommerce_loop_add_to_cart_link_describedby_570\" class=\"screen-reader-text\">\n\t\t\t<\/span>\n<\/li>\n<li class=\"desktop-align-left tablet-align-left mobile-align-left ast-product-gallery-layout-horizontal-slider ast-product-gallery-with-no-image ast-product-single-variable ast-product-tabs-layout-accordion product type-product post-687 status-publish instock product_cat-courier-gears product_cat-clothing product_cat-wolt-jacket product_tag-dsv has-post-thumbnail taxable shipping-taxable purchasable product-type-variable has-default-attributes\">\n\t<a href=\"https:\/\/wolt.demonstrer.es\/rou\/produkt\/wolt-jacket\/\" class=\"woocommerce-LoopProduct-link woocommerce-loop-product__link\"><img loading=\"lazy\" decoding=\"async\" width=\"300\" height=\"169\" src=\"https:\/\/wolt.demonstrer.es\/rou\/wp-content\/uploads\/sites\/47\/2023\/02\/Wolt_Jacket_2_thumb_big-300x169.jpeg\" class=\"attachment-woocommerce_thumbnail size-woocommerce_thumbnail\" alt=\"Jacheta\" srcset=\"https:\/\/wolt.demonstrer.es\/rou\/wp-content\/uploads\/sites\/47\/2023\/02\/Wolt_Jacket_2_thumb_big-300x169.jpeg 300w, https:\/\/wolt.demonstrer.es\/rou\/wp-content\/uploads\/sites\/47\/2023\/02\/Wolt_Jacket_2_thumb_big-64x36.jpeg 64w, https:\/\/wolt.demonstrer.es\/rou\/wp-content\/uploads\/sites\/47\/2023\/02\/Wolt_Jacket_2_thumb_big.jpeg 500w\" sizes=\"auto, (max-width: 300px) 100vw, 300px\" \/><h2 class=\"woocommerce-loop-product__title\">Jacheta<\/h2>\n\t<span class=\"price\"><span class=\"woocommerce-Price-amount amount\"><bdi>125&nbsp;<span class=\"woocommerce-Price-currencySymbol\">&euro;<\/span><\/bdi><\/span> <small class=\"woocommerce-price-suffix\">vklj. DDV<\/small><\/span>\n<\/a><a href=\"https:\/\/wolt.demonstrer.es\/rou\/produkt\/wolt-jacket\/\" aria-describedby=\"woocommerce_loop_add_to_cart_link_describedby_687\" data-quantity=\"1\" class=\"button product_type_variable add_to_cart_button \" data-product_id=\"687\" data-product_sku=\"J-WJ0001\" aria-label=\"Select options for &ldquo;Jacheta&rdquo;\" rel=\"nofollow\">Select options<\/a>\t<span id=\"woocommerce_loop_add_to_cart_link_describedby_687\" class=\"screen-reader-text\">\n\t\tThis product has multiple variants. The options may be chosen on the product page\t<\/span>\n<\/li>\n<li class=\"desktop-align-left tablet-align-left mobile-align-left ast-product-gallery-layout-horizontal-slider ast-product-gallery-with-no-image ast-product-single-variable ast-product-tabs-layout-accordion product type-product post-688 status-publish instock product_cat-courier-gears product_cat-clothing product_cat-rain-pants product_tag-dsv has-post-thumbnail taxable shipping-taxable purchasable product-type-variable has-default-attributes\">\n\t<a href=\"https:\/\/wolt.demonstrer.es\/rou\/produkt\/rainpants\/\" class=\"woocommerce-LoopProduct-link woocommerce-loop-product__link\"><img loading=\"lazy\" decoding=\"async\" width=\"300\" height=\"169\" src=\"https:\/\/wolt.demonstrer.es\/rou\/wp-content\/uploads\/sites\/47\/2023\/02\/uc-6-300x169.jpeg\" class=\"attachment-woocommerce_thumbnail size-woocommerce_thumbnail\" alt=\"Pantaloni de ploaie\" srcset=\"https:\/\/wolt.demonstrer.es\/rou\/wp-content\/uploads\/sites\/47\/2023\/02\/uc-6-300x169.jpeg 300w, https:\/\/wolt.demonstrer.es\/rou\/wp-content\/uploads\/sites\/47\/2023\/02\/uc-6-768x432.jpeg 768w, https:\/\/wolt.demonstrer.es\/rou\/wp-content\/uploads\/sites\/47\/2023\/02\/uc-6-600x337.jpeg 600w, https:\/\/wolt.demonstrer.es\/rou\/wp-content\/uploads\/sites\/47\/2023\/02\/uc-6-64x36.jpeg 64w, https:\/\/wolt.demonstrer.es\/rou\/wp-content\/uploads\/sites\/47\/2023\/02\/uc-6.jpeg 1000w\" sizes=\"auto, (max-width: 300px) 100vw, 300px\" \/><h2 class=\"woocommerce-loop-product__title\">Pantaloni de ploaie<\/h2>\n\t<span class=\"price\"><span class=\"woocommerce-Price-amount amount\"><bdi>45&nbsp;<span class=\"woocommerce-Price-currencySymbol\">&euro;<\/span><\/bdi><\/span> <small class=\"woocommerce-price-suffix\">vklj. DDV<\/small><\/span>\n<\/a><a href=\"https:\/\/wolt.demonstrer.es\/rou\/produkt\/rainpants\/\" aria-describedby=\"woocommerce_loop_add_to_cart_link_describedby_688\" data-quantity=\"1\" class=\"button product_type_variable add_to_cart_button \" data-product_id=\"688\" data-product_sku=\"RP-RP001\" aria-label=\"Select options for &ldquo;Pantaloni de ploaie&rdquo;\" rel=\"nofollow\">Select options<\/a>\t<span id=\"woocommerce_loop_add_to_cart_link_describedby_688\" class=\"screen-reader-text\">\n\t\tThis product has multiple variants. The options may be chosen on the product page\t<\/span>\n<\/li>\n<\/ul>\n\n<\/div>\n\n\n\n<h2 class=\"wp-block-heading has-text-align-center\">nout\u0103\u021bi<\/h2>\n\n\n\n<div class=\"wp-block-query is-content-justification-center is-layout-constrained wp-block-query-is-layout-constrained\"><\/div>\n\n\n\n<p><\/p>\n","protected":false},"excerpt":{"rendered":"<p>CELE MAI V\u00c2NDUTE nout\u0103\u021bi<\/p>\n","protected":false},"author":1,"featured_media":0,"parent":0,"menu_order":0,"comment_status":"closed","ping_status":"closed","template":"","meta":{"_acf_changed":false,"_uag_custom_page_level_css":"","_editorskit_title_hidden":false,"_editorskit_reading_time":0,"_editorskit_is_block_options_detached":false,"_editorskit_block_options_position":"{}","site-sidebar-layout":"default","site-content-layout":"","ast-site-content-layout":"default","site-content-style":"default","site-sidebar-style":"default","ast-global-header-display":"","ast-banner-title-visibility":"","ast-main-header-display":"","ast-hfb-above-header-display":"","ast-hfb-below-header-display":"","ast-hfb-mobile-header-display":"","site-post-title":"disabled","ast-breadcrumbs-content":"","ast-featured-img":"","footer-sml-layout":"","theme-transparent-header-meta":"","adv-header-id-meta":"","stick-header-meta":"","header-above-stick-meta":"","header-main-stick-meta":"","header-below-stick-meta":"","astra-migrate-meta-layouts":"set","ast-page-background-enabled":"default","ast-page-background-meta":{"desktop":{"background-color":"var(--ast-global-color-4)","background-image":"","background-repeat":"repeat","background-position":"center center","background-size":"auto","background-attachment":"scroll","background-type":"","background-media":"","overlay-type":"","overlay-color":"","overlay-opacity":"","overlay-gradient":""},"tablet":{"background-color":"","background-image":"","background-repeat":"repeat","background-position":"center center","background-size":"auto","background-attachment":"scroll","background-type":"","background-media":"","overlay-type":"","overlay-color":"","overlay-opacity":"","overlay-gradient":""},"mobile":{"background-color":"","background-image":"","background-repeat":"repeat","background-position":"center center","background-size":"auto","background-attachment":"scroll","background-type":"","background-media":"","overlay-type":"","overlay-color":"","overlay-opacity":"","overlay-gradient":""}},"ast-content-background-meta":{"desktop":{"background-color":"var(--ast-global-color-5)","background-image":"","background-repeat":"repeat","background-position":"center center","background-size":"auto","background-attachment":"scroll","background-type":"","background-media":"","overlay-type":"","overlay-color":"","overlay-opacity":"","overlay-gradient":""},"tablet":{"background-color":"var(--ast-global-color-5)","background-image":"","background-repeat":"repeat","background-position":"center center","background-size":"auto","background-attachment":"scroll","background-type":"","background-media":"","overlay-type":"","overlay-color":"","overlay-opacity":"","overlay-gradient":""},"mobile":{"background-color":"var(--ast-global-color-5)","background-image":"","background-repeat":"repeat","background-position":"center center","background-size":"auto","background-attachment":"scroll","background-type":"","background-media":"","overlay-type":"","overlay-color":"","overlay-opacity":"","overlay-gradient":""}},"footnotes":""},"class_list":["post-823","page","type-page","status-publish","hentry"],"acf":[],"uagb_featured_image_src":{"full":false,"thumbnail":false,"medium":false,"medium_large":false,"large":false,"1536x1536":false,"2048x2048":false,"post-thumbnail":false,"gform-image-choice-sm":false,"gform-image-choice-md":false,"gform-image-choice-lg":false,"woocommerce_thumbnail":false,"woocommerce_single":false,"woocommerce_gallery_thumbnail":false,"dgwt-wcas-product-suggestion":false},"uagb_author_info":{"display_name":"maksimer","author_link":"https:\/\/wolt.demonstrer.es\/rou\/author\/maksimer\/"},"uagb_comment_info":0,"uagb_excerpt":"CELE MAI V\u00c2NDUTE nout\u0103\u021bi","_links":{"self":[{"href":"https:\/\/wolt.demonstrer.es\/rou\/wp-json\/wp\/v2\/pages\/823","targetHints":{"allow":["GET"]}}],"collection":[{"href":"https:\/\/wolt.demonstrer.es\/rou\/wp-json\/wp\/v2\/pages"}],"about":[{"href":"https:\/\/wolt.demonstrer.es\/rou\/wp-json\/wp\/v2\/types\/page"}],"author":[{"embeddable":true,"href":"https:\/\/wolt.demonstrer.es\/rou\/wp-json\/wp\/v2\/users\/1"}],"replies":[{"embeddable":true,"href":"https:\/\/wolt.demonstrer.es\/rou\/wp-json\/wp\/v2\/comments?post=823"}],"version-history":[{"count":2,"href":"https:\/\/wolt.demonstrer.es\/rou\/wp-json\/wp\/v2\/pages\/823\/revisions"}],"predecessor-version":[{"id":3885,"href":"https:\/\/wolt.demonstrer.es\/rou\/wp-json\/wp\/v2\/pages\/823\/revisions\/3885"}],"wp:attachment":[{"href":"https:\/\/wolt.demonstrer.es\/rou\/wp-json\/wp\/v2\/media?parent=823"}],"curies":[{"name":"wp","href":"https:\/\/api.w.org\/{rel}","templated":true}]}}