{"id":1439,"date":"2023-03-14T13:52:01","date_gmt":"2023-03-14T12:52:01","guid":{"rendered":"https:\/\/wolt.demonstrer.es\/skf\/?page_id=1439"},"modified":"2024-03-04T11:36:17","modified_gmt":"2024-03-04T10:36:17","slug":"sustainable-packaging","status":"publish","type":"page","link":"https:\/\/wolt.demonstrer.es\/sk\/sustainable-packaging\/","title":{"rendered":"Udr\u017eiteln\u00e9 obaly"},"content":{"rendered":"\n<div style=\"height:15px\" aria-hidden=\"true\" class=\"wp-block-spacer\"><\/div>\n\n\n\n<p><\/p>\n\n\n\n<h2 class=\"wp-block-heading has-text-align-center\"><\/h2>\n\n\n\n<h1 class=\"wp-block-heading has-text-align-center\">S REKRABI\u010cKOU A WOLTEM  CESTOU  UDR\u017dITELNOSTI               <\/h1>\n\n\n\n<h2 class=\"wp-block-heading has-text-align-center\"><\/h2>\n\n\n\n<div class=\"wp-block-media-text is-stacked-on-mobile is-vertically-aligned-center\" style=\"grid-template-columns:49% auto\"><figure class=\"wp-block-media-text__media\"><img loading=\"lazy\" decoding=\"async\" width=\"1024\" height=\"680\" src=\"https:\/\/wolt.demonstrer.es\/skf\/wp-content\/uploads\/sites\/34\/2024\/01\/2022_09_rekrabicka-rekelimek-1024x680.png\" alt=\"\" class=\"wp-image-4469 size-full\" srcset=\"https:\/\/wolt.demonstrer.es\/sk\/wp-content\/uploads\/sites\/34\/2024\/01\/2022_09_rekrabicka-rekelimek-1024x680.png 1024w, https:\/\/wolt.demonstrer.es\/sk\/wp-content\/uploads\/sites\/34\/2024\/01\/2022_09_rekrabicka-rekelimek-300x199.png 300w, https:\/\/wolt.demonstrer.es\/sk\/wp-content\/uploads\/sites\/34\/2024\/01\/2022_09_rekrabicka-rekelimek-768x510.png 768w, https:\/\/wolt.demonstrer.es\/sk\/wp-content\/uploads\/sites\/34\/2024\/01\/2022_09_rekrabicka-rekelimek-600x399.png 600w, https:\/\/wolt.demonstrer.es\/sk\/wp-content\/uploads\/sites\/34\/2024\/01\/2022_09_rekrabicka-rekelimek-64x43.png 64w, https:\/\/wolt.demonstrer.es\/sk\/wp-content\/uploads\/sites\/34\/2024\/01\/2022_09_rekrabicka-rekelimek.png 1102w\" sizes=\"auto, (max-width: 1024px) 100vw, 1024px\" \/><\/figure><div class=\"wp-block-media-text__content\">\n<p class=\"has-text-align-left\">REkrabi\u010dka je prvn\u00ed \u010desk\u00fd <strong>syst\u00e9m znovupou\u017eiteln\u00fdch obal\u016f na j\u00eddlo s sebou<\/strong>, kter\u00fd je doslova stvo\u0159en\u00fd na m\u00edru gastro podnik\u016fm. A pokud tuto slu\u017ebu je\u0161t\u011b nevyu\u017e\u00edv\u00e1te, tak d\u00edky <strong>akci od Woltu<\/strong> m\u016f\u017eete m\u00edt REkrabi\u010dky za zv\u00fdhodn\u011bn\u00fdch podm\u00ednek tak\u00e9 u v\u00e1s! T\u011b\u0161it se m\u016f\u017eete na:<\/p>\n\n\n\n<p><strong>30% SLEVU<\/strong> na 3 m\u011bs\u00edce z ceny slu\u017eby REkrabi\u010dka (sleva se vztahuje na m\u011bs\u00ed\u010dn\u00ed poplatek za slu\u017ebu).<br><br><strong>10 REkrabi\u010dek ZDARMA <\/strong>(dle vlastn\u00edho v\u00fdb\u011bru) ke startovac\u00edmu bal\u00ed\u010dku.<\/p>\n\n\n\n<p class=\"has-text-align-left\">Sta\u010d\u00ed <strong>kontaktovat n\u011bkter\u00e9ho z <a href=\"https:\/\/www.rekrabicka.cz\/kontakty\" class=\"ek-link\">obchodn\u00edch z\u00e1stupc\u016f REkrabi\u010dky<\/a><\/strong> a sd\u011blit mu, \u017ee chcete tuto akci od Woltu vyu\u017e\u00edt. V\u011b\u0159\u00edme, \u017ee v\u00e1s tato mo\u017enost pot\u011b\u0161\u00ed a vyd\u00e1te se s n\u00e1mi cestou udr\u017eitelnosti co nevid\u011bt.<\/p>\n<\/div><\/div>\n\n\n\n<h1 class=\"wp-block-heading has-text-align-center\"><\/h1>\n\n\n\n<h1 class=\"wp-block-heading has-text-align-center\">Jak rozv\u00e1\u017eet j\u00eddlo v REkrabi\u010dce<\/h1>\n\n\n\n<h1 class=\"wp-block-heading has-text-align-center\"><\/h1>\n\n\n\n<div class=\"wp-block-media-text has-media-on-the-right is-stacked-on-mobile\"><div class=\"wp-block-media-text__content\">\n<p class=\"has-text-align-left\">Po zah\u00e1jen\u00ed spolupr\u00e1ce s REkrabi\u010dkou napi\u0161te po\u017eadavek pro jej\u00ed aktivaci ve Wolt aplikaci na <strong>restaurants.czechia@wolt.com<\/strong>, nebo <strong>do chatu s Wolt podporou<\/strong>, kter\u00fd m\u00e1te v iPadu. P\u0159\u00edpadn\u011b zavolejte sv\u00e9mu account mana\u017eerovi. A\u0165 u\u017e se ozvete jakkoliv, mo\u017enost budete m\u00edt v menu nastavenou b\u011bhem n\u011bkolika dn\u00ed.<\/p>\n\n\n\n<p class=\"has-text-align-left\">Na REkrabi\u010dku se nevztahuje \u017e\u00e1dn\u00e1 provize, tak\u017ee polo\u017eka bude <strong>AUTOMATICKY NASTAVENA S 0% PROVIZ\u013a.<\/strong><\/p>\n\n\n\n<p class=\"has-text-align-left\">Poj\u010fme spole\u010dn\u011b budovat cestu k udr\u017eiteln\u00e9mu podnik\u00e1n\u00ed. V p\u0159\u00edpad\u011b jak\u00fdchkoliv dotaz\u016f se na n\u00e1s samoz\u0159ejm\u011b m\u016f\u017eete obr\u00e1tit.<\/p>\n<\/div><figure class=\"wp-block-media-text__media\"><img loading=\"lazy\" decoding=\"async\" width=\"1024\" height=\"538\" src=\"https:\/\/wolt.demonstrer.es\/skf\/wp-content\/uploads\/sites\/34\/2024\/01\/74ef0379-c037-4320-b3b8-95e6e650b6ee_SB_M0088-Edit-copy-1024x538.jpg\" alt=\"\" class=\"wp-image-4443 size-full\" srcset=\"https:\/\/wolt.demonstrer.es\/sk\/wp-content\/uploads\/sites\/34\/2024\/01\/74ef0379-c037-4320-b3b8-95e6e650b6ee_SB_M0088-Edit-copy-1024x538.jpg 1024w, https:\/\/wolt.demonstrer.es\/sk\/wp-content\/uploads\/sites\/34\/2024\/01\/74ef0379-c037-4320-b3b8-95e6e650b6ee_SB_M0088-Edit-copy-300x158.jpg 300w, https:\/\/wolt.demonstrer.es\/sk\/wp-content\/uploads\/sites\/34\/2024\/01\/74ef0379-c037-4320-b3b8-95e6e650b6ee_SB_M0088-Edit-copy-768x403.jpg 768w, https:\/\/wolt.demonstrer.es\/sk\/wp-content\/uploads\/sites\/34\/2024\/01\/74ef0379-c037-4320-b3b8-95e6e650b6ee_SB_M0088-Edit-copy-600x315.jpg 600w, https:\/\/wolt.demonstrer.es\/sk\/wp-content\/uploads\/sites\/34\/2024\/01\/74ef0379-c037-4320-b3b8-95e6e650b6ee_SB_M0088-Edit-copy-64x34.jpg 64w, https:\/\/wolt.demonstrer.es\/sk\/wp-content\/uploads\/sites\/34\/2024\/01\/74ef0379-c037-4320-b3b8-95e6e650b6ee_SB_M0088-Edit-copy.jpg 1200w\" sizes=\"auto, (max-width: 1024px) 100vw, 1024px\" \/><\/figure><\/div>\n\n\n\n<h2 class=\"wp-block-heading has-text-align-center\"><\/h2>\n\n\n\n<p class=\"has-text-align-center\">Pro v\u00edce informac\u00ed o udr\u017eiteln\u00fdch obalech nav\u0161tivte str\u00e1nku <a href=\"https:\/\/www.rekrabicka.cz\" class=\"ek-link\"><strong>www.rekrabicka.cz<\/strong><\/a><\/p>\n\n\n\n<p><\/p>\n\n\n\n<div class=\"wp-block-columns is-layout-flex wp-container-core-columns-is-layout-28f84493 wp-block-columns-is-layout-flex\">\n<div class=\"wp-block-column is-layout-flow wp-block-column-is-layout-flow\">\n<figure class=\"wp-block-image size-full is-resized\"><img loading=\"lazy\" decoding=\"async\" width=\"816\" height=\"510\" src=\"https:\/\/wolt.demonstrer.es\/skf\/wp-content\/uploads\/sites\/34\/2024\/01\/rekrabicka-3.png\" alt=\"\" class=\"wp-image-4481\" style=\"width:490px;height:auto\" srcset=\"https:\/\/wolt.demonstrer.es\/sk\/wp-content\/uploads\/sites\/34\/2024\/01\/rekrabicka-3.png 816w, https:\/\/wolt.demonstrer.es\/sk\/wp-content\/uploads\/sites\/34\/2024\/01\/rekrabicka-3-300x188.png 300w, https:\/\/wolt.demonstrer.es\/sk\/wp-content\/uploads\/sites\/34\/2024\/01\/rekrabicka-3-768x480.png 768w, https:\/\/wolt.demonstrer.es\/sk\/wp-content\/uploads\/sites\/34\/2024\/01\/rekrabicka-3-600x375.png 600w, https:\/\/wolt.demonstrer.es\/sk\/wp-content\/uploads\/sites\/34\/2024\/01\/rekrabicka-3-64x40.png 64w\" sizes=\"auto, (max-width: 816px) 100vw, 816px\" \/><\/figure>\n<\/div>\n\n\n\n<div class=\"wp-block-column is-layout-flow wp-block-column-is-layout-flow\">\n<figure class=\"wp-block-image size-full is-resized\"><img loading=\"lazy\" decoding=\"async\" width=\"225\" height=\"225\" src=\"https:\/\/wolt.demonstrer.es\/skf\/wp-content\/uploads\/sites\/34\/2024\/01\/images.png\" alt=\"\" class=\"wp-image-4483\" style=\"width:274px;height:auto\" srcset=\"https:\/\/wolt.demonstrer.es\/sk\/wp-content\/uploads\/sites\/34\/2024\/01\/images.png 225w, https:\/\/wolt.demonstrer.es\/sk\/wp-content\/uploads\/sites\/34\/2024\/01\/images-150x150.png 150w, https:\/\/wolt.demonstrer.es\/sk\/wp-content\/uploads\/sites\/34\/2024\/01\/images-100x100.png 100w, https:\/\/wolt.demonstrer.es\/sk\/wp-content\/uploads\/sites\/34\/2024\/01\/images-64x64.png 64w\" sizes=\"auto, (max-width: 225px) 100vw, 225px\" \/><\/figure>\n<\/div>\n\n\n\n<div class=\"wp-block-column is-layout-flow wp-block-column-is-layout-flow\">\n<figure class=\"wp-block-image size-large is-resized\"><img loading=\"lazy\" decoding=\"async\" width=\"1024\" height=\"1024\" src=\"https:\/\/wolt.demonstrer.es\/skf\/wp-content\/uploads\/sites\/34\/2024\/01\/Portrait-FB-Insta-Wolt_disc_logo_RGB-5-1024x1024.jpg\" alt=\"\" class=\"wp-image-4482\" style=\"width:256px;height:auto\" srcset=\"https:\/\/wolt.demonstrer.es\/sk\/wp-content\/uploads\/sites\/34\/2024\/01\/Portrait-FB-Insta-Wolt_disc_logo_RGB-5-1024x1024.jpg 1024w, https:\/\/wolt.demonstrer.es\/sk\/wp-content\/uploads\/sites\/34\/2024\/01\/Portrait-FB-Insta-Wolt_disc_logo_RGB-5-300x300.jpg 300w, https:\/\/wolt.demonstrer.es\/sk\/wp-content\/uploads\/sites\/34\/2024\/01\/Portrait-FB-Insta-Wolt_disc_logo_RGB-5-150x150.jpg 150w, https:\/\/wolt.demonstrer.es\/sk\/wp-content\/uploads\/sites\/34\/2024\/01\/Portrait-FB-Insta-Wolt_disc_logo_RGB-5-768x768.jpg 768w, https:\/\/wolt.demonstrer.es\/sk\/wp-content\/uploads\/sites\/34\/2024\/01\/Portrait-FB-Insta-Wolt_disc_logo_RGB-5-600x600.jpg 600w, https:\/\/wolt.demonstrer.es\/sk\/wp-content\/uploads\/sites\/34\/2024\/01\/Portrait-FB-Insta-Wolt_disc_logo_RGB-5-100x100.jpg 100w, https:\/\/wolt.demonstrer.es\/sk\/wp-content\/uploads\/sites\/34\/2024\/01\/Portrait-FB-Insta-Wolt_disc_logo_RGB-5-64x64.jpg 64w, https:\/\/wolt.demonstrer.es\/sk\/wp-content\/uploads\/sites\/34\/2024\/01\/Portrait-FB-Insta-Wolt_disc_logo_RGB-5.jpg 1152w\" sizes=\"auto, (max-width: 1024px) 100vw, 1024px\" \/><\/figure>\n<\/div>\n<\/div>\n","protected":false},"excerpt":{"rendered":"<p>S REKRABI\u010cKOU A WOLTEM CESTOU UDR\u017dITELNOSTI REkrabi\u010dka je prvn\u00ed \u010desk\u00fd syst\u00e9m znovupou\u017eiteln\u00fdch obal\u016f na j\u00eddlo s sebou, kter\u00fd je doslova stvo\u0159en\u00fd na m\u00edru gastro podnik\u016fm. A pokud tuto slu\u017ebu je\u0161t\u011b nevyu\u017e\u00edv\u00e1te, tak d\u00edky akci od Woltu m\u016f\u017eete m\u00edt REkrabi\u010dky za zv\u00fdhodn\u011bn\u00fdch podm\u00ednek tak\u00e9 u v\u00e1s! T\u011b\u0161it se m\u016f\u017eete na: 30% SLEVU na 3 m\u011bs\u00edce z [&hellip;]<\/p>\n","protected":false},"author":4,"featured_media":0,"parent":0,"menu_order":0,"comment_status":"closed","ping_status":"closed","template":"","meta":{"_acf_changed":false,"_uag_custom_page_level_css":"","_editorskit_title_hidden":false,"_editorskit_reading_time":0,"_editorskit_is_block_options_detached":false,"_editorskit_block_options_position":"{}","site-sidebar-layout":"default","site-content-layout":"","ast-site-content-layout":"default","site-content-style":"default","site-sidebar-style":"default","ast-global-header-display":"","ast-banner-title-visibility":"","ast-main-header-display":"","ast-hfb-above-header-display":"","ast-hfb-below-header-display":"","ast-hfb-mobile-header-display":"","site-post-title":"disabled","ast-breadcrumbs-content":"","ast-featured-img":"","footer-sml-layout":"","theme-transparent-header-meta":"","adv-header-id-meta":"","stick-header-meta":"","header-above-stick-meta":"","header-main-stick-meta":"","header-below-stick-meta":"","astra-migrate-meta-layouts":"set","ast-page-background-enabled":"default","ast-page-background-meta":{"desktop":{"background-color":"var(--ast-global-color-4)","background-image":"","background-repeat":"repeat","background-position":"center center","background-size":"auto","background-attachment":"scroll","background-type":"","background-media":"","overlay-type":"","overlay-color":"","overlay-opacity":"","overlay-gradient":""},"tablet":{"background-color":"","background-image":"","background-repeat":"repeat","background-position":"center center","background-size":"auto","background-attachment":"scroll","background-type":"","background-media":"","overlay-type":"","overlay-color":"","overlay-opacity":"","overlay-gradient":""},"mobile":{"background-color":"","background-image":"","background-repeat":"repeat","background-position":"center center","background-size":"auto","background-attachment":"scroll","background-type":"","background-media":"","overlay-type":"","overlay-color":"","overlay-opacity":"","overlay-gradient":""}},"ast-content-background-meta":{"desktop":{"background-color":"var(--ast-global-color-5)","background-image":"","background-repeat":"repeat","background-position":"center center","background-size":"auto","background-attachment":"scroll","background-type":"","background-media":"","overlay-type":"","overlay-color":"","overlay-opacity":"","overlay-gradient":""},"tablet":{"background-color":"var(--ast-global-color-5)","background-image":"","background-repeat":"repeat","background-position":"center center","background-size":"auto","background-attachment":"scroll","background-type":"","background-media":"","overlay-type":"","overlay-color":"","overlay-opacity":"","overlay-gradient":""},"mobile":{"background-color":"var(--ast-global-color-5)","background-image":"","background-repeat":"repeat","background-position":"center center","background-size":"auto","background-attachment":"scroll","background-type":"","background-media":"","overlay-type":"","overlay-color":"","overlay-opacity":"","overlay-gradient":""}},"footnotes":"[]"},"class_list":["post-1439","page","type-page","status-publish","hentry"],"acf":[],"uagb_featured_image_src":{"full":false,"thumbnail":false,"medium":false,"medium_large":false,"large":false,"1536x1536":false,"2048x2048":false,"post-thumbnail":false,"gform-image-choice-sm":false,"gform-image-choice-md":false,"gform-image-choice-lg":false,"woocommerce_thumbnail":false,"woocommerce_single":false,"woocommerce_gallery_thumbnail":false,"dgwt-wcas-product-suggestion":false},"uagb_author_info":{"display_name":"christianmathy","author_link":"https:\/\/wolt.demonstrer.es\/sk\/author\/christianmathy\/"},"uagb_comment_info":0,"uagb_excerpt":"S REKRABI\u010cKOU A WOLTEM CESTOU UDR\u017dITELNOSTI REkrabi\u010dka je prvn\u00ed \u010desk\u00fd syst\u00e9m znovupou\u017eiteln\u00fdch obal\u016f na j\u00eddlo s sebou, kter\u00fd je doslova stvo\u0159en\u00fd na m\u00edru gastro podnik\u016fm. A pokud tuto slu\u017ebu je\u0161t\u011b nevyu\u017e\u00edv\u00e1te, tak d\u00edky akci od Woltu m\u016f\u017eete m\u00edt REkrabi\u010dky za zv\u00fdhodn\u011bn\u00fdch podm\u00ednek tak\u00e9 u v\u00e1s! T\u011b\u0161it se m\u016f\u017eete na: 30% SLEVU na 3 m\u011bs\u00edce z&hellip;","_links":{"self":[{"href":"https:\/\/wolt.demonstrer.es\/sk\/wp-json\/wp\/v2\/pages\/1439","targetHints":{"allow":["GET"]}}],"collection":[{"href":"https:\/\/wolt.demonstrer.es\/sk\/wp-json\/wp\/v2\/pages"}],"about":[{"href":"https:\/\/wolt.demonstrer.es\/sk\/wp-json\/wp\/v2\/types\/page"}],"author":[{"embeddable":true,"href":"https:\/\/wolt.demonstrer.es\/sk\/wp-json\/wp\/v2\/users\/4"}],"replies":[{"embeddable":true,"href":"https:\/\/wolt.demonstrer.es\/sk\/wp-json\/wp\/v2\/comments?post=1439"}],"version-history":[{"count":4,"href":"https:\/\/wolt.demonstrer.es\/sk\/wp-json\/wp\/v2\/pages\/1439\/revisions"}],"predecessor-version":[{"id":4722,"href":"https:\/\/wolt.demonstrer.es\/sk\/wp-json\/wp\/v2\/pages\/1439\/revisions\/4722"}],"wp:attachment":[{"href":"https:\/\/wolt.demonstrer.es\/sk\/wp-json\/wp\/v2\/media?parent=1439"}],"curies":[{"name":"wp","href":"https:\/\/api.w.org\/{rel}","templated":true}]}}