{"id":334,"date":"2023-02-15T07:54:41","date_gmt":"2023-02-15T06:54:41","guid":{"rendered":"https:\/\/wolt.demonstrer.es\/skf\/?page_id=334"},"modified":"2024-05-06T12:56:11","modified_gmt":"2024-05-06T10:56:11","slug":"shipment","status":"publish","type":"page","link":"https:\/\/wolt.demonstrer.es\/sk\/shipment\/","title":{"rendered":"Dodanie"},"content":{"rendered":"\n<h2 class=\"wp-block-heading\"><\/h2>\n\n\n\n<h1 class=\"wp-block-heading has-text-align-center\">PODMIENKY DORU\u010cENIA<\/h1>\n\n\n\n<h2 class=\"wp-block-heading\"><\/h2>\n\n\n\n<h2 class=\"wp-block-heading has-text-align-center\">DOdacia doba<\/h2>\n\n\n\n<p class=\"has-text-align-center\">Na\u0161a dodacia lehota po celej SR je 2-3 pracovn\u00e9 dni.<\/p>\n\n\n\n<p class=\"has-text-align-center\">Objedn\u00e1vky podan\u00e9 do 11:00 od pondelka do \u0161tvrtka bud\u00fa doru\u010den\u00e9 nasleduj\u00faci pracovn\u00fd de\u0148. Objedn\u00e1vky podan\u00e9 v piatok do 10:00 bud\u00fa doru\u010den\u00e9 nasleduj\u00faci pondelok.<\/p>\n\n\n\n<h2 class=\"wp-block-heading\"><\/h2>\n\n\n\n<h2 class=\"wp-block-heading has-text-align-center\">CENa DOru\u010denia<\/h2>\n\n\n\n<p class=\"has-text-align-center\">Cena za dopravu je 6 \u20ac.<\/p>\n\n\n\n<p class=\"has-text-align-center\">V pr\u00edpade objedn\u00e1vky nad 60 \u20ac je doprava zadarmo.<\/p>\n\n\n\n<h2 class=\"wp-block-heading\"><\/h2>\n","protected":false},"excerpt":{"rendered":"<p>PODMIENKY DORU\u010cENIA DOdacia doba Na\u0161a dodacia lehota po celej SR je 2-3 pracovn\u00e9 dni. Objedn\u00e1vky podan\u00e9 do 11:00 od pondelka do \u0161tvrtka bud\u00fa doru\u010den\u00e9 nasleduj\u00faci pracovn\u00fd de\u0148. Objedn\u00e1vky podan\u00e9 v piatok do 10:00 bud\u00fa doru\u010den\u00e9 nasleduj\u00faci pondelok. CENa DOru\u010denia Cena za dopravu je 6 \u20ac. V pr\u00edpade objedn\u00e1vky nad 60 \u20ac je doprava zadarmo.<\/p>\n","protected":false},"author":1,"featured_media":0,"parent":0,"menu_order":0,"comment_status":"closed","ping_status":"closed","template":"","meta":{"_acf_changed":false,"_uag_custom_page_level_css":"","_editorskit_title_hidden":false,"_editorskit_reading_time":1,"_editorskit_is_block_options_detached":false,"_editorskit_block_options_position":"{}","site-sidebar-layout":"default","site-content-layout":"","ast-site-content-layout":"default","site-content-style":"default","site-sidebar-style":"default","ast-global-header-display":"","ast-banner-title-visibility":"","ast-main-header-display":"","ast-hfb-above-header-display":"","ast-hfb-below-header-display":"","ast-hfb-mobile-header-display":"","site-post-title":"disabled","ast-breadcrumbs-content":"","ast-featured-img":"","footer-sml-layout":"","theme-transparent-header-meta":"","adv-header-id-meta":"","stick-header-meta":"","header-above-stick-meta":"","header-main-stick-meta":"","header-below-stick-meta":"","astra-migrate-meta-layouts":"set","ast-page-background-enabled":"default","ast-page-background-meta":{"desktop":{"background-color":"var(--ast-global-color-4)","background-image":"","background-repeat":"repeat","background-position":"center center","background-size":"auto","background-attachment":"scroll","background-type":"","background-media":"","overlay-type":"","overlay-color":"","overlay-opacity":"","overlay-gradient":""},"tablet":{"background-color":"","background-image":"","background-repeat":"repeat","background-position":"center center","background-size":"auto","background-attachment":"scroll","background-type":"","background-media":"","overlay-type":"","overlay-color":"","overlay-opacity":"","overlay-gradient":""},"mobile":{"background-color":"","background-image":"","background-repeat":"repeat","background-position":"center center","background-size":"auto","background-attachment":"scroll","background-type":"","background-media":"","overlay-type":"","overlay-color":"","overlay-opacity":"","overlay-gradient":""}},"ast-content-background-meta":{"desktop":{"background-color":"var(--ast-global-color-5)","background-image":"","background-repeat":"repeat","background-position":"center center","background-size":"auto","background-attachment":"scroll","background-type":"","background-media":"","overlay-type":"","overlay-color":"","overlay-opacity":"","overlay-gradient":""},"tablet":{"background-color":"var(--ast-global-color-5)","background-image":"","background-repeat":"repeat","background-position":"center center","background-size":"auto","background-attachment":"scroll","background-type":"","background-media":"","overlay-type":"","overlay-color":"","overlay-opacity":"","overlay-gradient":""},"mobile":{"background-color":"var(--ast-global-color-5)","background-image":"","background-repeat":"repeat","background-position":"center center","background-size":"auto","background-attachment":"scroll","background-type":"","background-media":"","overlay-type":"","overlay-color":"","overlay-opacity":"","overlay-gradient":""}},"footnotes":""},"class_list":["post-334","page","type-page","status-publish","hentry"],"acf":[],"uagb_featured_image_src":{"full":false,"thumbnail":false,"medium":false,"medium_large":false,"large":false,"1536x1536":false,"2048x2048":false,"post-thumbnail":false,"gform-image-choice-sm":false,"gform-image-choice-md":false,"gform-image-choice-lg":false,"woocommerce_thumbnail":false,"woocommerce_single":false,"woocommerce_gallery_thumbnail":false,"dgwt-wcas-product-suggestion":false},"uagb_author_info":{"display_name":"maksimer","author_link":"https:\/\/wolt.demonstrer.es\/sk\/author\/maksimer\/"},"uagb_comment_info":0,"uagb_excerpt":"PODMIENKY DORU\u010cENIA DOdacia doba Na\u0161a dodacia lehota po celej SR je 2-3 pracovn\u00e9 dni. Objedn\u00e1vky podan\u00e9 do 11:00 od pondelka do \u0161tvrtka bud\u00fa doru\u010den\u00e9 nasleduj\u00faci pracovn\u00fd de\u0148. Objedn\u00e1vky podan\u00e9 v piatok do 10:00 bud\u00fa doru\u010den\u00e9 nasleduj\u00faci pondelok. CENa DOru\u010denia Cena za dopravu je 6 \u20ac. V pr\u00edpade objedn\u00e1vky nad 60 \u20ac je doprava zadarmo.","_links":{"self":[{"href":"https:\/\/wolt.demonstrer.es\/sk\/wp-json\/wp\/v2\/pages\/334","targetHints":{"allow":["GET"]}}],"collection":[{"href":"https:\/\/wolt.demonstrer.es\/sk\/wp-json\/wp\/v2\/pages"}],"about":[{"href":"https:\/\/wolt.demonstrer.es\/sk\/wp-json\/wp\/v2\/types\/page"}],"author":[{"embeddable":true,"href":"https:\/\/wolt.demonstrer.es\/sk\/wp-json\/wp\/v2\/users\/1"}],"replies":[{"embeddable":true,"href":"https:\/\/wolt.demonstrer.es\/sk\/wp-json\/wp\/v2\/comments?post=334"}],"version-history":[{"count":3,"href":"https:\/\/wolt.demonstrer.es\/sk\/wp-json\/wp\/v2\/pages\/334\/revisions"}],"predecessor-version":[{"id":4968,"href":"https:\/\/wolt.demonstrer.es\/sk\/wp-json\/wp\/v2\/pages\/334\/revisions\/4968"}],"wp:attachment":[{"href":"https:\/\/wolt.demonstrer.es\/sk\/wp-json\/wp\/v2\/media?parent=334"}],"curies":[{"name":"wp","href":"https:\/\/api.w.org\/{rel}","templated":true}]}}