{"id":105283,"date":"2024-11-06T13:10:07","date_gmt":"2024-11-06T12:10:07","guid":{"rendered":"https:\/\/wolt.demonstrer.es\/sk\/?post_type=product&#038;p=105283"},"modified":"2025-10-23T12:54:05","modified_gmt":"2025-10-23T10:54:05","slug":"kebab-box-1000ml-kraft-143x180mm","status":"publish","type":"product","link":"https:\/\/wolt.demonstrer.es\/sk\/term\u00e9k\/kebab-box-1000ml-kraft-143x180mm\/","title":{"rendered":"Kebab box 1000ml kraft \/ 143x180mm"},"content":{"rendered":"<p>Minim\u00e1lny odber 1 kart\u00f3n. Papierov\u00fd kebab box, obal je vhodn\u00fd na balenie tepl\u00fdch i studen\u00fdch jed\u00e1l.<\/p>\n","protected":false},"excerpt":{"rendered":"<p>Po\u010det kusov v kart\u00f3ne 500ks<\/p>\n","protected":false},"featured_media":105196,"template":"","meta":{"_acf_changed":false,"_uag_custom_page_level_css":"","_editorskit_title_hidden":false,"_editorskit_reading_time":0,"_editorskit_is_block_options_detached":false,"_editorskit_block_options_position":"{}","site-sidebar-layout":"default","site-content-layout":"","ast-site-content-layout":"default","site-content-style":"default","site-sidebar-style":"default","ast-global-header-display":"","ast-banner-title-visibility":"","ast-main-header-display":"","ast-hfb-above-header-display":"","ast-hfb-below-header-display":"","ast-hfb-mobile-header-display":"","site-post-title":"","ast-breadcrumbs-content":"","ast-featured-img":"","footer-sml-layout":"","theme-transparent-header-meta":"","adv-header-id-meta":"","stick-header-meta":"","header-above-stick-meta":"","header-main-stick-meta":"","header-below-stick-meta":"","astra-migrate-meta-layouts":"default","ast-page-background-enabled":"default","ast-page-background-meta":{"desktop":{"background-color":"var(--ast-global-color-4)","background-image":"","background-repeat":"repeat","background-position":"center center","background-size":"auto","background-attachment":"scroll","background-type":"","background-media":"","overlay-type":"","overlay-color":"","overlay-opacity":"","overlay-gradient":""},"tablet":{"background-color":"","background-image":"","background-repeat":"repeat","background-position":"center center","background-size":"auto","background-attachment":"scroll","background-type":"","background-media":"","overlay-type":"","overlay-color":"","overlay-opacity":"","overlay-gradient":""},"mobile":{"background-color":"","background-image":"","background-repeat":"repeat","background-position":"center center","background-size":"auto","background-attachment":"scroll","background-type":"","background-media":"","overlay-type":"","overlay-color":"","overlay-opacity":"","overlay-gradient":""}},"ast-content-background-meta":{"desktop":{"background-color":"var(--ast-global-color-5)","background-image":"","background-repeat":"repeat","background-position":"center center","background-size":"auto","background-attachment":"scroll","background-type":"","background-media":"","overlay-type":"","overlay-color":"","overlay-opacity":"","overlay-gradient":""},"tablet":{"background-color":"var(--ast-global-color-5)","background-image":"","background-repeat":"repeat","background-position":"center center","background-size":"auto","background-attachment":"scroll","background-type":"","background-media":"","overlay-type":"","overlay-color":"","overlay-opacity":"","overlay-gradient":""},"mobile":{"background-color":"var(--ast-global-color-5)","background-image":"","background-repeat":"repeat","background-position":"center center","background-size":"auto","background-attachment":"scroll","background-type":"","background-media":"","overlay-type":"","overlay-color":"","overlay-opacity":"","overlay-gradient":""}}},"product_brand":[],"product_cat":[105,436,429,199],"product_tag":[],"class_list":{"0":"post-105283","1":"product","2":"type-product","3":"status-publish","4":"has-post-thumbnail","6":"product_cat-packaging","7":"product_cat-type","8":"product_cat-kebab","9":"product_cat-takeaway-box","10":"pa_mnozstvo-500ks","11":"desktop-align-left","12":"tablet-align-left","13":"mobile-align-left","14":"ast-product-gallery-layout-horizontal-slider","15":"ast-product-gallery-with-no-image","16":"ast-product-tabs-layout-accordion","18":"first","19":"instock","20":"taxable","21":"shipping-taxable","22":"purchasable","23":"product-type-simple"},"bundled_by":[],"bundle_stock_status":"instock","bundle_stock_quantity":null,"bundle_virtual":false,"bundle_layout":"","bundle_add_to_cart_form_location":"","bundle_editable_in_cart":false,"bundle_sold_individually_context":"","bundle_item_grouping":"","bundle_min_size":"","bundle_max_size":"","bundle_price":[],"bundled_items":[],"bundle_sell_ids":[],"acf":[],"uagb_featured_image_src":{"full":["https:\/\/wolt.demonstrer.es\/sk\/wp-content\/uploads\/sites\/34\/2024\/09\/2497-scaled.jpg",2560,2560,false],"thumbnail":["https:\/\/wolt.demonstrer.es\/sk\/wp-content\/uploads\/sites\/34\/2024\/09\/2497-157x157.jpg",157,157,true],"medium":["https:\/\/wolt.demonstrer.es\/sk\/wp-content\/uploads\/sites\/34\/2024\/09\/2497-300x300.jpg",300,300,true],"medium_large":["https:\/\/wolt.demonstrer.es\/sk\/wp-content\/uploads\/sites\/34\/2024\/09\/2497-768x768.jpg",768,768,true],"large":["https:\/\/wolt.demonstrer.es\/sk\/wp-content\/uploads\/sites\/34\/2024\/09\/2497-1024x1024.jpg",1024,1024,true],"1536x1536":["https:\/\/wolt.demonstrer.es\/sk\/wp-content\/uploads\/sites\/34\/2024\/09\/2497-1536x1536.jpg",1536,1536,true],"2048x2048":["https:\/\/wolt.demonstrer.es\/sk\/wp-content\/uploads\/sites\/34\/2024\/09\/2497-2048x2048.jpg",2048,2048,true],"post-thumbnail":["https:\/\/wolt.demonstrer.es\/sk\/wp-content\/uploads\/sites\/34\/2024\/09\/2497-480x360.jpg",480,360,true],"gform-image-choice-sm":["https:\/\/wolt.demonstrer.es\/sk\/wp-content\/uploads\/sites\/34\/2024\/09\/2497-scaled.jpg",300,300,false],"gform-image-choice-md":["https:\/\/wolt.demonstrer.es\/sk\/wp-content\/uploads\/sites\/34\/2024\/09\/2497-scaled.jpg",400,400,false],"gform-image-choice-lg":["https:\/\/wolt.demonstrer.es\/sk\/wp-content\/uploads\/sites\/34\/2024\/09\/2497-scaled.jpg",600,600,false],"woocommerce_thumbnail":["https:\/\/wolt.demonstrer.es\/sk\/wp-content\/uploads\/sites\/34\/2024\/09\/2497-300x300.jpg",300,300,true],"woocommerce_single":["https:\/\/wolt.demonstrer.es\/sk\/wp-content\/uploads\/sites\/34\/2024\/09\/2497-600x600.jpg",600,600,true],"woocommerce_gallery_thumbnail":["https:\/\/wolt.demonstrer.es\/sk\/wp-content\/uploads\/sites\/34\/2024\/09\/2497-250x250.jpg",250,250,true],"dgwt-wcas-product-suggestion":["https:\/\/wolt.demonstrer.es\/sk\/wp-content\/uploads\/sites\/34\/2024\/09\/2497-64x64.jpg",64,64,true]},"uagb_author_info":{"display_name":"petervicen","author_link":"https:\/\/wolt.demonstrer.es\/sk\/author\/"},"uagb_comment_info":0,"uagb_excerpt":"Po\u010det kusov v kart\u00f3ne 500ks","_links":{"self":[{"href":"https:\/\/wolt.demonstrer.es\/sk\/wp-json\/wp\/v2\/product\/105283","targetHints":{"allow":["GET"]}}],"collection":[{"href":"https:\/\/wolt.demonstrer.es\/sk\/wp-json\/wp\/v2\/product"}],"about":[{"href":"https:\/\/wolt.demonstrer.es\/sk\/wp-json\/wp\/v2\/types\/product"}],"wp:featuredmedia":[{"embeddable":true,"href":"https:\/\/wolt.demonstrer.es\/sk\/wp-json\/wp\/v2\/media\/105196"}],"wp:attachment":[{"href":"https:\/\/wolt.demonstrer.es\/sk\/wp-json\/wp\/v2\/media?parent=105283"}],"wp:term":[{"taxonomy":"product_brand","embeddable":true,"href":"https:\/\/wolt.demonstrer.es\/sk\/wp-json\/wp\/v2\/product_brand?post=105283"},{"taxonomy":"product_cat","embeddable":true,"href":"https:\/\/wolt.demonstrer.es\/sk\/wp-json\/wp\/v2\/product_cat?post=105283"},{"taxonomy":"product_tag","embeddable":true,"href":"https:\/\/wolt.demonstrer.es\/sk\/wp-json\/wp\/v2\/product_tag?post=105283"}],"curies":[{"name":"wp","href":"https:\/\/api.w.org\/{rel}","templated":true}]}}