{"id":105309,"date":"2024-11-06T13:10:17","date_gmt":"2024-11-06T12:10:17","guid":{"rendered":"https:\/\/wolt.demonstrer.es\/sk\/?post_type=product&#038;p=105309"},"modified":"2025-10-23T12:54:48","modified_gmt":"2025-10-23T10:54:48","slug":"pizza-krabica-330x330x35mm","status":"publish","type":"product","link":"https:\/\/wolt.demonstrer.es\/sk\/term\u00e9k\/pizza-krabica-330x330x35mm\/","title":{"rendered":"Pizza krabica 330x330x35mm"},"content":{"rendered":"<p>Minim\u00e1lny odber 1 kart\u00f3n. Papierov\u00e1 pizza krabica bez potla\u010de hned\u00e1.<\/p>\n","protected":false},"excerpt":{"rendered":"<p>Po\u010det kusov v kart\u00f3ne 100ks<\/p>\n","protected":false},"featured_media":105216,"template":"","meta":{"_acf_changed":false,"_uag_custom_page_level_css":"","_editorskit_title_hidden":false,"_editorskit_reading_time":0,"_editorskit_is_block_options_detached":false,"_editorskit_block_options_position":"{}","site-sidebar-layout":"default","site-content-layout":"","ast-site-content-layout":"default","site-content-style":"default","site-sidebar-style":"default","ast-global-header-display":"","ast-banner-title-visibility":"","ast-main-header-display":"","ast-hfb-above-header-display":"","ast-hfb-below-header-display":"","ast-hfb-mobile-header-display":"","site-post-title":"","ast-breadcrumbs-content":"","ast-featured-img":"","footer-sml-layout":"","theme-transparent-header-meta":"default","adv-header-id-meta":"","stick-header-meta":"","header-above-stick-meta":"","header-main-stick-meta":"","header-below-stick-meta":"","astra-migrate-meta-layouts":"set","ast-page-background-enabled":"default","ast-page-background-meta":{"desktop":{"background-color":"var(--ast-global-color-4)","background-image":"","background-repeat":"repeat","background-position":"center center","background-size":"auto","background-attachment":"scroll","background-type":"","background-media":"","overlay-type":"","overlay-color":"","overlay-opacity":"","overlay-gradient":""},"tablet":{"background-color":"","background-image":"","background-repeat":"repeat","background-position":"center center","background-size":"auto","background-attachment":"scroll","background-type":"","background-media":"","overlay-type":"","overlay-color":"","overlay-opacity":"","overlay-gradient":""},"mobile":{"background-color":"","background-image":"","background-repeat":"repeat","background-position":"center center","background-size":"auto","background-attachment":"scroll","background-type":"","background-media":"","overlay-type":"","overlay-color":"","overlay-opacity":"","overlay-gradient":""}},"ast-content-background-meta":{"desktop":{"background-color":"var(--ast-global-color-5)","background-image":"","background-repeat":"repeat","background-position":"center center","background-size":"auto","background-attachment":"scroll","background-type":"","background-media":"","overlay-type":"","overlay-color":"","overlay-opacity":"","overlay-gradient":""},"tablet":{"background-color":"var(--ast-global-color-5)","background-image":"","background-repeat":"repeat","background-position":"center center","background-size":"auto","background-attachment":"scroll","background-type":"","background-media":"","overlay-type":"","overlay-color":"","overlay-opacity":"","overlay-gradient":""},"mobile":{"background-color":"var(--ast-global-color-5)","background-image":"","background-repeat":"repeat","background-position":"center center","background-size":"auto","background-attachment":"scroll","background-type":"","background-media":"","overlay-type":"","overlay-color":"","overlay-opacity":"","overlay-gradient":""}}},"product_brand":[],"product_cat":[105,138],"product_tag":[],"class_list":{"0":"post-105309","1":"product","2":"type-product","3":"status-publish","4":"has-post-thumbnail","6":"product_cat-packaging","7":"product_cat-pizza","8":"pa_mnozstvo-100ks","9":"desktop-align-left","10":"tablet-align-left","11":"mobile-align-left","12":"ast-product-gallery-layout-horizontal-slider","13":"ast-product-gallery-with-no-image","14":"ast-product-tabs-layout-accordion","16":"first","17":"instock","18":"taxable","19":"shipping-taxable","20":"purchasable","21":"product-type-simple"},"bundled_by":[],"bundle_stock_status":"instock","bundle_stock_quantity":null,"bundle_virtual":false,"bundle_layout":"","bundle_add_to_cart_form_location":"","bundle_editable_in_cart":false,"bundle_sold_individually_context":"","bundle_item_grouping":"","bundle_min_size":"","bundle_max_size":"","bundle_price":[],"bundled_items":[],"bundle_sell_ids":[105307],"acf":[],"uagb_featured_image_src":{"full":["https:\/\/wolt.demonstrer.es\/sk\/wp-content\/uploads\/sites\/34\/2024\/09\/3156-scaled.jpg",2179,2560,false],"thumbnail":["https:\/\/wolt.demonstrer.es\/sk\/wp-content\/uploads\/sites\/34\/2024\/09\/3156-157x157.jpg",157,157,true],"medium":["https:\/\/wolt.demonstrer.es\/sk\/wp-content\/uploads\/sites\/34\/2024\/09\/3156-255x300.jpg",255,300,true],"medium_large":["https:\/\/wolt.demonstrer.es\/sk\/wp-content\/uploads\/sites\/34\/2024\/09\/3156-768x902.jpg",768,902,true],"large":["https:\/\/wolt.demonstrer.es\/sk\/wp-content\/uploads\/sites\/34\/2024\/09\/3156-872x1024.jpg",872,1024,true],"1536x1536":["https:\/\/wolt.demonstrer.es\/sk\/wp-content\/uploads\/sites\/34\/2024\/09\/3156-1307x1536.jpg",1307,1536,true],"2048x2048":["https:\/\/wolt.demonstrer.es\/sk\/wp-content\/uploads\/sites\/34\/2024\/09\/3156-1743x2048.jpg",1743,2048,true],"post-thumbnail":["https:\/\/wolt.demonstrer.es\/sk\/wp-content\/uploads\/sites\/34\/2024\/09\/3156-480x360.jpg",480,360,true],"gform-image-choice-sm":["https:\/\/wolt.demonstrer.es\/sk\/wp-content\/uploads\/sites\/34\/2024\/09\/3156-scaled.jpg",255,300,false],"gform-image-choice-md":["https:\/\/wolt.demonstrer.es\/sk\/wp-content\/uploads\/sites\/34\/2024\/09\/3156-scaled.jpg",340,400,false],"gform-image-choice-lg":["https:\/\/wolt.demonstrer.es\/sk\/wp-content\/uploads\/sites\/34\/2024\/09\/3156-scaled.jpg",511,600,false],"woocommerce_thumbnail":["https:\/\/wolt.demonstrer.es\/sk\/wp-content\/uploads\/sites\/34\/2024\/09\/3156-300x352.jpg",300,352,true],"woocommerce_single":["https:\/\/wolt.demonstrer.es\/sk\/wp-content\/uploads\/sites\/34\/2024\/09\/3156-600x705.jpg",600,705,true],"woocommerce_gallery_thumbnail":["https:\/\/wolt.demonstrer.es\/sk\/wp-content\/uploads\/sites\/34\/2024\/09\/3156-250x250.jpg",250,250,true],"dgwt-wcas-product-suggestion":["https:\/\/wolt.demonstrer.es\/sk\/wp-content\/uploads\/sites\/34\/2024\/09\/3156-64x75.jpg",64,75,true]},"uagb_author_info":{"display_name":"petervicen","author_link":"https:\/\/wolt.demonstrer.es\/sk\/author\/"},"uagb_comment_info":0,"uagb_excerpt":"Po\u010det kusov v kart\u00f3ne 100ks","_links":{"self":[{"href":"https:\/\/wolt.demonstrer.es\/sk\/wp-json\/wp\/v2\/product\/105309","targetHints":{"allow":["GET"]}}],"collection":[{"href":"https:\/\/wolt.demonstrer.es\/sk\/wp-json\/wp\/v2\/product"}],"about":[{"href":"https:\/\/wolt.demonstrer.es\/sk\/wp-json\/wp\/v2\/types\/product"}],"wp:featuredmedia":[{"embeddable":true,"href":"https:\/\/wolt.demonstrer.es\/sk\/wp-json\/wp\/v2\/media\/105216"}],"wp:attachment":[{"href":"https:\/\/wolt.demonstrer.es\/sk\/wp-json\/wp\/v2\/media?parent=105309"}],"wp:term":[{"taxonomy":"product_brand","embeddable":true,"href":"https:\/\/wolt.demonstrer.es\/sk\/wp-json\/wp\/v2\/product_brand?post=105309"},{"taxonomy":"product_cat","embeddable":true,"href":"https:\/\/wolt.demonstrer.es\/sk\/wp-json\/wp\/v2\/product_cat?post=105309"},{"taxonomy":"product_tag","embeddable":true,"href":"https:\/\/wolt.demonstrer.es\/sk\/wp-json\/wp\/v2\/product_tag?post=105309"}],"curies":[{"name":"wp","href":"https:\/\/api.w.org\/{rel}","templated":true}]}}