{"id":107670,"date":"2025-01-10T16:05:41","date_gmt":"2025-01-10T15:05:41","guid":{"rendered":"https:\/\/wolt.demonstrer.es\/sk\/?post_type=product&#038;p=107670"},"modified":"2025-10-23T12:58:49","modified_gmt":"2025-10-23T10:58:49","slug":"rukavice-nitril-cierne-nepudrovane-extra-silne","status":"publish","type":"product","link":"https:\/\/wolt.demonstrer.es\/sk\/term\u00e9k\/rukavice-nitril-cierne-nepudrovane-extra-silne\/","title":{"rendered":"Nitrilov\u00e9 rukavice \u010dierne nepudrovan\u00e9 \/ extra siln\u00e9"},"content":{"rendered":"<p>Minim\u00e1lny odber 1 kart\u00f3n.<br \/>\n\u010cierne nitrilov\u00e9 rukavice vhodn\u00e9 pri pr\u00e1ci s jedlom ale i pri pr\u00e1ci s um\u00fdvac\u00edmi prostriedkami.<\/p>\n","protected":false},"excerpt":{"rendered":"<p>Po\u010det kusov v kart\u00f3ne 1000ks. Ve\u013ekos\u0165 S\/M\/L\/XL<\/p>\n","protected":false},"featured_media":107671,"template":"","meta":{"_acf_changed":false,"_uag_custom_page_level_css":"","_editorskit_title_hidden":false,"_editorskit_reading_time":0,"_editorskit_is_block_options_detached":false,"_editorskit_block_options_position":"{}","site-sidebar-layout":"default","site-content-layout":"","ast-site-content-layout":"default","site-content-style":"default","site-sidebar-style":"default","ast-global-header-display":"","ast-banner-title-visibility":"","ast-main-header-display":"","ast-hfb-above-header-display":"","ast-hfb-below-header-display":"","ast-hfb-mobile-header-display":"","site-post-title":"","ast-breadcrumbs-content":"","ast-featured-img":"","footer-sml-layout":"","theme-transparent-header-meta":"default","adv-header-id-meta":"","stick-header-meta":"","header-above-stick-meta":"","header-main-stick-meta":"","header-below-stick-meta":"","astra-migrate-meta-layouts":"set","ast-page-background-enabled":"default","ast-page-background-meta":{"desktop":{"background-color":"var(--ast-global-color-4)","background-image":"","background-repeat":"repeat","background-position":"center center","background-size":"auto","background-attachment":"scroll","background-type":"","background-media":"","overlay-type":"","overlay-color":"","overlay-opacity":"","overlay-gradient":""},"tablet":{"background-color":"","background-image":"","background-repeat":"repeat","background-position":"center center","background-size":"auto","background-attachment":"scroll","background-type":"","background-media":"","overlay-type":"","overlay-color":"","overlay-opacity":"","overlay-gradient":""},"mobile":{"background-color":"","background-image":"","background-repeat":"repeat","background-position":"center center","background-size":"auto","background-attachment":"scroll","background-type":"","background-media":"","overlay-type":"","overlay-color":"","overlay-opacity":"","overlay-gradient":""}},"ast-content-background-meta":{"desktop":{"background-color":"var(--ast-global-color-5)","background-image":"","background-repeat":"repeat","background-position":"center center","background-size":"auto","background-attachment":"scroll","background-type":"","background-media":"","overlay-type":"","overlay-color":"","overlay-opacity":"","overlay-gradient":""},"tablet":{"background-color":"var(--ast-global-color-5)","background-image":"","background-repeat":"repeat","background-position":"center center","background-size":"auto","background-attachment":"scroll","background-type":"","background-media":"","overlay-type":"","overlay-color":"","overlay-opacity":"","overlay-gradient":""},"mobile":{"background-color":"var(--ast-global-color-5)","background-image":"","background-repeat":"repeat","background-position":"center center","background-size":"auto","background-attachment":"scroll","background-type":"","background-media":"","overlay-type":"","overlay-color":"","overlay-opacity":"","overlay-gradient":""}}},"product_brand":[],"product_cat":[970,432],"product_tag":[],"class_list":{"0":"post-107670","1":"product","2":"type-product","3":"status-publish","4":"has-post-thumbnail","6":"product_cat-prislusenstvo-essentials","7":"product_cat-essentials","8":"pa_color-cierna","9":"pa_size-s","10":"pa_size-m","11":"pa_size-l","12":"pa_size-xl","13":"desktop-align-left","14":"tablet-align-left","15":"mobile-align-left","16":"ast-product-gallery-layout-horizontal-slider","17":"ast-product-gallery-with-no-image","18":"ast-product-single-variable","19":"ast-product-tabs-layout-accordion","21":"first","22":"instock","23":"taxable","24":"shipping-taxable","25":"purchasable","26":"product-type-variable"},"bundled_by":[],"bundle_stock_status":"instock","bundle_stock_quantity":null,"bundle_virtual":false,"bundle_layout":"","bundle_add_to_cart_form_location":"","bundle_editable_in_cart":false,"bundle_sold_individually_context":"","bundle_item_grouping":"","bundle_min_size":"","bundle_max_size":"","bundle_price":[],"bundled_items":[],"bundle_sell_ids":[],"acf":[],"uagb_featured_image_src":{"full":["https:\/\/wolt.demonstrer.es\/sk\/wp-content\/uploads\/sites\/34\/2025\/01\/0.jpg",600,600,false],"thumbnail":["https:\/\/wolt.demonstrer.es\/sk\/wp-content\/uploads\/sites\/34\/2025\/01\/0-157x157.jpg",157,157,true],"medium":["https:\/\/wolt.demonstrer.es\/sk\/wp-content\/uploads\/sites\/34\/2025\/01\/0-300x300.jpg",300,300,true],"medium_large":["https:\/\/wolt.demonstrer.es\/sk\/wp-content\/uploads\/sites\/34\/2025\/01\/0.jpg",600,600,false],"large":["https:\/\/wolt.demonstrer.es\/sk\/wp-content\/uploads\/sites\/34\/2025\/01\/0.jpg",600,600,false],"1536x1536":["https:\/\/wolt.demonstrer.es\/sk\/wp-content\/uploads\/sites\/34\/2025\/01\/0.jpg",600,600,false],"2048x2048":["https:\/\/wolt.demonstrer.es\/sk\/wp-content\/uploads\/sites\/34\/2025\/01\/0.jpg",600,600,false],"post-thumbnail":["https:\/\/wolt.demonstrer.es\/sk\/wp-content\/uploads\/sites\/34\/2025\/01\/0-480x360.jpg",480,360,true],"gform-image-choice-sm":["https:\/\/wolt.demonstrer.es\/sk\/wp-content\/uploads\/sites\/34\/2025\/01\/0.jpg",300,300,false],"gform-image-choice-md":["https:\/\/wolt.demonstrer.es\/sk\/wp-content\/uploads\/sites\/34\/2025\/01\/0.jpg",400,400,false],"gform-image-choice-lg":["https:\/\/wolt.demonstrer.es\/sk\/wp-content\/uploads\/sites\/34\/2025\/01\/0.jpg",600,600,false],"woocommerce_thumbnail":["https:\/\/wolt.demonstrer.es\/sk\/wp-content\/uploads\/sites\/34\/2025\/01\/0-300x300.jpg",300,300,true],"woocommerce_single":["https:\/\/wolt.demonstrer.es\/sk\/wp-content\/uploads\/sites\/34\/2025\/01\/0.jpg",600,600,false],"woocommerce_gallery_thumbnail":["https:\/\/wolt.demonstrer.es\/sk\/wp-content\/uploads\/sites\/34\/2025\/01\/0-250x250.jpg",250,250,true],"dgwt-wcas-product-suggestion":["https:\/\/wolt.demonstrer.es\/sk\/wp-content\/uploads\/sites\/34\/2025\/01\/0-64x64.jpg",64,64,true]},"uagb_author_info":{"display_name":"petervicen","author_link":"https:\/\/wolt.demonstrer.es\/sk\/author\/"},"uagb_comment_info":0,"uagb_excerpt":"Po\u010det kusov v kart\u00f3ne 1000ks. Ve\u013ekos\u0165 S\/M\/L\/XL","_links":{"self":[{"href":"https:\/\/wolt.demonstrer.es\/sk\/wp-json\/wp\/v2\/product\/107670","targetHints":{"allow":["GET"]}}],"collection":[{"href":"https:\/\/wolt.demonstrer.es\/sk\/wp-json\/wp\/v2\/product"}],"about":[{"href":"https:\/\/wolt.demonstrer.es\/sk\/wp-json\/wp\/v2\/types\/product"}],"wp:featuredmedia":[{"embeddable":true,"href":"https:\/\/wolt.demonstrer.es\/sk\/wp-json\/wp\/v2\/media\/107671"}],"wp:attachment":[{"href":"https:\/\/wolt.demonstrer.es\/sk\/wp-json\/wp\/v2\/media?parent=107670"}],"wp:term":[{"taxonomy":"product_brand","embeddable":true,"href":"https:\/\/wolt.demonstrer.es\/sk\/wp-json\/wp\/v2\/product_brand?post=107670"},{"taxonomy":"product_cat","embeddable":true,"href":"https:\/\/wolt.demonstrer.es\/sk\/wp-json\/wp\/v2\/product_cat?post=107670"},{"taxonomy":"product_tag","embeddable":true,"href":"https:\/\/wolt.demonstrer.es\/sk\/wp-json\/wp\/v2\/product_tag?post=107670"}],"curies":[{"name":"wp","href":"https:\/\/api.w.org\/{rel}","templated":true}]}}