{"id":4377,"date":"2024-01-22T15:58:40","date_gmt":"2024-01-22T14:58:40","guid":{"rendered":"https:\/\/wolt.demonstrer.es\/skf\/?post_type=product&#038;p=4377"},"modified":"2025-10-23T12:54:40","modified_gmt":"2025-10-23T10:54:40","slug":"restauracni-sacek","status":"publish","type":"product","link":"https:\/\/wolt.demonstrer.es\/sk\/term\u00e9k\/restauracni-sacek\/","title":{"rendered":"Papierov\u00e9 vrecko 500ks \/ 100 x 220 x 300 mm"},"content":{"rendered":"<p>\u0160\u00ed\u0159ka \u2013 100 mm<\/p>\n<p>D\u00e9lka \u2013 220 mm<\/p>\n<p>V\u00fd\u0161ka \u2013 300 mm<\/p>\n","protected":false},"excerpt":{"rendered":"<p>500 ks<\/p>\n","protected":false},"featured_media":4879,"template":"","meta":{"_acf_changed":false,"_uag_custom_page_level_css":"","_editorskit_title_hidden":false,"_editorskit_reading_time":0,"_editorskit_is_block_options_detached":false,"_editorskit_block_options_position":"{}","site-sidebar-layout":"default","site-content-layout":"","ast-site-content-layout":"default","site-content-style":"default","site-sidebar-style":"default","ast-global-header-display":"","ast-banner-title-visibility":"","ast-main-header-display":"","ast-hfb-above-header-display":"","ast-hfb-below-header-display":"","ast-hfb-mobile-header-display":"","site-post-title":"","ast-breadcrumbs-content":"","ast-featured-img":"","footer-sml-layout":"","theme-transparent-header-meta":"default","adv-header-id-meta":"","stick-header-meta":"","header-above-stick-meta":"","header-main-stick-meta":"","header-below-stick-meta":"","astra-migrate-meta-layouts":"set","ast-page-background-enabled":"default","ast-page-background-meta":{"desktop":{"background-color":"var(--ast-global-color-4)","background-image":"","background-repeat":"repeat","background-position":"center center","background-size":"auto","background-attachment":"scroll","background-type":"","background-media":"","overlay-type":"","overlay-color":"","overlay-opacity":"","overlay-gradient":""},"tablet":{"background-color":"","background-image":"","background-repeat":"repeat","background-position":"center center","background-size":"auto","background-attachment":"scroll","background-type":"","background-media":"","overlay-type":"","overlay-color":"","overlay-opacity":"","overlay-gradient":""},"mobile":{"background-color":"","background-image":"","background-repeat":"repeat","background-position":"center center","background-size":"auto","background-attachment":"scroll","background-type":"","background-media":"","overlay-type":"","overlay-color":"","overlay-opacity":"","overlay-gradient":""}},"ast-content-background-meta":{"desktop":{"background-color":"var(--ast-global-color-5)","background-image":"","background-repeat":"repeat","background-position":"center center","background-size":"auto","background-attachment":"scroll","background-type":"","background-media":"","overlay-type":"","overlay-color":"","overlay-opacity":"","overlay-gradient":""},"tablet":{"background-color":"var(--ast-global-color-5)","background-image":"","background-repeat":"repeat","background-position":"center center","background-size":"auto","background-attachment":"scroll","background-type":"","background-media":"","overlay-type":"","overlay-color":"","overlay-opacity":"","overlay-gradient":""},"mobile":{"background-color":"var(--ast-global-color-5)","background-image":"","background-repeat":"repeat","background-position":"center center","background-size":"auto","background-attachment":"scroll","background-type":"","background-media":"","overlay-type":"","overlay-color":"","overlay-opacity":"","overlay-gradient":""}}},"product_brand":[],"product_cat":[105,198],"product_tag":[],"class_list":{"0":"post-4377","1":"product","2":"type-product","3":"status-publish","4":"has-post-thumbnail","6":"product_cat-packaging","7":"product_cat-bags","8":"pa_amount-201","9":"pa_color-hneda","10":"pa_material-paper","11":"desktop-align-left","12":"tablet-align-left","13":"mobile-align-left","14":"ast-product-gallery-layout-horizontal-slider","15":"ast-product-gallery-with-no-image","16":"ast-product-tabs-layout-accordion","18":"first","19":"instock","20":"taxable","21":"shipping-taxable","22":"purchasable","23":"product-type-simple"},"bundled_by":[],"bundle_stock_status":"instock","bundle_stock_quantity":null,"bundle_virtual":false,"bundle_layout":"","bundle_add_to_cart_form_location":"","bundle_editable_in_cart":false,"bundle_sold_individually_context":"","bundle_item_grouping":"","bundle_min_size":"","bundle_max_size":"","bundle_price":[],"bundled_items":[],"bundle_sell_ids":[],"acf":[],"uagb_featured_image_src":{"full":["https:\/\/wolt.demonstrer.es\/sk\/wp-content\/uploads\/sites\/34\/2024\/01\/DSCF7225-scaled.jpg",2560,1707,false],"thumbnail":["https:\/\/wolt.demonstrer.es\/sk\/wp-content\/uploads\/sites\/34\/2024\/01\/DSCF7225-150x150.jpg",150,150,true],"medium":["https:\/\/wolt.demonstrer.es\/sk\/wp-content\/uploads\/sites\/34\/2024\/01\/DSCF7225-300x200.jpg",300,200,true],"medium_large":["https:\/\/wolt.demonstrer.es\/sk\/wp-content\/uploads\/sites\/34\/2024\/01\/DSCF7225-768x512.jpg",768,512,true],"large":["https:\/\/wolt.demonstrer.es\/sk\/wp-content\/uploads\/sites\/34\/2024\/01\/DSCF7225-1024x683.jpg",1024,683,true],"1536x1536":["https:\/\/wolt.demonstrer.es\/sk\/wp-content\/uploads\/sites\/34\/2024\/01\/DSCF7225-1536x1024.jpg",1536,1024,true],"2048x2048":["https:\/\/wolt.demonstrer.es\/sk\/wp-content\/uploads\/sites\/34\/2024\/01\/DSCF7225-2048x1365.jpg",2048,1365,true],"post-thumbnail":["https:\/\/wolt.demonstrer.es\/sk\/wp-content\/uploads\/sites\/34\/2024\/01\/DSCF7225-480x360.jpg",480,360,true],"gform-image-choice-sm":["https:\/\/wolt.demonstrer.es\/sk\/wp-content\/uploads\/sites\/34\/2024\/01\/DSCF7225-scaled.jpg",300,200,false],"gform-image-choice-md":["https:\/\/wolt.demonstrer.es\/sk\/wp-content\/uploads\/sites\/34\/2024\/01\/DSCF7225-scaled.jpg",400,267,false],"gform-image-choice-lg":["https:\/\/wolt.demonstrer.es\/sk\/wp-content\/uploads\/sites\/34\/2024\/01\/DSCF7225-scaled.jpg",600,400,false],"woocommerce_thumbnail":["https:\/\/wolt.demonstrer.es\/sk\/wp-content\/uploads\/sites\/34\/2024\/01\/DSCF7225-scaled-300x200.jpg",300,200,true],"woocommerce_single":["https:\/\/wolt.demonstrer.es\/sk\/wp-content\/uploads\/sites\/34\/2024\/01\/DSCF7225-scaled-600x400.jpg",600,400,true],"woocommerce_gallery_thumbnail":["https:\/\/wolt.demonstrer.es\/sk\/wp-content\/uploads\/sites\/34\/2024\/01\/DSCF7225-scaled-250x250.jpg",250,250,true],"dgwt-wcas-product-suggestion":["https:\/\/wolt.demonstrer.es\/sk\/wp-content\/uploads\/sites\/34\/2024\/01\/DSCF7225-scaled-64x43.jpg",64,43,true]},"uagb_author_info":{"display_name":"maksimer","author_link":"https:\/\/wolt.demonstrer.es\/sk\/author\/"},"uagb_comment_info":0,"uagb_excerpt":"500 ks","_links":{"self":[{"href":"https:\/\/wolt.demonstrer.es\/sk\/wp-json\/wp\/v2\/product\/4377","targetHints":{"allow":["GET"]}}],"collection":[{"href":"https:\/\/wolt.demonstrer.es\/sk\/wp-json\/wp\/v2\/product"}],"about":[{"href":"https:\/\/wolt.demonstrer.es\/sk\/wp-json\/wp\/v2\/types\/product"}],"wp:featuredmedia":[{"embeddable":true,"href":"https:\/\/wolt.demonstrer.es\/sk\/wp-json\/wp\/v2\/media\/4879"}],"wp:attachment":[{"href":"https:\/\/wolt.demonstrer.es\/sk\/wp-json\/wp\/v2\/media?parent=4377"}],"wp:term":[{"taxonomy":"product_brand","embeddable":true,"href":"https:\/\/wolt.demonstrer.es\/sk\/wp-json\/wp\/v2\/product_brand?post=4377"},{"taxonomy":"product_cat","embeddable":true,"href":"https:\/\/wolt.demonstrer.es\/sk\/wp-json\/wp\/v2\/product_cat?post=4377"},{"taxonomy":"product_tag","embeddable":true,"href":"https:\/\/wolt.demonstrer.es\/sk\/wp-json\/wp\/v2\/product_tag?post=4377"}],"curies":[{"name":"wp","href":"https:\/\/api.w.org\/{rel}","templated":true}]}}