{"id":823,"date":"2023-02-20T18:13:44","date_gmt":"2023-02-20T17:13:44","guid":{"rendered":"https:\/\/wolt.demonstrer.es\/sl\/?page_id=823"},"modified":"2025-02-05T18:18:01","modified_gmt":"2025-02-05T17:18:01","slug":"gear","status":"publish","type":"page","link":"https:\/\/wolt.demonstrer.es\/sl\/","title":{"rendered":"oprema"},"content":{"rendered":"\n<div class=\"wp-block-cover alignfull is-light has-custom-content-position is-position-center-right is-style-banner\"><span aria-hidden=\"true\" class=\"wp-block-cover__background has-background-dim-0 has-background-dim\"><\/span><video class=\"wp-block-cover__video-background intrinsic-ignore\" autoplay muted loop playsinline src=\"https:\/\/wolt.demonstrer.es\/sl\/wp-content\/uploads\/sites\/23\/2023\/02\/4a-PizzaDeliveryOutside.mp4\" data-object-fit=\"cover\"><\/video><div class=\"wp-block-cover__inner-container is-layout-flow wp-block-cover-is-layout-flow\">\n<h1 class=\"wp-block-heading has-text-align-left has-white-color has-text-color has-link-color has-huge-font-size wp-elements-cbd959bd03232cbf889cfb36a27ecece\">Naro\u010di svojo wolt opremo<\/h1>\n\n\n\n<div class=\"wp-block-buttons is-layout-flex wp-block-buttons-is-layout-flex\">\n<div class=\"wp-block-button\"><a class=\"wp-block-button__link has-white-color has-primary-background-color has-text-color has-background wp-element-button\" href=\"https:\/\/wolt.demonstrer.es\/sl\/produkt-kategori\/courier-gears\/\">Pojdi v trgovino<\/a><\/div>\n\n\n\n<div class=\"wp-block-button\"><a class=\"wp-block-button__link has-white-color has-black-background-color has-text-color has-background wp-element-button\" href=\"https:\/\/wolt.demonstrer.es\/sl\/contact\/\">Kontaktiraj nas<\/a><\/div>\n<\/div>\n<\/div><\/div>\n\n\n\n<div class=\"wp-block-uagb-container uagb-block-b559d690 alignwide uagb-is-root-container\">\n<div class=\"wp-block-uagb-container uagb-block-297d210c\">\n<div class=\"wp-block-uagb-info-box uagb-block-68cabe9e uagb-infobox__content-wrap  uagb-infobox-icon-left uagb-infobox-left uagb-infobox-stacked-tablet uagb-infobox-image-valign-middle usp\"><div class=\"uagb-ifb-image-content\"><img decoding=\"async\" src=\"https:\/\/wolt.demonstrer.es\/sl\/wp-content\/uploads\/sites\/23\/2023\/02\/Frame-3.svg\" alt=\"\" width=\"42\" height=\"45\" loading=\"lazy\"\/><\/div><div class=\"uagb-ifb-content\"><div class=\"uagb-ifb-title-wrap\"><h3 class=\"uagb-ifb-title\">Brezpla\u010dna dostava<\/h3><\/div><p class=\"uagb-ifb-desc\">za vsa naro\u010dila<\/p><\/div><\/div>\n<\/div>\n\n\n\n<div class=\"wp-block-uagb-container uagb-block-fa570e35\">\n<div class=\"wp-block-uagb-info-box uagb-block-146d830b uagb-infobox__content-wrap  uagb-infobox-icon-left uagb-infobox-left uagb-infobox-stacked-tablet uagb-infobox-image-valign-middle usp\"><div class=\"uagb-ifb-image-content\"><img decoding=\"async\" src=\"https:\/\/wolt.demonstrer.es\/sl\/wp-content\/uploads\/sites\/23\/2023\/02\/affordability-icon.svg\" alt=\"\" width=\"42\" height=\"42\" loading=\"lazy\"\/><\/div><div class=\"uagb-ifb-content\"><div class=\"uagb-ifb-title-wrap\"><h3 class=\"uagb-ifb-title\">Cenovna dostopnost<\/h3><\/div><\/div><\/div>\n<\/div>\n\n\n\n<div class=\"wp-block-uagb-container uagb-block-f9e2be3a\">\n<div class=\"wp-block-uagb-info-box uagb-block-2af3152e uagb-infobox__content-wrap  uagb-infobox-icon-left uagb-infobox-left uagb-infobox-stacked-tablet uagb-infobox-image-valign-middle usp\"><div class=\"uagb-ifb-image-content\"><img decoding=\"async\" src=\"https:\/\/wolt.demonstrer.es\/sl\/wp-content\/uploads\/sites\/23\/2023\/05\/5229733-150x150.png\" alt=\"\" width=\"42\" height=\"42\" loading=\"lazy\"\/><\/div><div class=\"uagb-ifb-content\"><div class=\"uagb-ifb-title-wrap\"><h3 class=\"uagb-ifb-title\">Trajnost<\/h3><\/div><p class=\"uagb-ifb-desc\">Dobro za okolje<\/p><\/div><\/div>\n<\/div>\n\n\n\n<div class=\"wp-block-uagb-container uagb-block-df2b4ce1\">\n<div class=\"wp-block-uagb-info-box uagb-block-32709387 uagb-infobox__content-wrap  uagb-infobox-icon-left uagb-infobox-left uagb-infobox-stacked-tablet uagb-infobox-image-valign-middle usp\"><div class=\"uagb-ifb-image-content\"><img decoding=\"async\" src=\"https:\/\/wolt.demonstrer.es\/sl\/wp-content\/uploads\/sites\/23\/2023\/05\/trust-icon-design-free-vector-150x150.jpg\" alt=\"\" width=\"42\" height=\"42\" loading=\"lazy\"\/><\/div><div class=\"uagb-ifb-content\"><div class=\"uagb-ifb-title-wrap\"><h3 class=\"uagb-ifb-title\">Zaupanja vredna blagovna znamka<\/h3><\/div><p class=\"uagb-ifb-desc\">Jamstvo kakovosti<\/p><\/div><\/div>\n<\/div>\n<\/div>\n\n\n\n<div class=\"wp-block-uagb-container uagb-block-40d569d7 alignfull uagb-is-root-container\"><div class=\"uagb-container-inner-blocks-wrap\">\n<div class=\"wp-block-uagb-container uagb-block-8a81a03c\">\n<h2 class=\"wp-block-heading has-text-align-center\">Za\u010detni paketi<\/h2>\n<\/div>\n\n\n\n<div class=\"wp-block-uagb-container uagb-block-4ef8f407\">\n<div class=\"wp-block-media-text alignwide is-stacked-on-mobile is-style-stack-content\"><figure class=\"wp-block-media-text__media\"><img loading=\"lazy\" decoding=\"async\" width=\"1024\" height=\"795\" src=\"https:\/\/wolt.demonstrer.es\/sl\/wp-content\/uploads\/sites\/23\/2023\/02\/IMG_7788_1445x-1024x795.jpg\" alt=\"\" class=\"wp-image-741 size-large\" srcset=\"https:\/\/wolt.demonstrer.es\/sl\/wp-content\/uploads\/sites\/23\/2023\/02\/IMG_7788_1445x-1024x795.jpg 1024w, https:\/\/wolt.demonstrer.es\/sl\/wp-content\/uploads\/sites\/23\/2023\/02\/IMG_7788_1445x-300x233.jpg 300w, https:\/\/wolt.demonstrer.es\/sl\/wp-content\/uploads\/sites\/23\/2023\/02\/IMG_7788_1445x-768x597.jpg 768w, https:\/\/wolt.demonstrer.es\/sl\/wp-content\/uploads\/sites\/23\/2023\/02\/IMG_7788_1445x-600x466.jpg 600w, https:\/\/wolt.demonstrer.es\/sl\/wp-content\/uploads\/sites\/23\/2023\/02\/IMG_7788_1445x-64x50.jpg 64w, https:\/\/wolt.demonstrer.es\/sl\/wp-content\/uploads\/sites\/23\/2023\/02\/IMG_7788_1445x-670x520.jpg 670w, https:\/\/wolt.demonstrer.es\/sl\/wp-content\/uploads\/sites\/23\/2023\/02\/IMG_7788_1445x.jpg 1236w\" sizes=\"auto, (max-width: 1024px) 100vw, 1024px\" \/><\/figure><div class=\"wp-block-media-text__content\">\n<h3 class=\"wp-block-heading\">KOLO \u2013 POMLAD &amp; POLETJE<\/h3>\n\n\n\n<p>Da ti olaj\u0161amo naro\u010dilo tvoje prve Wolt opreme smo zate pripravili za\u010detni komplet za kolo, ki vsebuje: 1x torba za kolo, 2x majica s kratkimi rokavi, 1 x wolt jakna, 1x de\u017ene hla\u010de<\/p>\n\n\n\n<div class=\"wp-block-buttons is-layout-flex wp-block-buttons-is-layout-flex\">\n<div class=\"wp-block-button\"><a class=\"wp-block-button__link wp-element-button\" href=\"https:\/\/wolt.demonstrer.es\/sl\/produkt\/bike-spring-summer\/\">Dodaj v ko\u0161arico<\/a><\/div>\n<\/div>\n<\/div><\/div>\n<\/div>\n\n\n\n<div class=\"wp-block-uagb-container uagb-block-b3909420\">\n<div class=\"wp-block-media-text alignwide is-stacked-on-mobile is-style-stack-content\"><figure class=\"wp-block-media-text__media\"><img loading=\"lazy\" decoding=\"async\" width=\"1024\" height=\"855\" src=\"https:\/\/wolt.demonstrer.es\/sl\/wp-content\/uploads\/sites\/23\/2023\/02\/IMG_8184-1024x855.jpg\" alt=\"\" class=\"wp-image-740 size-large\" srcset=\"https:\/\/wolt.demonstrer.es\/sl\/wp-content\/uploads\/sites\/23\/2023\/02\/IMG_8184-1024x855.jpg 1024w, https:\/\/wolt.demonstrer.es\/sl\/wp-content\/uploads\/sites\/23\/2023\/02\/IMG_8184-300x250.jpg 300w, https:\/\/wolt.demonstrer.es\/sl\/wp-content\/uploads\/sites\/23\/2023\/02\/IMG_8184-768x641.jpg 768w, https:\/\/wolt.demonstrer.es\/sl\/wp-content\/uploads\/sites\/23\/2023\/02\/IMG_8184-600x501.jpg 600w, https:\/\/wolt.demonstrer.es\/sl\/wp-content\/uploads\/sites\/23\/2023\/02\/IMG_8184-64x53.jpg 64w, https:\/\/wolt.demonstrer.es\/sl\/wp-content\/uploads\/sites\/23\/2023\/02\/IMG_8184.jpg 1236w\" sizes=\"auto, (max-width: 1024px) 100vw, 1024px\" \/><\/figure><div class=\"wp-block-media-text__content\">\n<h3 class=\"wp-block-heading\">AVTO \u2013 POMLAD &amp; POLETJE<\/h3>\n\n\n\n<p>Da ti olaj\u0161amo naro\u010dilo tvoje prve Wolt opreme smo zate pripravili za\u010detni komplet za avto, ki vsebuje: 2x torba za avto, 2x majica s kratkimi rokavi, 1 x wolt jakna<\/p>\n\n\n\n<div class=\"wp-block-buttons is-layout-flex wp-block-buttons-is-layout-flex\">\n<div class=\"wp-block-button\"><a class=\"wp-block-button__link wp-element-button\" href=\"https:\/\/wolt.demonstrer.es\/sl\/produkt\/starter-kit-car\/\">Dodaj v ko\u0161arico<\/a><\/div>\n<\/div>\n<\/div><\/div>\n<\/div>\n\n\n\n<div class=\"wp-block-uagb-container uagb-block-9bf98520\">\n<div class=\"wp-block-media-text alignwide is-stacked-on-mobile is-style-stack-content\"><figure class=\"wp-block-media-text__media\"><img loading=\"lazy\" decoding=\"async\" width=\"1024\" height=\"795\" src=\"https:\/\/wolt.demonstrer.es\/sl\/wp-content\/uploads\/sites\/23\/2023\/02\/IMG_7788_1445x-1024x795.jpg\" alt=\"\" class=\"wp-image-741 size-large\" srcset=\"https:\/\/wolt.demonstrer.es\/sl\/wp-content\/uploads\/sites\/23\/2023\/02\/IMG_7788_1445x-1024x795.jpg 1024w, https:\/\/wolt.demonstrer.es\/sl\/wp-content\/uploads\/sites\/23\/2023\/02\/IMG_7788_1445x-300x233.jpg 300w, https:\/\/wolt.demonstrer.es\/sl\/wp-content\/uploads\/sites\/23\/2023\/02\/IMG_7788_1445x-768x597.jpg 768w, https:\/\/wolt.demonstrer.es\/sl\/wp-content\/uploads\/sites\/23\/2023\/02\/IMG_7788_1445x-600x466.jpg 600w, https:\/\/wolt.demonstrer.es\/sl\/wp-content\/uploads\/sites\/23\/2023\/02\/IMG_7788_1445x-64x50.jpg 64w, https:\/\/wolt.demonstrer.es\/sl\/wp-content\/uploads\/sites\/23\/2023\/02\/IMG_7788_1445x-670x520.jpg 670w, https:\/\/wolt.demonstrer.es\/sl\/wp-content\/uploads\/sites\/23\/2023\/02\/IMG_7788_1445x.jpg 1236w\" sizes=\"auto, (max-width: 1024px) 100vw, 1024px\" \/><\/figure><div class=\"wp-block-media-text__content\">\n<h3 class=\"wp-block-heading\">KOLO \u2013 JESEN &amp; ZIMA<\/h3>\n\n\n\n<p>Da ti olaj\u0161amo naro\u010dilo tvoje prve Wolt opreme smo zate pripravili za\u010detni komplet za kolo, ki vsebuje: 1x torba za kolo, 2x majica s kratkimi rokavi, 1 x wolt jakna, 1X zimske jakna, 1x de\u017ene hla\u010de<\/p>\n\n\n\n<div class=\"wp-block-buttons is-layout-flex wp-block-buttons-is-layout-flex\">\n<div class=\"wp-block-button\"><a class=\"wp-block-button__link wp-element-button\" href=\"https:\/\/wolt.demonstrer.es\/sl\/produkt\/bike-autumn-winter\/\">Dodaj v ko\u0161arico<\/a><\/div>\n<\/div>\n<\/div><\/div>\n<\/div>\n\n\n\n<div class=\"wp-block-uagb-container uagb-block-264fd14b\">\n<div class=\"wp-block-media-text alignwide is-stacked-on-mobile is-style-stack-content\"><figure class=\"wp-block-media-text__media\"><img loading=\"lazy\" decoding=\"async\" width=\"1024\" height=\"855\" src=\"https:\/\/wolt.demonstrer.es\/sl\/wp-content\/uploads\/sites\/23\/2023\/02\/IMG_8184-1024x855.jpg\" alt=\"\" class=\"wp-image-740 size-large\" srcset=\"https:\/\/wolt.demonstrer.es\/sl\/wp-content\/uploads\/sites\/23\/2023\/02\/IMG_8184-1024x855.jpg 1024w, https:\/\/wolt.demonstrer.es\/sl\/wp-content\/uploads\/sites\/23\/2023\/02\/IMG_8184-300x250.jpg 300w, https:\/\/wolt.demonstrer.es\/sl\/wp-content\/uploads\/sites\/23\/2023\/02\/IMG_8184-768x641.jpg 768w, https:\/\/wolt.demonstrer.es\/sl\/wp-content\/uploads\/sites\/23\/2023\/02\/IMG_8184-600x501.jpg 600w, https:\/\/wolt.demonstrer.es\/sl\/wp-content\/uploads\/sites\/23\/2023\/02\/IMG_8184-64x53.jpg 64w, https:\/\/wolt.demonstrer.es\/sl\/wp-content\/uploads\/sites\/23\/2023\/02\/IMG_8184.jpg 1236w\" sizes=\"auto, (max-width: 1024px) 100vw, 1024px\" \/><\/figure><div class=\"wp-block-media-text__content\">\n<h3 class=\"wp-block-heading\">AVTO \u2013 JESEN &amp; ZIMA<\/h3>\n\n\n\n<p>Da ti olaj\u0161amo naro\u010dilo tvoje prve Wolt opreme smo zate pripravili za\u010detni komplet za avto, ki vsebuje: 2x torba za avto, 2x majica s kratkimi rokavi, 1 x wolt jakna, 1 x zimska jakna<\/p>\n\n\n\n<div class=\"wp-block-buttons is-layout-flex wp-block-buttons-is-layout-flex\">\n<div class=\"wp-block-button\"><a class=\"wp-block-button__link wp-element-button\" href=\"https:\/\/wolt.demonstrer.es\/sl\/produkt\/car-autumn-winter\/\">Dodaj v ko\u0161arico<\/a><\/div>\n<\/div>\n<\/div><\/div>\n<\/div>\n<\/div><\/div>\n\n\n\n<div class=\"wp-block-media-text alignwide has-media-on-the-right is-stacked-on-mobile\" style=\"margin-top:0;margin-right:0;margin-bottom:0;margin-left:0;grid-template-columns:auto 60%\"><div class=\"wp-block-media-text__content\">\n<h2 class=\"wp-block-heading has-xlarge-font-size\">NARO\u010cI SVOJO WOLT OPREMO<\/h2>\n\n\n\n<p class=\"has-lead-paragraph-font-size\">Wolt spletna trgovina ponuja raznovrstne izdelke, namenjene izbolj\u0161anju dostavljavske izku\u0161nje dostavnih partnerjev. Od ergonomskih nahrbtnikov, trpe\u017enih in izoliranih torb za dostavo in druge dodatne opreme &#8211; Oprema Wolt dostavnim partnerjem zagotavlja zanesljivo in u\u010dinkovito opremo, s katero lahko z lahkoto opravljajo svoje dostave.<\/p>\n\n\n\n<div class=\"wp-block-buttons is-layout-flex wp-block-buttons-is-layout-flex\">\n<div class=\"wp-block-button\"><a class=\"wp-block-button__link wp-element-button\" href=\"https:\/\/wolt.demonstrer.es\/sl\/produkt-kategori\/courier-gears\/\">Oglej si vso opremo<\/a><\/div>\n<\/div>\n<\/div><figure class=\"wp-block-media-text__media\"><a href=\"https:\/\/wolt.demonstrer.es\/sl\/produkt-kategori\/courier-gears\/\"><img loading=\"lazy\" decoding=\"async\" width=\"1024\" height=\"683\" src=\"https:\/\/wolt.demonstrer.es\/sl\/wp-content\/uploads\/sites\/23\/2023\/02\/wolt-gear-1024x683.jpg\" alt=\"\" class=\"wp-image-825 size-full\" srcset=\"https:\/\/wolt.demonstrer.es\/sl\/wp-content\/uploads\/sites\/23\/2023\/02\/wolt-gear-1024x683.jpg 1024w, https:\/\/wolt.demonstrer.es\/sl\/wp-content\/uploads\/sites\/23\/2023\/02\/wolt-gear-300x200.jpg 300w, https:\/\/wolt.demonstrer.es\/sl\/wp-content\/uploads\/sites\/23\/2023\/02\/wolt-gear-768x512.jpg 768w, https:\/\/wolt.demonstrer.es\/sl\/wp-content\/uploads\/sites\/23\/2023\/02\/wolt-gear-1536x1024.jpg 1536w, https:\/\/wolt.demonstrer.es\/sl\/wp-content\/uploads\/sites\/23\/2023\/02\/wolt-gear-2048x1366.jpg 2048w, https:\/\/wolt.demonstrer.es\/sl\/wp-content\/uploads\/sites\/23\/2023\/02\/wolt-gear-600x400.jpg 600w, https:\/\/wolt.demonstrer.es\/sl\/wp-content\/uploads\/sites\/23\/2023\/02\/wolt-gear-64x43.jpg 64w\" sizes=\"auto, (max-width: 1024px) 100vw, 1024px\" \/><\/a><\/figure><\/div>\n\n\n\n<h2 class=\"wp-block-heading has-text-align-center\"><\/h2>\n\n\n\n\n\n<h2 class=\"wp-block-heading has-text-align-center\">NOVICE<\/h2>\n\n\n\n<div class=\"wp-block-query is-content-justification-center is-layout-constrained wp-block-query-is-layout-constrained\"><ul class=\"columns-3 wp-block-post-template is-layout-grid wp-container-core-post-template-is-layout-f39bca43 wp-block-post-template-is-layout-grid\"><li class=\"wp-block-post post-1931 post type-post status-publish format-standard has-post-thumbnail hentry category-novice\">\n<div style=\"font-size:12px;font-style:normal;font-weight:600;text-decoration:none\" class=\"taxonomy-category wp-block-post-terms has-text-color has-white-color has-background has-black-background-color\"><a href=\"https:\/\/wolt.demonstrer.es\/sl\/category\/novice\/\" rel=\"tag\">Novice<\/a><\/div>\n\n<figure style=\"height:320px; margin-bottom:20px;\" class=\"wp-block-post-featured-image\"><img loading=\"lazy\" decoding=\"async\" width=\"480\" height=\"360\" src=\"https:\/\/wolt.demonstrer.es\/sl\/wp-content\/uploads\/sites\/23\/2023\/02\/Sustainability-at-Wolt-480x360.png\" class=\"attachment-post-thumbnail size-post-thumbnail wp-post-image\" alt=\"\" style=\"border-radius:14px;height:320px;object-fit:cover;\" \/><\/figure>\n\n<h3 style=\"font-size:22px;font-style:normal;font-weight:700;text-transform:none; padding-top:var(--wp--preset--spacing--20);padding-bottom:var(--wp--preset--spacing--20);\" class=\"wp-block-post-title\">UPORABA WOLT DOSTAVNE TORBE IN ZAGOTAVLJANJE HACCP STANDARDOV<\/h3>\n\n<div style=\"font-size:14px;line-height:1.5; margin-top:10px;\" class=\"wp-block-post-excerpt\"><p class=\"wp-block-post-excerpt__excerpt\">Lorem ipsum dolor sit amet consectetur adipiscing, elit praesent hendrerit.<\/p><p class=\"wp-block-post-excerpt__more-text\"><a class=\"wp-block-post-excerpt__more-link\" href=\"https:\/\/wolt.demonstrer.es\/sl\/news-post-3\/\">Preberi ve\u010d<\/a><\/p><\/div>\n<\/li><li class=\"wp-block-post post-1929 post type-post status-publish format-standard has-post-thumbnail hentry category-novice\">\n<div style=\"font-size:12px;font-style:normal;font-weight:600;text-decoration:none\" class=\"taxonomy-category wp-block-post-terms has-text-color has-white-color has-background has-black-background-color\"><a href=\"https:\/\/wolt.demonstrer.es\/sl\/category\/novice\/\" rel=\"tag\">Novice<\/a><\/div>\n\n<figure style=\"height:320px; margin-bottom:20px;\" class=\"wp-block-post-featured-image\"><img loading=\"lazy\" decoding=\"async\" width=\"480\" height=\"360\" src=\"https:\/\/wolt.demonstrer.es\/sl\/wp-content\/uploads\/sites\/23\/2023\/04\/EN_Aug22_woltconcept3_image_na_1200x628_1_zerodelivery-courier-edited-480x360.png\" class=\"attachment-post-thumbnail size-post-thumbnail wp-post-image\" alt=\"\" style=\"border-radius:14px;height:320px;object-fit:cover;\" srcset=\"https:\/\/wolt.demonstrer.es\/sl\/wp-content\/uploads\/sites\/23\/2023\/04\/EN_Aug22_woltconcept3_image_na_1200x628_1_zerodelivery-courier-edited-480x360.png 480w, https:\/\/wolt.demonstrer.es\/sl\/wp-content\/uploads\/sites\/23\/2023\/04\/EN_Aug22_woltconcept3_image_na_1200x628_1_zerodelivery-courier-edited-300x225.png 300w, https:\/\/wolt.demonstrer.es\/sl\/wp-content\/uploads\/sites\/23\/2023\/04\/EN_Aug22_woltconcept3_image_na_1200x628_1_zerodelivery-courier-edited-600x450.png 600w, https:\/\/wolt.demonstrer.es\/sl\/wp-content\/uploads\/sites\/23\/2023\/04\/EN_Aug22_woltconcept3_image_na_1200x628_1_zerodelivery-courier-edited-64x48.png 64w, https:\/\/wolt.demonstrer.es\/sl\/wp-content\/uploads\/sites\/23\/2023\/04\/EN_Aug22_woltconcept3_image_na_1200x628_1_zerodelivery-courier-edited.png 684w\" sizes=\"auto, (max-width: 480px) 100vw, 480px\" \/><\/figure>\n\n<h3 style=\"font-size:22px;font-style:normal;font-weight:700;text-transform:none; padding-top:var(--wp--preset--spacing--20);padding-bottom:var(--wp--preset--spacing--20);\" class=\"wp-block-post-title\">KAKO SESTAVIM WOLT DOSTAVNO TORBO?<\/h3>\n\n<div style=\"font-size:14px;line-height:1.5; margin-top:10px;\" class=\"wp-block-post-excerpt\"><p class=\"wp-block-post-excerpt__excerpt\">Lorem ipsum dolor sit amet consectetur adipiscing, elit praesent hendrerit.<\/p><p class=\"wp-block-post-excerpt__more-text\"><a class=\"wp-block-post-excerpt__more-link\" href=\"https:\/\/wolt.demonstrer.es\/sl\/news-post-2\/\">Preberi ve\u010d<\/a><\/p><\/div>\n<\/li><li class=\"wp-block-post post-1927 post type-post status-publish format-standard has-post-thumbnail hentry category-novice\">\n<div style=\"font-size:12px;font-style:normal;font-weight:600;text-decoration:none\" class=\"taxonomy-category wp-block-post-terms has-text-color has-white-color has-background has-black-background-color\"><a href=\"https:\/\/wolt.demonstrer.es\/sl\/category\/novice\/\" rel=\"tag\">Novice<\/a><\/div>\n\n<figure style=\"height:320px; margin-bottom:20px;\" class=\"wp-block-post-featured-image\"><img loading=\"lazy\" decoding=\"async\" width=\"480\" height=\"360\" src=\"https:\/\/wolt.demonstrer.es\/sl\/wp-content\/uploads\/sites\/23\/2023\/02\/Wolt-Drive-480x360.png\" class=\"attachment-post-thumbnail size-post-thumbnail wp-post-image\" alt=\"\" style=\"border-radius:14px;height:320px;object-fit:cover;\" \/><\/figure>\n\n<h3 style=\"font-size:22px;font-style:normal;font-weight:700;text-transform:none; padding-top:var(--wp--preset--spacing--20);padding-bottom:var(--wp--preset--spacing--20);\" class=\"wp-block-post-title\">KMALU BO VSE PRIPRAVLJENO ZA TVOJ ZA\u010cETEK<\/h3>\n\n<div style=\"font-size:14px;line-height:1.5; margin-top:10px;\" class=\"wp-block-post-excerpt\"><p class=\"wp-block-post-excerpt__excerpt\">Lorem ipsum dolor sit amet consectetur adipiscing, elit praesent hendrerit.<\/p><p class=\"wp-block-post-excerpt__more-text\"><a class=\"wp-block-post-excerpt__more-link\" href=\"https:\/\/wolt.demonstrer.es\/sl\/news-post-1\/\">Preberi ve\u010d<\/a><\/p><\/div>\n<\/li><\/ul><\/div>\n","protected":false},"excerpt":{"rendered":"<p>Za\u010detni paketi KOLO \u2013 POMLAD &amp; POLETJE Da ti olaj\u0161amo naro\u010dilo tvoje prve Wolt opreme smo zate pripravili za\u010detni komplet za kolo, ki vsebuje: 1x torba za kolo, 2x majica s kratkimi rokavi, 1 x wolt jakna, 1x de\u017ene hla\u010de AVTO \u2013 POMLAD &amp; POLETJE Da ti olaj\u0161amo naro\u010dilo tvoje prve Wolt opreme smo zate [&hellip;]<\/p>\n","protected":false},"author":1,"featured_media":0,"parent":0,"menu_order":0,"comment_status":"closed","ping_status":"closed","template":"","meta":{"_acf_changed":false,"_uag_custom_page_level_css":"","_editorskit_title_hidden":false,"_editorskit_reading_time":0,"_editorskit_is_block_options_detached":false,"_editorskit_block_options_position":"{}","site-sidebar-layout":"default","site-content-layout":"","ast-site-content-layout":"default","site-content-style":"default","site-sidebar-style":"default","ast-global-header-display":"","ast-banner-title-visibility":"","ast-main-header-display":"","ast-hfb-above-header-display":"","ast-hfb-below-header-display":"","ast-hfb-mobile-header-display":"","site-post-title":"disabled","ast-breadcrumbs-content":"","ast-featured-img":"","footer-sml-layout":"","theme-transparent-header-meta":"","adv-header-id-meta":"","stick-header-meta":"","header-above-stick-meta":"","header-main-stick-meta":"","header-below-stick-meta":"","astra-migrate-meta-layouts":"set","ast-page-background-enabled":"default","ast-page-background-meta":{"desktop":{"background-color":"var(--ast-global-color-4)","background-image":"","background-repeat":"repeat","background-position":"center center","background-size":"auto","background-attachment":"scroll","background-type":"","background-media":"","overlay-type":"","overlay-color":"","overlay-opacity":"","overlay-gradient":""},"tablet":{"background-color":"","background-image":"","background-repeat":"repeat","background-position":"center center","background-size":"auto","background-attachment":"scroll","background-type":"","background-media":"","overlay-type":"","overlay-color":"","overlay-opacity":"","overlay-gradient":""},"mobile":{"background-color":"","background-image":"","background-repeat":"repeat","background-position":"center center","background-size":"auto","background-attachment":"scroll","background-type":"","background-media":"","overlay-type":"","overlay-color":"","overlay-opacity":"","overlay-gradient":""}},"ast-content-background-meta":{"desktop":{"background-color":"var(--ast-global-color-5)","background-image":"","background-repeat":"repeat","background-position":"center center","background-size":"auto","background-attachment":"scroll","background-type":"","background-media":"","overlay-type":"","overlay-color":"","overlay-opacity":"","overlay-gradient":""},"tablet":{"background-color":"var(--ast-global-color-5)","background-image":"","background-repeat":"repeat","background-position":"center center","background-size":"auto","background-attachment":"scroll","background-type":"","background-media":"","overlay-type":"","overlay-color":"","overlay-opacity":"","overlay-gradient":""},"mobile":{"background-color":"var(--ast-global-color-5)","background-image":"","background-repeat":"repeat","background-position":"center center","background-size":"auto","background-attachment":"scroll","background-type":"","background-media":"","overlay-type":"","overlay-color":"","overlay-opacity":"","overlay-gradient":""}},"footnotes":""},"class_list":["post-823","page","type-page","status-publish","hentry"],"acf":[],"uagb_featured_image_src":{"full":false,"thumbnail":false,"medium":false,"medium_large":false,"large":false,"1536x1536":false,"2048x2048":false,"post-thumbnail":false,"gform-image-choice-sm":false,"gform-image-choice-md":false,"gform-image-choice-lg":false,"woocommerce_thumbnail":false,"woocommerce_single":false,"woocommerce_gallery_thumbnail":false,"dgwt-wcas-product-suggestion":false},"uagb_author_info":{"display_name":"maksimer","author_link":"https:\/\/wolt.demonstrer.es\/sl\/author\/maksimer\/"},"uagb_comment_info":0,"uagb_excerpt":"Za\u010detni paketi KOLO \u2013 POMLAD &amp; POLETJE Da ti olaj\u0161amo naro\u010dilo tvoje prve Wolt opreme smo zate pripravili za\u010detni komplet za kolo, ki vsebuje: 1x torba za kolo, 2x majica s kratkimi rokavi, 1 x wolt jakna, 1x de\u017ene hla\u010de AVTO \u2013 POMLAD &amp; POLETJE Da ti olaj\u0161amo naro\u010dilo tvoje prve Wolt opreme smo zate&hellip;","_links":{"self":[{"href":"https:\/\/wolt.demonstrer.es\/sl\/wp-json\/wp\/v2\/pages\/823","targetHints":{"allow":["GET"]}}],"collection":[{"href":"https:\/\/wolt.demonstrer.es\/sl\/wp-json\/wp\/v2\/pages"}],"about":[{"href":"https:\/\/wolt.demonstrer.es\/sl\/wp-json\/wp\/v2\/types\/page"}],"author":[{"embeddable":true,"href":"https:\/\/wolt.demonstrer.es\/sl\/wp-json\/wp\/v2\/users\/1"}],"replies":[{"embeddable":true,"href":"https:\/\/wolt.demonstrer.es\/sl\/wp-json\/wp\/v2\/comments?post=823"}],"version-history":[{"count":3,"href":"https:\/\/wolt.demonstrer.es\/sl\/wp-json\/wp\/v2\/pages\/823\/revisions"}],"predecessor-version":[{"id":8007,"href":"https:\/\/wolt.demonstrer.es\/sl\/wp-json\/wp\/v2\/pages\/823\/revisions\/8007"}],"wp:attachment":[{"href":"https:\/\/wolt.demonstrer.es\/sl\/wp-json\/wp\/v2\/media?parent=823"}],"curies":[{"name":"wp","href":"https:\/\/api.w.org\/{rel}","templated":true}]}}