{"id":823,"date":"2023-02-20T18:13:44","date_gmt":"2023-02-20T17:13:44","guid":{"rendered":"https:\/\/wolt.demonstrer.es\/svk\/?page_id=823"},"modified":"2025-02-05T18:19:27","modified_gmt":"2025-02-05T17:19:27","slug":"gear","status":"publish","type":"page","link":"https:\/\/wolt.demonstrer.es\/svk\/","title":{"rendered":"Kuri\u00e9rska V\u00fdbava"},"content":{"rendered":"\n<div class=\"wp-block-cover alignfull is-light has-custom-content-position is-position-center-right is-style-banner\"><span aria-hidden=\"true\" class=\"wp-block-cover__background has-background-dim-0 has-background-dim\"><\/span><video class=\"wp-block-cover__video-background intrinsic-ignore\" autoplay muted loop playsinline src=\"https:\/\/wolt.demonstrer.es\/svk\/wp-content\/uploads\/sites\/39\/2023\/02\/4a-PizzaDeliveryOutside.mp4\" data-object-fit=\"cover\"><\/video><div class=\"wp-block-cover__inner-container is-layout-flow wp-block-cover-is-layout-flow\">\n<h1 class=\"wp-block-heading has-text-align-left has-white-color has-text-color has-link-color has-huge-font-size wp-elements-523d0b1c5e0b711ac22749ca4bf01887\">Objednaj si svoju wolt v\u00fdbavu<\/h1>\n\n\n\n<div class=\"wp-block-buttons is-layout-flex wp-block-buttons-is-layout-flex\">\n<div class=\"wp-block-button\"><a class=\"wp-block-button__link has-white-color has-primary-background-color has-text-color has-background wp-element-button\" href=\"https:\/\/wolt.demonstrer.es\/svk\/produkt-kategori\/courier-gears\/\">\u00cds\u0165 do obchodu<\/a><\/div>\n\n\n\n<div class=\"wp-block-button\"><a class=\"wp-block-button__link has-white-color has-black-background-color has-text-color has-background wp-element-button\" href=\"https:\/\/wolt.demonstrer.es\/svk\/contact\/\">Kontaktuj n\u00e1s<\/a><\/div>\n<\/div>\n<\/div><\/div>\n\n\n\n<div class=\"wp-block-uagb-container uagb-block-b559d690 alignwide uagb-is-root-container\">\n<div class=\"wp-block-uagb-container uagb-block-297d210c\">\n<div class=\"wp-block-uagb-info-box uagb-block-68cabe9e uagb-infobox__content-wrap  uagb-infobox-icon-left uagb-infobox-left uagb-infobox-stacked-tablet uagb-infobox-image-valign-middle usp\"><div class=\"uagb-ifb-image-content\"><img decoding=\"async\" src=\"https:\/\/wolt.demonstrer.es\/svk\/wp-content\/uploads\/sites\/39\/2023\/02\/Frame-3.svg\" alt=\"\" width=\"42\" height=\"45\" loading=\"lazy\"\/><\/div><div class=\"uagb-ifb-content\"><div class=\"uagb-ifb-title-wrap\"><h3 class=\"uagb-ifb-title\">Bezplatn\u00e9 doru\u010denie<\/h3><\/div><p class=\"uagb-ifb-desc\">na v\u0161etko <\/p><\/div><\/div>\n<\/div>\n\n\n\n<div class=\"wp-block-uagb-container uagb-block-fa570e35\">\n<div class=\"wp-block-uagb-info-box uagb-block-146d830b uagb-infobox__content-wrap  uagb-infobox-icon-left uagb-infobox-left uagb-infobox-stacked-tablet uagb-infobox-image-valign-middle usp\"><div class=\"uagb-ifb-image-content\"><img decoding=\"async\" src=\"https:\/\/wolt.demonstrer.es\/svk\/wp-content\/uploads\/sites\/39\/2023\/02\/affordability-icon.svg\" alt=\"\" width=\"42\" height=\"42\" loading=\"lazy\"\/><\/div><div class=\"uagb-ifb-content\"><div class=\"uagb-ifb-title-wrap\"><h3 class=\"uagb-ifb-title\">Cenovo dostupn\u00e9<\/h3><\/div><p class=\"uagb-ifb-desc\">pre v\u0161etk\u00fdch<\/p><\/div><\/div>\n<\/div>\n\n\n\n<div class=\"wp-block-uagb-container uagb-block-f9e2be3a\">\n<div class=\"wp-block-uagb-info-box uagb-block-2af3152e uagb-infobox__content-wrap  uagb-infobox-icon-left uagb-infobox-left uagb-infobox-stacked-tablet uagb-infobox-image-valign-middle usp\"><div class=\"uagb-ifb-image-content\"><img decoding=\"async\" src=\"https:\/\/wolt.demonstrer.es\/svk\/wp-content\/uploads\/sites\/39\/2023\/05\/5229733-150x150.png\" alt=\"\" width=\"42\" height=\"42\" loading=\"lazy\"\/><\/div><div class=\"uagb-ifb-content\"><div class=\"uagb-ifb-title-wrap\"><h3 class=\"uagb-ifb-title\">Udr\u017eate\u013en\u00e9<\/h3><\/div><p class=\"uagb-ifb-desc\">k na\u0161ej pr\u00edrode<\/p><\/div><\/div>\n<\/div>\n\n\n\n<div class=\"wp-block-uagb-container uagb-block-df2b4ce1\">\n<div class=\"wp-block-uagb-info-box uagb-block-32709387 uagb-infobox__content-wrap  uagb-infobox-icon-left uagb-infobox-left uagb-infobox-stacked-tablet uagb-infobox-image-valign-middle usp\"><div class=\"uagb-ifb-image-content\"><img decoding=\"async\" src=\"https:\/\/wolt.demonstrer.es\/svk\/wp-content\/uploads\/sites\/39\/2023\/05\/trust-icon-design-free-vector-150x150.jpg\" alt=\"\" width=\"42\" height=\"42\" loading=\"lazy\"\/><\/div><div class=\"uagb-ifb-content\"><div class=\"uagb-ifb-title-wrap\"><h3 class=\"uagb-ifb-title\">D\u00f4veryhodn\u00e1 zna\u010dka<\/h3><\/div><p class=\"uagb-ifb-desc\">z\u00e1ruka kvality<\/p><\/div><\/div>\n<\/div>\n<\/div>\n\n\n\n<div class=\"wp-block-uagb-container uagb-block-40d569d7 alignfull uagb-is-root-container\"><div class=\"uagb-container-inner-blocks-wrap\">\n<div class=\"wp-block-uagb-container uagb-block-8a81a03c\">\n<h2 class=\"wp-block-heading has-text-align-center\">Z\u00e1kladn\u00e9 b\u00e1liky<\/h2>\n<\/div>\n\n\n\n<div class=\"wp-block-uagb-container uagb-block-9bf98520\">\n<div class=\"wp-block-media-text alignwide is-stacked-on-mobile is-style-stack-content\"><figure class=\"wp-block-media-text__media\"><img loading=\"lazy\" decoding=\"async\" width=\"1024\" height=\"795\" src=\"https:\/\/wolt.demonstrer.es\/svk\/wp-content\/uploads\/sites\/39\/2023\/02\/IMG_7788_1445x-1024x795.jpg\" alt=\"\" class=\"wp-image-741 size-large\" srcset=\"https:\/\/wolt.demonstrer.es\/svk\/wp-content\/uploads\/sites\/39\/2023\/02\/IMG_7788_1445x-1024x795.jpg 1024w, https:\/\/wolt.demonstrer.es\/svk\/wp-content\/uploads\/sites\/39\/2023\/02\/IMG_7788_1445x-300x233.jpg 300w, https:\/\/wolt.demonstrer.es\/svk\/wp-content\/uploads\/sites\/39\/2023\/02\/IMG_7788_1445x-768x597.jpg 768w, https:\/\/wolt.demonstrer.es\/svk\/wp-content\/uploads\/sites\/39\/2023\/02\/IMG_7788_1445x-600x466.jpg 600w, https:\/\/wolt.demonstrer.es\/svk\/wp-content\/uploads\/sites\/39\/2023\/02\/IMG_7788_1445x-64x50.jpg 64w, https:\/\/wolt.demonstrer.es\/svk\/wp-content\/uploads\/sites\/39\/2023\/02\/IMG_7788_1445x-670x520.jpg 670w, https:\/\/wolt.demonstrer.es\/svk\/wp-content\/uploads\/sites\/39\/2023\/02\/IMG_7788_1445x.jpg 1236w\" sizes=\"auto, (max-width: 1024px) 100vw, 1024px\" \/><\/figure><div class=\"wp-block-media-text__content\">\n<h3 class=\"wp-block-heading\">V\u00fdbava na bicykel\/motorku<\/h3>\n\n\n\n<p>Aby sme v\u00e1m u\u013eah\u010dili objedn\u00e1vanie va\u0161ej prvej Wolt v\u00fdbavy, pripravili sme pre v\u00e1s \u0161tartovac\u00ed bal\u00edk, ktor\u00fd obsahuje: 1x batoh na bicykel\/motorku, 2x chladiaci g\u00e9l a molitan do batohu. <\/p>\n\n\n\n<div class=\"wp-block-buttons is-layout-flex wp-block-buttons-is-layout-flex\">\n<div class=\"wp-block-button\"><a class=\"wp-block-button__link wp-element-button\" href=\"https:\/\/wolt.demonstrer.es\/svk\/produkt\/bike-autumn-winter\/\">Do ko\u0161\u00edka<\/a><\/div>\n<\/div>\n<\/div><\/div>\n<\/div>\n\n\n\n<div class=\"wp-block-uagb-container uagb-block-264fd14b\">\n<div class=\"wp-block-media-text alignwide is-stacked-on-mobile is-style-stack-content\"><figure class=\"wp-block-media-text__media\"><img loading=\"lazy\" decoding=\"async\" width=\"1024\" height=\"855\" src=\"https:\/\/wolt.demonstrer.es\/svk\/wp-content\/uploads\/sites\/39\/2023\/02\/IMG_8184-1024x855.jpg\" alt=\"\" class=\"wp-image-740 size-large\" srcset=\"https:\/\/wolt.demonstrer.es\/svk\/wp-content\/uploads\/sites\/39\/2023\/02\/IMG_8184-1024x855.jpg 1024w, https:\/\/wolt.demonstrer.es\/svk\/wp-content\/uploads\/sites\/39\/2023\/02\/IMG_8184-300x250.jpg 300w, https:\/\/wolt.demonstrer.es\/svk\/wp-content\/uploads\/sites\/39\/2023\/02\/IMG_8184-768x641.jpg 768w, https:\/\/wolt.demonstrer.es\/svk\/wp-content\/uploads\/sites\/39\/2023\/02\/IMG_8184-600x501.jpg 600w, https:\/\/wolt.demonstrer.es\/svk\/wp-content\/uploads\/sites\/39\/2023\/02\/IMG_8184-64x53.jpg 64w, https:\/\/wolt.demonstrer.es\/svk\/wp-content\/uploads\/sites\/39\/2023\/02\/IMG_8184.jpg 1236w\" sizes=\"auto, (max-width: 1024px) 100vw, 1024px\" \/><\/figure><div class=\"wp-block-media-text__content\">\n<h3 class=\"wp-block-heading\">V\u00fdbava na auto <\/h3>\n\n\n\n<p>Aby sme v\u00e1m u\u013eah\u010dili objedn\u00e1vku va\u0161ej prvej Wolt v\u00fdbavy, pripravili sme pre v\u00e1s \u0161tartovac\u00ed bal\u00edk do auta, ktor\u00e1 obsahuje: 2x termota\u0161ku do auta, 2x chladiaci g\u00e9l a kartu z\u00e1sobovanie. <\/p>\n\n\n\n<div class=\"wp-block-buttons is-layout-flex wp-block-buttons-is-layout-flex\">\n<div class=\"wp-block-button\"><a class=\"wp-block-button__link wp-element-button\" href=\"https:\/\/wolt.demonstrer.es\/svk\/produkt\/car-autumn-winter\/\">Do ko\u0161\u00edka<\/a><\/div>\n<\/div>\n<\/div><\/div>\n<\/div>\n<\/div><\/div>\n\n\n\n<div class=\"wp-block-media-text alignwide has-media-on-the-right is-stacked-on-mobile\" style=\"margin-top:0;margin-right:0;margin-bottom:0;margin-left:0;grid-template-columns:auto 60%\"><div class=\"wp-block-media-text__content\">\n<h2 class=\"wp-block-heading has-xlarge-font-size\">Objednajte si svoju Wolt v\u00fdbavu<\/h2>\n\n\n\n<p class=\"has-lead-paragraph-font-size\">Internetov\u00fd obchod spolo\u010dnosti Wolt pon\u00faka r\u00f4zne produkty ur\u010den\u00e9 na zlep\u0161enie doru\u010dovania pre na\u0161ich partnersk\u00fdch kuri\u00e9rov. Od ergonomick\u00fdch batohov, odoln\u00fdch a izolovan\u00fdch doru\u010dovac\u00edch ta\u0161iek a \u010fal\u0161ieho pr\u00edslu\u0161enstva, poskytuje na\u0161im kuri\u00e9rskym partnerom spo\u013eahliv\u00e9 a efekt\u00edvne vybavenie na jednoduch\u00e9 doru\u010dovanie.<\/p>\n\n\n\n<div class=\"wp-block-buttons is-layout-flex wp-block-buttons-is-layout-flex\">\n<div class=\"wp-block-button\"><a class=\"wp-block-button__link wp-element-button\" href=\"https:\/\/wolt.demonstrer.es\/svk\/produkt-kategori\/courier-gears\/\">Pozri si v\u0161etky na\u0161e produkty<\/a><\/div>\n<\/div>\n<\/div><figure class=\"wp-block-media-text__media\"><a href=\"https:\/\/wolt.demonstrer.es\/svk\/produkt-kategori\/courier-gears\/\"><img loading=\"lazy\" decoding=\"async\" width=\"1024\" height=\"683\" src=\"https:\/\/wolt.demonstrer.es\/svk\/wp-content\/uploads\/sites\/39\/2023\/02\/wolt-gear-1024x683.jpg\" alt=\"\" class=\"wp-image-825 size-full\" srcset=\"https:\/\/wolt.demonstrer.es\/svk\/wp-content\/uploads\/sites\/39\/2023\/02\/wolt-gear-1024x683.jpg 1024w, https:\/\/wolt.demonstrer.es\/svk\/wp-content\/uploads\/sites\/39\/2023\/02\/wolt-gear-300x200.jpg 300w, https:\/\/wolt.demonstrer.es\/svk\/wp-content\/uploads\/sites\/39\/2023\/02\/wolt-gear-768x512.jpg 768w, https:\/\/wolt.demonstrer.es\/svk\/wp-content\/uploads\/sites\/39\/2023\/02\/wolt-gear-1536x1024.jpg 1536w, https:\/\/wolt.demonstrer.es\/svk\/wp-content\/uploads\/sites\/39\/2023\/02\/wolt-gear-2048x1366.jpg 2048w, https:\/\/wolt.demonstrer.es\/svk\/wp-content\/uploads\/sites\/39\/2023\/02\/wolt-gear-600x400.jpg 600w, https:\/\/wolt.demonstrer.es\/svk\/wp-content\/uploads\/sites\/39\/2023\/02\/wolt-gear-64x43.jpg 64w\" sizes=\"auto, (max-width: 1024px) 100vw, 1024px\" \/><\/a><\/figure><\/div>\n\n\n\n<h2 class=\"wp-block-heading has-text-align-center\">Produkty<\/h2>\n\n\n\n\n\n<h2 class=\"wp-block-heading has-text-align-center\">NOVInky<\/h2>\n\n\n\n<div class=\"wp-block-query is-content-justification-center is-layout-constrained wp-block-query-is-layout-constrained\"><\/div>\n","protected":false},"excerpt":{"rendered":"<p>Z\u00e1kladn\u00e9 b\u00e1liky V\u00fdbava na bicykel\/motorku Aby sme v\u00e1m u\u013eah\u010dili objedn\u00e1vanie va\u0161ej prvej Wolt v\u00fdbavy, pripravili sme pre v\u00e1s \u0161tartovac\u00ed bal\u00edk, ktor\u00fd obsahuje: 1x batoh na bicykel\/motorku, 2x chladiaci g\u00e9l a molitan do batohu. V\u00fdbava na auto Aby sme v\u00e1m u\u013eah\u010dili objedn\u00e1vku va\u0161ej prvej Wolt v\u00fdbavy, pripravili sme pre v\u00e1s \u0161tartovac\u00ed bal\u00edk do auta, ktor\u00e1 obsahuje: [&hellip;]<\/p>\n","protected":false},"author":1,"featured_media":0,"parent":0,"menu_order":0,"comment_status":"closed","ping_status":"closed","template":"","meta":{"_acf_changed":false,"_uag_custom_page_level_css":"","_editorskit_title_hidden":false,"_editorskit_reading_time":0,"_editorskit_is_block_options_detached":false,"_editorskit_block_options_position":"{}","site-sidebar-layout":"default","site-content-layout":"","ast-site-content-layout":"default","site-content-style":"default","site-sidebar-style":"default","ast-global-header-display":"","ast-banner-title-visibility":"","ast-main-header-display":"","ast-hfb-above-header-display":"","ast-hfb-below-header-display":"","ast-hfb-mobile-header-display":"","site-post-title":"disabled","ast-breadcrumbs-content":"","ast-featured-img":"","footer-sml-layout":"","theme-transparent-header-meta":"","adv-header-id-meta":"","stick-header-meta":"","header-above-stick-meta":"","header-main-stick-meta":"","header-below-stick-meta":"","astra-migrate-meta-layouts":"set","ast-page-background-enabled":"default","ast-page-background-meta":{"desktop":{"background-color":"var(--ast-global-color-4)","background-image":"","background-repeat":"repeat","background-position":"center center","background-size":"auto","background-attachment":"scroll","background-type":"","background-media":"","overlay-type":"","overlay-color":"","overlay-opacity":"","overlay-gradient":""},"tablet":{"background-color":"","background-image":"","background-repeat":"repeat","background-position":"center center","background-size":"auto","background-attachment":"scroll","background-type":"","background-media":"","overlay-type":"","overlay-color":"","overlay-opacity":"","overlay-gradient":""},"mobile":{"background-color":"","background-image":"","background-repeat":"repeat","background-position":"center center","background-size":"auto","background-attachment":"scroll","background-type":"","background-media":"","overlay-type":"","overlay-color":"","overlay-opacity":"","overlay-gradient":""}},"ast-content-background-meta":{"desktop":{"background-color":"var(--ast-global-color-5)","background-image":"","background-repeat":"repeat","background-position":"center center","background-size":"auto","background-attachment":"scroll","background-type":"","background-media":"","overlay-type":"","overlay-color":"","overlay-opacity":"","overlay-gradient":""},"tablet":{"background-color":"var(--ast-global-color-5)","background-image":"","background-repeat":"repeat","background-position":"center center","background-size":"auto","background-attachment":"scroll","background-type":"","background-media":"","overlay-type":"","overlay-color":"","overlay-opacity":"","overlay-gradient":""},"mobile":{"background-color":"var(--ast-global-color-5)","background-image":"","background-repeat":"repeat","background-position":"center center","background-size":"auto","background-attachment":"scroll","background-type":"","background-media":"","overlay-type":"","overlay-color":"","overlay-opacity":"","overlay-gradient":""}},"footnotes":""},"class_list":["post-823","page","type-page","status-publish","hentry"],"acf":[],"uagb_featured_image_src":{"full":false,"thumbnail":false,"medium":false,"medium_large":false,"large":false,"1536x1536":false,"2048x2048":false,"post-thumbnail":false,"gform-image-choice-sm":false,"gform-image-choice-md":false,"gform-image-choice-lg":false,"woocommerce_thumbnail":false,"woocommerce_single":false,"woocommerce_gallery_thumbnail":false,"dgwt-wcas-product-suggestion":false},"uagb_author_info":{"display_name":"maksimer","author_link":"https:\/\/wolt.demonstrer.es\/svk\/author\/maksimer\/"},"uagb_comment_info":0,"uagb_excerpt":"Z\u00e1kladn\u00e9 b\u00e1liky V\u00fdbava na bicykel\/motorku Aby sme v\u00e1m u\u013eah\u010dili objedn\u00e1vanie va\u0161ej prvej Wolt v\u00fdbavy, pripravili sme pre v\u00e1s \u0161tartovac\u00ed bal\u00edk, ktor\u00fd obsahuje: 1x batoh na bicykel\/motorku, 2x chladiaci g\u00e9l a molitan do batohu. V\u00fdbava na auto Aby sme v\u00e1m u\u013eah\u010dili objedn\u00e1vku va\u0161ej prvej Wolt v\u00fdbavy, pripravili sme pre v\u00e1s \u0161tartovac\u00ed bal\u00edk do auta, ktor\u00e1 obsahuje:&hellip;","_links":{"self":[{"href":"https:\/\/wolt.demonstrer.es\/svk\/wp-json\/wp\/v2\/pages\/823","targetHints":{"allow":["GET"]}}],"collection":[{"href":"https:\/\/wolt.demonstrer.es\/svk\/wp-json\/wp\/v2\/pages"}],"about":[{"href":"https:\/\/wolt.demonstrer.es\/svk\/wp-json\/wp\/v2\/types\/page"}],"author":[{"embeddable":true,"href":"https:\/\/wolt.demonstrer.es\/svk\/wp-json\/wp\/v2\/users\/1"}],"replies":[{"embeddable":true,"href":"https:\/\/wolt.demonstrer.es\/svk\/wp-json\/wp\/v2\/comments?post=823"}],"version-history":[{"count":3,"href":"https:\/\/wolt.demonstrer.es\/svk\/wp-json\/wp\/v2\/pages\/823\/revisions"}],"predecessor-version":[{"id":3071,"href":"https:\/\/wolt.demonstrer.es\/svk\/wp-json\/wp\/v2\/pages\/823\/revisions\/3071"}],"wp:attachment":[{"href":"https:\/\/wolt.demonstrer.es\/svk\/wp-json\/wp\/v2\/media?parent=823"}],"curies":[{"name":"wp","href":"https:\/\/api.w.org\/{rel}","templated":true}]}}